{"id":59740,"date":"2024-02-15T10:48:43","date_gmt":"2024-09-13T16:02:02","guid":{"rendered":"https:\/\/staging.nbg.eu\/product\/geissele-maritime-bolt-catch\/"},"modified":"2024-09-13T16:02:53","modified_gmt":"2024-09-13T16:02:53","slug":"geissele-jurinis-uzrakto-fiksatorius","status":"publish","type":"product","link":"https:\/\/staging.nbg.eu\/lt\/produktas\/geissele-jurinis-uzrakto-fiksatorius\/","title":{"rendered":"Geissele J\u016brinis U\u017erakto Fiksatorius"},"content":{"rendered":"<p>\nGeissele Maritime skl\u0105sties fiksatorius pagerina AR-15 funkcionalum\u0105:<\/p>\n<ul>\n<li>Suderinamas su karin\u0117s specifikacijos M16\/M4 apatiniais imtuvais<\/li>\n<li>Padidintas pavir\u0161iaus plotas lengvesniam naudojimui<\/li>\n<li>Prailginti valdikliai kairiarankiams \u0161auliams<\/li>\n<li>Grubl\u0117tas pavir\u0161ius geresniam sukibimui<\/li>\n<li>Tinka naudoti su pir\u0161tin\u0117mis arba prasto ap\u0161vietimo s\u0105lygomis<\/li>\n<\/ul>\n<p>Patobulinkite savo \u0161autuv\u0105 \u0161iuo skl\u0105sties fiksatoriumi.<\/p>\n","protected":false},"excerpt":{"rendered":"<p>Patobulintas spynos fiksatorius su didesniu pavir\u0161iumi lengvesniam naudojimui.<\/p>\n","protected":false},"featured_media":59741,"template":"","meta":{"_acf_changed":false},"product_brand":[11386],"product_cat":[13741,13690],"product_tag":[],"class_list":{"0":"post-59740","1":"product","2":"type-product","3":"status-publish","4":"has-post-thumbnail","6":"product_brand-geissele","7":"product_cat-sautuvas","8":"product_cat-sautuvo-derinimas","10":"first","11":"instock","12":"taxable","13":"shipping-taxable","14":"product-type-simple"},"acf":[],"_links":{"self":[{"href":"https:\/\/staging.nbg.eu\/lt\/wp-json\/wp\/v2\/product\/59740","targetHints":{"allow":["GET"]}}],"collection":[{"href":"https:\/\/staging.nbg.eu\/lt\/wp-json\/wp\/v2\/product"}],"about":[{"href":"https:\/\/staging.nbg.eu\/lt\/wp-json\/wp\/v2\/types\/product"}],"wp:featuredmedia":[{"embeddable":true,"href":"https:\/\/staging.nbg.eu\/lt\/wp-json\/wp\/v2\/media\/59741"}],"wp:attachment":[{"href":"https:\/\/staging.nbg.eu\/lt\/wp-json\/wp\/v2\/media?parent=59740"}],"wp:term":[{"taxonomy":"product_brand","embeddable":true,"href":"https:\/\/staging.nbg.eu\/lt\/wp-json\/wp\/v2\/product_brand?post=59740"},{"taxonomy":"product_cat","embeddable":true,"href":"https:\/\/staging.nbg.eu\/lt\/wp-json\/wp\/v2\/product_cat?post=59740"},{"taxonomy":"product_tag","embeddable":true,"href":"https:\/\/staging.nbg.eu\/lt\/wp-json\/wp\/v2\/product_tag?post=59740"}],"curies":[{"name":"wp","href":"https:\/\/api.w.org\/{rel}","templated":true}]}}