{"id":59548,"date":"2024-02-15T11:08:39","date_gmt":"2024-09-13T15:58:17","guid":{"rendered":"https:\/\/staging.nbg.eu\/product\/geissele-picatinny-rail-for-m-lok-7-slots\/"},"modified":"2024-09-13T15:59:14","modified_gmt":"2024-09-13T15:59:14","slug":"geissele-picatinny-begelis-m-lok-sistemai-7-angos","status":"publish","type":"product","link":"https:\/\/staging.nbg.eu\/lt\/produktas\/geissele-picatinny-begelis-m-lok-sistemai-7-angos\/","title":{"rendered":"Geissele Picatinny B\u0117gelis M-LOK sistemai, 7 Angos"},"content":{"rendered":"<div class=\"product-description\">\n<h2>Geissele Picatinny b\u0117gelis M-LOK sistemai, 7 angos<\/h2>\n<p>Geissele Picatinny pried\u0173 b\u0117gelis skirtas AR-15. \u0160is 7 ang\u0173 b\u0117gelis pagamintas i\u0161 7075-T6 aliuminio su anodizuota danga. Jis leid\u017eia prijungti \u012fvairius priedus. B\u0117gelis atitinka tikslius matmenis ir yra skirtas M-LOK rankenos sistemai.<\/p>\n<\/div>\n","protected":false},"excerpt":{"rendered":"<p>Tikslus 7 ang\u0173 \u201ePicatinny&#8221; b\u0117gelis, skirtas M-LOK sistemai. Saugus AR-15 pried\u0173 tvirtinimas.<\/p>\n","protected":false},"featured_media":59549,"template":"","meta":{"_acf_changed":false},"product_brand":[11386],"product_cat":[13689,13741],"product_tag":[],"class_list":{"0":"post-59548","1":"product","2":"type-product","3":"status-publish","4":"has-post-thumbnail","6":"product_brand-geissele","7":"product_cat-begiai","8":"product_cat-sautuvas","10":"first","11":"instock","12":"taxable","13":"shipping-taxable","14":"product-type-variable","15":"wvs-archive-product-wrapper"},"acf":[],"_links":{"self":[{"href":"https:\/\/staging.nbg.eu\/lt\/wp-json\/wp\/v2\/product\/59548","targetHints":{"allow":["GET"]}}],"collection":[{"href":"https:\/\/staging.nbg.eu\/lt\/wp-json\/wp\/v2\/product"}],"about":[{"href":"https:\/\/staging.nbg.eu\/lt\/wp-json\/wp\/v2\/types\/product"}],"wp:featuredmedia":[{"embeddable":true,"href":"https:\/\/staging.nbg.eu\/lt\/wp-json\/wp\/v2\/media\/59549"}],"wp:attachment":[{"href":"https:\/\/staging.nbg.eu\/lt\/wp-json\/wp\/v2\/media?parent=59548"}],"wp:term":[{"taxonomy":"product_brand","embeddable":true,"href":"https:\/\/staging.nbg.eu\/lt\/wp-json\/wp\/v2\/product_brand?post=59548"},{"taxonomy":"product_cat","embeddable":true,"href":"https:\/\/staging.nbg.eu\/lt\/wp-json\/wp\/v2\/product_cat?post=59548"},{"taxonomy":"product_tag","embeddable":true,"href":"https:\/\/staging.nbg.eu\/lt\/wp-json\/wp\/v2\/product_tag?post=59548"}],"curies":[{"name":"wp","href":"https:\/\/api.w.org\/{rel}","templated":true}]}}