{"id":59170,"date":"2024-02-15T11:15:35","date_gmt":"2024-09-13T15:20:24","guid":{"rendered":"https:\/\/staging.nbg.eu\/product\/geissele-rail-panels-black-ddc\/"},"modified":"2024-09-13T15:21:22","modified_gmt":"2024-09-13T15:21:22","slug":"geissele-begelio-ploksteles-juodosddc","status":"publish","type":"product","link":"https:\/\/staging.nbg.eu\/lt\/produktas\/geissele-begelio-ploksteles-juodosddc\/","title":{"rendered":"Geissele B\u0117gelio Plok\u0161tel\u0117s (Juodos\/DDC)"},"content":{"rendered":"<div class=\"product-description\">\n<h2>Geissele M-Lok B\u0117gelio Plok\u0161tel\u0117s (Juodos\/DDC)<\/h2>\n<p>Geissele M-Lok b\u0117gelio plok\u0161tel\u0117s URGI b\u0117geliui. Savyb\u0117s:<\/p>\n<ul>\n<li>Tekst\u016bruotas pavir\u0161ius geresniam sukibimui<\/li>\n<li>Pagaminta i\u0161 gynybos klas\u0117s polimero<\/li>\n<li>Atspari intensyviam naudojimui<\/li>\n<li>Apsaugo nuo kar\u0161\u010dio<\/li>\n<li>Galimos juodos ir DDC spalvos<\/li>\n<\/ul>\n<p>\u0160ios b\u0117gelio plok\u0161tel\u0117s pagerina ginklo valdym\u0105 ir apsaugo rankas.<\/p>\n<\/div>\n","protected":false},"excerpt":{"rendered":"<p>Patvar\u016bs, tekst\u016bruoti M-LOK b\u0117geli\u0173 skydeliai, u\u017etikrinantys geresn\u012f sukibim\u0105 ir apsaug\u0105 nuo kar\u0161\u010dio.<\/p>\n","protected":false},"featured_media":59171,"template":"","meta":{"_acf_changed":false},"product_brand":[11386],"product_cat":[13689,13741],"product_tag":[],"class_list":{"0":"post-59170","1":"product","2":"type-product","3":"status-publish","4":"has-post-thumbnail","6":"product_brand-geissele","7":"product_cat-begiai","8":"product_cat-sautuvas","10":"first","11":"instock","12":"taxable","13":"shipping-taxable","14":"product-type-variable","15":"wvs-archive-product-wrapper"},"acf":[],"_links":{"self":[{"href":"https:\/\/staging.nbg.eu\/lt\/wp-json\/wp\/v2\/product\/59170","targetHints":{"allow":["GET"]}}],"collection":[{"href":"https:\/\/staging.nbg.eu\/lt\/wp-json\/wp\/v2\/product"}],"about":[{"href":"https:\/\/staging.nbg.eu\/lt\/wp-json\/wp\/v2\/types\/product"}],"wp:featuredmedia":[{"embeddable":true,"href":"https:\/\/staging.nbg.eu\/lt\/wp-json\/wp\/v2\/media\/59171"}],"wp:attachment":[{"href":"https:\/\/staging.nbg.eu\/lt\/wp-json\/wp\/v2\/media?parent=59170"}],"wp:term":[{"taxonomy":"product_brand","embeddable":true,"href":"https:\/\/staging.nbg.eu\/lt\/wp-json\/wp\/v2\/product_brand?post=59170"},{"taxonomy":"product_cat","embeddable":true,"href":"https:\/\/staging.nbg.eu\/lt\/wp-json\/wp\/v2\/product_cat?post=59170"},{"taxonomy":"product_tag","embeddable":true,"href":"https:\/\/staging.nbg.eu\/lt\/wp-json\/wp\/v2\/product_tag?post=59170"}],"curies":[{"name":"wp","href":"https:\/\/api.w.org\/{rel}","templated":true}]}}