{"id":58854,"date":"2024-02-15T19:41:39","date_gmt":"2024-09-13T15:17:32","guid":{"rendered":"https:\/\/staging.nbg.eu\/product\/geissele-super-gas-block-black\/"},"modified":"2024-09-13T15:18:23","modified_gmt":"2024-09-13T15:18:23","slug":"geissele-super-duju-blokas-juodas","status":"publish","type":"product","link":"https:\/\/staging.nbg.eu\/lt\/produktas\/geissele-super-duju-blokas-juodas\/","title":{"rendered":"Geissele Super Duj\u0173 Blokas &#8211; Juodas"},"content":{"rendered":"<div class=\"product-description\">\n<h2>Geissele Super duj\u0173 blokas &#8211; Juodas<\/h2>\n<p>Geissele Super duj\u0173 blokas yra \u017eemo profilio komponentas, sukurtas telpantis po daugeliu laisvai pl\u016bduriuojan\u010di\u0173 ranken\u0173. Pagamintas i\u0161 17-4 ner\u016bdijan\u010dio plieno, \u0161is duj\u0173 blokas yra atsparus korozijai ir patvarus.<\/p>\n<ul>\n<li>Atlaiko t\u016bkstan\u010dius \u0161\u016bvi\u0173<\/li>\n<li>Turi standartin\u012f nustatymo var\u017et\u0105 ir &#8222;Bombproof Installation&#8221; metodus<\/li>\n<li>Spyruoklinis kai\u0161tis u\u017efiksuoja duj\u0173 blok\u0105 stabilumui u\u017etikrinti<\/li>\n<li>Ner\u016bdijan\u010dio plieno kai\u0161tis u\u017etikrina tinkam\u0105 sulygiavim\u0105 su Geissele CHF vamzd\u017eiais<\/li>\n<\/ul>\n<p>Geissele Super duj\u0173 blokas sukurtas veikti patikimai \u012fvairiomis s\u0105lygomis.<\/p>\n<\/div>\n","protected":false},"excerpt":{"rendered":"<p>\u017demo profilio, patvarus ner\u016bdijan\u010dio plieno duj\u0173 blokas AR-15 \u0161autuvams.<\/p>\n","protected":false},"featured_media":58855,"template":"","meta":{"_acf_changed":false},"product_brand":[11386],"product_cat":[13741,13690],"product_tag":[],"class_list":{"0":"post-58854","1":"product","2":"type-product","3":"status-publish","4":"has-post-thumbnail","6":"product_brand-geissele","7":"product_cat-sautuvas","8":"product_cat-sautuvo-derinimas","10":"first","11":"instock","12":"taxable","13":"shipping-taxable","14":"product-type-simple"},"acf":[],"_links":{"self":[{"href":"https:\/\/staging.nbg.eu\/lt\/wp-json\/wp\/v2\/product\/58854","targetHints":{"allow":["GET"]}}],"collection":[{"href":"https:\/\/staging.nbg.eu\/lt\/wp-json\/wp\/v2\/product"}],"about":[{"href":"https:\/\/staging.nbg.eu\/lt\/wp-json\/wp\/v2\/types\/product"}],"wp:featuredmedia":[{"embeddable":true,"href":"https:\/\/staging.nbg.eu\/lt\/wp-json\/wp\/v2\/media\/58855"}],"wp:attachment":[{"href":"https:\/\/staging.nbg.eu\/lt\/wp-json\/wp\/v2\/media?parent=58854"}],"wp:term":[{"taxonomy":"product_brand","embeddable":true,"href":"https:\/\/staging.nbg.eu\/lt\/wp-json\/wp\/v2\/product_brand?post=58854"},{"taxonomy":"product_cat","embeddable":true,"href":"https:\/\/staging.nbg.eu\/lt\/wp-json\/wp\/v2\/product_cat?post=58854"},{"taxonomy":"product_tag","embeddable":true,"href":"https:\/\/staging.nbg.eu\/lt\/wp-json\/wp\/v2\/product_tag?post=58854"}],"curies":[{"name":"wp","href":"https:\/\/api.w.org\/{rel}","templated":true}]}}