{"id":584421,"date":"2025-09-05T18:16:13","date_gmt":"2025-09-05T15:16:13","guid":{"rendered":"https:\/\/staging.nbg.eu\/product\/mak-viper-fts-left\/"},"modified":"2025-10-16T16:00:54","modified_gmt":"2025-10-16T13:00:54","slug":"mak-viper-fts-kairys","status":"publish","type":"product","link":"https:\/\/staging.nbg.eu\/lt\/produktas\/mak-viper-fts-kairys\/","title":{"rendered":"MAK Viper FTS kairys"},"content":{"rendered":"<div class=\"product-description\">\n<h2>MAK Viper FTS kairiarankiams<\/h2>\n<p>MAK Viper FTS kairiarankiams yra \u0161autuvo optikos montavimo sistema, skirta kairiarankiams \u0161auliams. \u0160ios sistemos savyb\u0117s:<\/p>\n<ul>\n<li>Aliuminio konstrukcija<\/li>\n<li>Fiksuoto sukimo momento sistema (FTS) montavimui<\/li>\n<li>Greito atleidimo svirtis optikos nu\u0117mimui ir u\u017ed\u0117jimui<\/li>\n<li>Kairiarank\u0117 konfig\u016bracija<\/li>\n<li>Suderinama su Picatinny ir Weaver b\u0117geliais<\/li>\n<li>Galimi \u012fvair\u016bs \u017eied\u0173 dyd\u017eiai skirtingiems optikos skersmenims<\/li>\n<\/ul>\n<p>MAK Viper FTS kairiarankiams u\u017etikrina stabilum\u0105 ir i\u0161laiko nustatymus. \u0160i optikos montavimo sistema yra skirta kairiarankiams \u0161auliams.<\/p>\n<\/div>\n","protected":false},"excerpt":{"rendered":"<p>MAK Viper FTS kairiarankiams: Precizi\u0161kas taktinis taikymo prietaisas kairiarankiams \u0161auliams.<\/p>\n","protected":false},"featured_media":0,"template":"","meta":{"_acf_changed":false},"product_brand":[],"product_cat":[],"product_tag":[],"class_list":{"0":"post-584421","1":"product","2":"type-product","3":"status-publish","6":"first","7":"instock","8":"taxable","9":"shipping-taxable","10":"purchasable","11":"product-type-simple"},"acf":[],"_links":{"self":[{"href":"https:\/\/staging.nbg.eu\/lt\/wp-json\/wp\/v2\/product\/584421","targetHints":{"allow":["GET"]}}],"collection":[{"href":"https:\/\/staging.nbg.eu\/lt\/wp-json\/wp\/v2\/product"}],"about":[{"href":"https:\/\/staging.nbg.eu\/lt\/wp-json\/wp\/v2\/types\/product"}],"wp:attachment":[{"href":"https:\/\/staging.nbg.eu\/lt\/wp-json\/wp\/v2\/media?parent=584421"}],"wp:term":[{"taxonomy":"product_brand","embeddable":true,"href":"https:\/\/staging.nbg.eu\/lt\/wp-json\/wp\/v2\/product_brand?post=584421"},{"taxonomy":"product_cat","embeddable":true,"href":"https:\/\/staging.nbg.eu\/lt\/wp-json\/wp\/v2\/product_cat?post=584421"},{"taxonomy":"product_tag","embeddable":true,"href":"https:\/\/staging.nbg.eu\/lt\/wp-json\/wp\/v2\/product_tag?post=584421"}],"curies":[{"name":"wp","href":"https:\/\/api.w.org\/{rel}","templated":true}]}}