{"id":583715,"date":"2025-10-10T23:40:13","date_gmt":"2025-10-10T20:40:13","guid":{"rendered":"https:\/\/staging.nbg.eu\/product\/dillon-4-pack-primer-pickup-tubes-small-primer\/"},"modified":"2025-10-16T15:28:43","modified_gmt":"2025-10-16T12:28:43","slug":"dillon-4-vnt-kapsuliu-paemimo-vamzdeliai-mazoms-kapsulems","status":"publish","type":"product","link":"https:\/\/staging.nbg.eu\/lt\/produktas\/dillon-4-vnt-kapsuliu-paemimo-vamzdeliai-mazoms-kapsulems\/","title":{"rendered":"Dillon 4 vnt. kapsuliu paemimo vamzdeliai &#8211; mazoms kapsulems"},"content":{"rendered":"<div class=\"product-description\">\n<h2>Dillon 4 vnt. ma\u017e\u0173 sprogdikli\u0173 pa\u0117mimo vamzdeli\u0173 rinkinys<\/h2>\n<p>Dillon 4 vnt. ma\u017e\u0173 sprogdikli\u0173 pa\u0117mimo vamzdeli\u0173 rinkinys skirtas pagerinti \u0161ovini\u0173 u\u017etaisymo proces\u0105.<\/p>\n<ul>\n<li>4 vnt. pa\u0117mimo vamzdeli\u0173 rinkinys ma\u017eo skersmens sprogdikliams<\/li>\n<li>I\u0161 anksto u\u017epildomi vamzdeliai greitesniam u\u017etaisymui<\/li>\n<li>Suderinami su Dillon u\u017etaisymo presais<\/li>\n<li>Padidina produktyvum\u0105 ir taupo laik\u0105<\/li>\n<\/ul>\n<p>\u0160ie vamzdeliai skirti naudoti nepertraukiamam \u0161ovini\u0173 u\u017etaisymui. Tinka var\u017eyb\u0173 dalyviams ir didelio kiekio u\u017etaisytojams.<\/p>\n<\/div>\n","protected":false},"excerpt":{"rendered":"<p>4 ma\u017ei kapsuli\u0173 pa\u0117mimo vamzdeliai greitam ir efektyviam \u0161ovini\u0173 u\u017etaisymui.<\/p>\n","protected":false},"featured_media":583743,"template":"","meta":{"_acf_changed":false},"product_brand":[],"product_cat":[13737,13691],"product_tag":[],"class_list":{"0":"post-583715","1":"product","2":"type-product","3":"status-publish","4":"has-post-thumbnail","6":"product_cat-perkrovimas","7":"product_cat-perkrovimo-priedai","9":"first","10":"instock","11":"taxable","12":"shipping-taxable","13":"purchasable","14":"product-type-simple"},"acf":[],"_links":{"self":[{"href":"https:\/\/staging.nbg.eu\/lt\/wp-json\/wp\/v2\/product\/583715","targetHints":{"allow":["GET"]}}],"collection":[{"href":"https:\/\/staging.nbg.eu\/lt\/wp-json\/wp\/v2\/product"}],"about":[{"href":"https:\/\/staging.nbg.eu\/lt\/wp-json\/wp\/v2\/types\/product"}],"wp:featuredmedia":[{"embeddable":true,"href":"https:\/\/staging.nbg.eu\/lt\/wp-json\/wp\/v2\/media\/583743"}],"wp:attachment":[{"href":"https:\/\/staging.nbg.eu\/lt\/wp-json\/wp\/v2\/media?parent=583715"}],"wp:term":[{"taxonomy":"product_brand","embeddable":true,"href":"https:\/\/staging.nbg.eu\/lt\/wp-json\/wp\/v2\/product_brand?post=583715"},{"taxonomy":"product_cat","embeddable":true,"href":"https:\/\/staging.nbg.eu\/lt\/wp-json\/wp\/v2\/product_cat?post=583715"},{"taxonomy":"product_tag","embeddable":true,"href":"https:\/\/staging.nbg.eu\/lt\/wp-json\/wp\/v2\/product_tag?post=583715"}],"curies":[{"name":"wp","href":"https:\/\/api.w.org\/{rel}","templated":true}]}}