{"id":58288,"date":"2024-02-20T19:05:47","date_gmt":"2024-02-20T19:05:47","guid":{"rendered":"https:\/\/staging.nbg.eu\/product\/grovtec-heavy-duty-push-button-qd-sling-swivel\/"},"modified":"2024-09-13T15:05:06","modified_gmt":"2024-09-13T15:05:06","slug":"grovtec-sunkiojo-tipo-mygtukinis-qd-dirzo-suktukas","status":"publish","type":"product","link":"https:\/\/staging.nbg.eu\/lt\/produktas\/grovtec-sunkiojo-tipo-mygtukinis-qd-dirzo-suktukas\/","title":{"rendered":"GROVTEC Sunkiojo Tipo Mygtukinis QD Dir\u017eo Suktukas"},"content":{"rendered":"<p>GROVTEC sunkaus tipo mygtukinis QD dir\u017eo suktukas yra priedas 1-1\/4&#8243; dir\u017eams. \u0160io atskirai supakuoto suktuko savyb\u0117s:<\/p>\n<ul>\n<li>I\u0161bandytas iki 450 svar\u0173 apkrovos<\/li>\n<li>Matin\u0117 mangano fosfato apdaila<\/li>\n<li>Mygtukinis mechanizmas greitam atkabinimui<\/li>\n<li>Tvirta konstrukcija ilgalaikiam naudojimui<\/li>\n<\/ul>\n<p>\u0160is kokybi\u0161kas suktukas yra naudingas priedas \u0161aunamiesiems ginklams.<\/p>\n","protected":false},"excerpt":{"rendered":"<p>Tvirtas 1,25 colio (3,175 cm) dir\u017eo suktukas, i\u0161bandytas 450 svar\u0173 (204 kg) apkrovai, greitai nuimamas mygtuko paspaudimu, matinis pavir\u0161ius.<\/p>\n","protected":false},"featured_media":58289,"template":"","meta":{"_acf_changed":false},"product_brand":[],"product_cat":[13704,13741],"product_tag":[],"class_list":{"0":"post-58288","1":"product","2":"type-product","3":"status-publish","4":"has-post-thumbnail","6":"product_cat-dirzai","7":"product_cat-sautuvas","9":"first","10":"instock","11":"taxable","12":"shipping-taxable","13":"product-type-simple"},"acf":[],"_links":{"self":[{"href":"https:\/\/staging.nbg.eu\/lt\/wp-json\/wp\/v2\/product\/58288","targetHints":{"allow":["GET"]}}],"collection":[{"href":"https:\/\/staging.nbg.eu\/lt\/wp-json\/wp\/v2\/product"}],"about":[{"href":"https:\/\/staging.nbg.eu\/lt\/wp-json\/wp\/v2\/types\/product"}],"wp:featuredmedia":[{"embeddable":true,"href":"https:\/\/staging.nbg.eu\/lt\/wp-json\/wp\/v2\/media\/58289"}],"wp:attachment":[{"href":"https:\/\/staging.nbg.eu\/lt\/wp-json\/wp\/v2\/media?parent=58288"}],"wp:term":[{"taxonomy":"product_brand","embeddable":true,"href":"https:\/\/staging.nbg.eu\/lt\/wp-json\/wp\/v2\/product_brand?post=58288"},{"taxonomy":"product_cat","embeddable":true,"href":"https:\/\/staging.nbg.eu\/lt\/wp-json\/wp\/v2\/product_cat?post=58288"},{"taxonomy":"product_tag","embeddable":true,"href":"https:\/\/staging.nbg.eu\/lt\/wp-json\/wp\/v2\/product_tag?post=58288"}],"curies":[{"name":"wp","href":"https:\/\/api.w.org\/{rel}","templated":true}]}}