{"id":582572,"date":"2025-10-10T18:10:11","date_gmt":"2025-10-10T15:10:11","guid":{"rendered":"https:\/\/staging.nbg.eu\/product\/daa-gripz-grip-enhancer-75-ml\/"},"modified":"2025-10-16T13:57:08","modified_gmt":"2025-10-16T10:57:08","slug":"daa-gripz-rankenos-sustiprintojas-75-ml","status":"publish","type":"product","link":"https:\/\/staging.nbg.eu\/lt\/produktas\/daa-gripz-rankenos-sustiprintojas-75-ml\/","title":{"rendered":"DAA GRIPZ &#8211; rankenos sustiprintojas 75 ml"},"content":{"rendered":"<div class=\"product-description\">\n<h2>DAA GRIPZ &#8211; Sukibimo gerintojas 75 ml<\/h2>\n<p>DAA GRIPZ yra sukibimo gerinimo losjonas, skirtas IPSC ir USPSA pistoleto \u0161audymui. \u0160is 75ml buteliukas u\u017etikrina saug\u0173, neslystant\u012f sukibim\u0105 \u0161lapiomis s\u0105lygomis ir dideliame kar\u0161tyje.<\/p>\n<ul>\n<li>Silicio pagrindu pagaminta formul\u0117 su alkoholiu ir stabilizatoriais<\/li>\n<li>Prakti\u0161kas &#8222;Snap-cap&#8221; u\u017edarymas viena ranka<\/li>\n<li>\u0160varesnis naudojimas &#8211; ned\u017ei\u016bsta baltas ir lengvai nenusitrina ant drabu\u017ei\u0173 ir pistoleto rankenos<\/li>\n<li>Tinka sausoms delnams ir saugiam sukibimui i\u0161laikyti greitojo \u0161audymo metu<\/li>\n<\/ul>\n<p>I\u0161bandykite DAA GRIPZ savo \u0161audyme.<\/p>\n<\/div>\n","protected":false},"excerpt":{"rendered":"<p>DAA GRIPZ: Pagerina sukibim\u0105 tiksliam \u0161audymui. 75 ml buteliukas.<\/p>\n","protected":false},"featured_media":582634,"template":"","meta":{"_acf_changed":false},"product_brand":[],"product_cat":[13757],"product_tag":[],"class_list":{"0":"post-582572","1":"product","2":"type-product","3":"status-publish","4":"has-post-thumbnail","6":"product_cat-nekategorizuota","8":"first","9":"instock","10":"taxable","11":"shipping-taxable","12":"purchasable","13":"product-type-simple"},"acf":[],"_links":{"self":[{"href":"https:\/\/staging.nbg.eu\/lt\/wp-json\/wp\/v2\/product\/582572","targetHints":{"allow":["GET"]}}],"collection":[{"href":"https:\/\/staging.nbg.eu\/lt\/wp-json\/wp\/v2\/product"}],"about":[{"href":"https:\/\/staging.nbg.eu\/lt\/wp-json\/wp\/v2\/types\/product"}],"wp:featuredmedia":[{"embeddable":true,"href":"https:\/\/staging.nbg.eu\/lt\/wp-json\/wp\/v2\/media\/582634"}],"wp:attachment":[{"href":"https:\/\/staging.nbg.eu\/lt\/wp-json\/wp\/v2\/media?parent=582572"}],"wp:term":[{"taxonomy":"product_brand","embeddable":true,"href":"https:\/\/staging.nbg.eu\/lt\/wp-json\/wp\/v2\/product_brand?post=582572"},{"taxonomy":"product_cat","embeddable":true,"href":"https:\/\/staging.nbg.eu\/lt\/wp-json\/wp\/v2\/product_cat?post=582572"},{"taxonomy":"product_tag","embeddable":true,"href":"https:\/\/staging.nbg.eu\/lt\/wp-json\/wp\/v2\/product_tag?post=582572"}],"curies":[{"name":"wp","href":"https:\/\/api.w.org\/{rel}","templated":true}]}}