{"id":582270,"date":"2025-10-10T18:10:10","date_gmt":"2025-10-10T15:10:10","guid":{"rendered":"https:\/\/staging.nbg.eu\/product\/daa-magnet-inc-screw-and-thermal-nut-for-racer-pouch\/"},"modified":"2025-10-16T13:40:09","modified_gmt":"2025-10-16T10:40:09","slug":"daa-magnetas-su-varztu-ir-terminiu-verzle-lenktyniu-deklui","status":"publish","type":"product","link":"https:\/\/staging.nbg.eu\/lt\/produktas\/daa-magnetas-su-varztu-ir-terminiu-verzle-lenktyniu-deklui\/","title":{"rendered":"DAA magnetas su varztu ir terminiu verzle lenktyni\u0173 deklui"},"content":{"rendered":"<div class=\"product-description\">\n<h2>DAA magneto rinkinys vienos eil\u0117s Racer d\u0117klams<\/h2>\n<p>Atnaujinkite savo DAA vienos eil\u0117s Racer d\u0117kl\u0105 su \u0161iuo magnetiniu tvirtinimo sprendimu. M\u016bs\u0173 rinkinyje yra:<\/p>\n<ul>\n<li>Didelis 42mm N42 magnetas<\/li>\n<li>\u012eleista M5 ver\u017el\u0117<\/li>\n<li>12mm M5 var\u017etas<\/li>\n<\/ul>\n<p>Montavimas yra greitas ir paprastas, naudojant esam\u0105 skyl\u0119 i\u0161orin\u0117je d\u0117klo pus\u0117je. Geriausiems rezultatams:<\/p>\n<ol>\n<li>Nustatykite ir u\u017efiksuokite norim\u0105 d\u0117klo kamp\u0105 prie\u0161 montavim\u0105<\/li>\n<li>Sumontuokite magnet\u0105 naudodami pateikt\u0105 \u012frang\u0105<\/li>\n<\/ol>\n<p><strong>Pastaba:<\/strong> Po montavimo prieiga prie centrinio tvirtinimo var\u017eto gali b\u016bti ribota. Apsvarstykite galimyb\u0119 pasigaminti special\u0173 3mm \u0161e\u0161iakamp\u012f rakt\u0105 su trumpa rankena b\u016bsimiems reguliavimams.<\/p>\n<p>Patobulinkite savo d\u0117klo universalum\u0105 su \u0161iuo magnetiniu tvirtinimo rinkiniu.<\/p>\n<\/div>\n","protected":false},"excerpt":{"rendered":"<p>Magnetinio tvirtinimo rinkinys DAA vieno steko lenktyninink\u0173 d\u0117klams. Lengvai montuojamas.<\/p>\n","protected":false},"featured_media":582338,"template":"","meta":{"_acf_changed":false},"product_brand":[],"product_cat":[13708,13699,13711],"product_tag":[],"class_list":{"0":"post-582270","1":"product","2":"type-product","3":"status-publish","4":"has-post-thumbnail","6":"product_cat-iranga","7":"product_cat-krepseliai","8":"product_cat-sportiniai-dirzai","10":"first","11":"instock","12":"taxable","13":"shipping-taxable","14":"purchasable","15":"product-type-simple"},"acf":[],"_links":{"self":[{"href":"https:\/\/staging.nbg.eu\/lt\/wp-json\/wp\/v2\/product\/582270","targetHints":{"allow":["GET"]}}],"collection":[{"href":"https:\/\/staging.nbg.eu\/lt\/wp-json\/wp\/v2\/product"}],"about":[{"href":"https:\/\/staging.nbg.eu\/lt\/wp-json\/wp\/v2\/types\/product"}],"wp:featuredmedia":[{"embeddable":true,"href":"https:\/\/staging.nbg.eu\/lt\/wp-json\/wp\/v2\/media\/582338"}],"wp:attachment":[{"href":"https:\/\/staging.nbg.eu\/lt\/wp-json\/wp\/v2\/media?parent=582270"}],"wp:term":[{"taxonomy":"product_brand","embeddable":true,"href":"https:\/\/staging.nbg.eu\/lt\/wp-json\/wp\/v2\/product_brand?post=582270"},{"taxonomy":"product_cat","embeddable":true,"href":"https:\/\/staging.nbg.eu\/lt\/wp-json\/wp\/v2\/product_cat?post=582270"},{"taxonomy":"product_tag","embeddable":true,"href":"https:\/\/staging.nbg.eu\/lt\/wp-json\/wp\/v2\/product_tag?post=582270"}],"curies":[{"name":"wp","href":"https:\/\/api.w.org\/{rel}","templated":true}]}}