{"id":58166,"date":"2024-02-20T19:21:46","date_gmt":"2024-09-13T15:01:37","guid":{"rendered":"https:\/\/staging.nbg.eu\/product\/geissele-super-precision-compm5s-series-optic-mounts-black-absolute-co-witness\/"},"modified":"2024-09-13T15:02:29","modified_gmt":"2024-09-13T15:02:29","slug":"geissele-super-precision-compm5s-serijos-optikos-laikikliai-juodi-absolute-co-witness","status":"publish","type":"product","link":"https:\/\/staging.nbg.eu\/lt\/produktas\/geissele-super-precision-compm5s-serijos-optikos-laikikliai-juodi-absolute-co-witness\/","title":{"rendered":"Geissele Super Precision\u00ae &#8211; CompM5s Serijos Optikos Laikikliai, Juodi (Absolute Co-Witness)"},"content":{"rendered":"<h2>Geissele Super Precision\u00ae &#8211; CompM5s serijos optiniai montavimo \u012ftaisai<\/h2>\n<h3>Juodas (Absoliutus sutapimas)<\/h3>\n<p>Geissele Super Precision\u00ae CompM5s serijos optinis montavimo \u012ftaisas skirtas Aimpoint CompM5s ir pana\u0161iems raudonojo ta\u0161ko optiniams prietaisams.<\/p>\n<ul>\n<li>Pagamintas i\u0161 vieno 7075-T6 didelio stiprumo aliuminio gabalo<\/li>\n<li>Absoliutaus sutapimo auk\u0161\u010dio variantas<\/li>\n<li>Ver\u017el\u0117s ir var\u017eto tvirtinimo metodas su 1,400 svar\u0173 suspaudimo j\u0117ga<\/li>\n<li>3 kirpimo i\u0161ky\u0161os maksimaliam standumui ir gr\u012f\u017eimui \u012f nulin\u0119 pad\u0117t\u012f<\/li>\n<li>3 tipo kietasis anodinis padengimas juoda spalva<\/li>\n<\/ul>\n<p>Geissele si\u016blo optinius montavimo sprendimus, skirtus pagerinti \u0161aunamojo ginklo veikim\u0105 ir patikimum\u0105.<\/p>\n","protected":false},"excerpt":{"rendered":"<p>Tiksliai apdirbtas laikiklis, skirtas Aimpoint CompM5s. Tvirtas, standus ir patikimas.<\/p>\n","protected":false},"featured_media":58167,"template":"","meta":{"_acf_changed":false},"product_brand":[11386],"product_cat":[13741],"product_tag":[],"class_list":{"0":"post-58166","1":"product","2":"type-product","3":"status-publish","4":"has-post-thumbnail","6":"product_brand-geissele","7":"product_cat-sautuvas","9":"first","10":"instock","11":"taxable","12":"shipping-taxable","13":"product-type-simple"},"acf":[],"_links":{"self":[{"href":"https:\/\/staging.nbg.eu\/lt\/wp-json\/wp\/v2\/product\/58166","targetHints":{"allow":["GET"]}}],"collection":[{"href":"https:\/\/staging.nbg.eu\/lt\/wp-json\/wp\/v2\/product"}],"about":[{"href":"https:\/\/staging.nbg.eu\/lt\/wp-json\/wp\/v2\/types\/product"}],"wp:featuredmedia":[{"embeddable":true,"href":"https:\/\/staging.nbg.eu\/lt\/wp-json\/wp\/v2\/media\/58167"}],"wp:attachment":[{"href":"https:\/\/staging.nbg.eu\/lt\/wp-json\/wp\/v2\/media?parent=58166"}],"wp:term":[{"taxonomy":"product_brand","embeddable":true,"href":"https:\/\/staging.nbg.eu\/lt\/wp-json\/wp\/v2\/product_brand?post=58166"},{"taxonomy":"product_cat","embeddable":true,"href":"https:\/\/staging.nbg.eu\/lt\/wp-json\/wp\/v2\/product_cat?post=58166"},{"taxonomy":"product_tag","embeddable":true,"href":"https:\/\/staging.nbg.eu\/lt\/wp-json\/wp\/v2\/product_tag?post=58166"}],"curies":[{"name":"wp","href":"https:\/\/api.w.org\/{rel}","templated":true}]}}