{"id":581574,"date":"2025-10-10T18:09:59","date_gmt":"2025-10-10T15:09:59","guid":{"rendered":"https:\/\/staging.nbg.eu\/product\/daa-x-ray-polymer-pouch-black\/"},"modified":"2025-10-16T11:21:58","modified_gmt":"2025-10-16T08:21:58","slug":"daa-x-ray-polimero-deklas-juodas","status":"publish","type":"product","link":"https:\/\/staging.nbg.eu\/lt\/produktas\/daa-x-ray-polimero-deklas-juodas\/","title":{"rendered":"DAA X-Ray polimero deklas &#8211; juodas"},"content":{"rendered":"<h2>DAA X-Ray polimerin\u0117 d\u0117tuv\u0117s krep\u0161elis &#8211; Juoda<\/h2>\n<p>DAA X-Ray polimerin\u0117 d\u0117tuv\u0117s krep\u0161elis turi \u0161ias savybes:<\/p>\n<ul>\n<li>I\u0161kirptas dizainas suma\u017eina svor\u012f<\/li>\n<li>8 tvirtinimo ta\u0161kai abipusiam naudojimui ir \u012fvairiam pozicionavimui<\/li>\n<li>3 rinkiniai tarpikli\u0173, tinkam\u0173 daugumai dviej\u0173 eili\u0173 d\u0117tuvi\u0173<\/li>\n<li>Pluo\u0161tu sustiprinta polimerin\u0117 konstrukcija<\/li>\n<li>Optimizuotas vir\u0161utinis kra\u0161tas lengvesniam d\u0117tuv\u0117s \u012fd\u0117jimui<\/li>\n<li>Fiksuojamasis var\u017etas apsaugo nuo atsitiktinio atsirakinimo<\/li>\n<li>Padidintas 13mm rutulio jungtis stabilumui<\/li>\n<li>\u012etempimo reguliavimas be \u012franki\u0173 su dideliu \u012ftempimo ratuku<\/li>\n<\/ul>\n<p>DAA X-Ray polimerin\u0117 d\u0117tuv\u0117s krep\u0161elis skirtas naudoti \u0161audykloje.<\/p>\n","protected":false},"excerpt":{"rendered":"<p>DAA rentgeno polimero krep\u0161elis: Eleganti\u0161kas, universalus, saugus d\u0117tuv\u0117s laikiklis var\u017eyb\u0173 dalyviams.<\/p>\n","protected":false},"featured_media":581670,"template":"","meta":{"_acf_changed":false},"product_brand":[],"product_cat":[13708,13699,13711,13733],"product_tag":[],"class_list":{"0":"post-581574","1":"product","2":"type-product","3":"status-publish","4":"has-post-thumbnail","6":"product_cat-iranga","7":"product_cat-krepseliai","8":"product_cat-sportiniai-dirzai","9":"product_cat-sportinis-deklas","11":"first","12":"instock","13":"taxable","14":"shipping-taxable","15":"purchasable","16":"product-type-simple"},"acf":[],"_links":{"self":[{"href":"https:\/\/staging.nbg.eu\/lt\/wp-json\/wp\/v2\/product\/581574","targetHints":{"allow":["GET"]}}],"collection":[{"href":"https:\/\/staging.nbg.eu\/lt\/wp-json\/wp\/v2\/product"}],"about":[{"href":"https:\/\/staging.nbg.eu\/lt\/wp-json\/wp\/v2\/types\/product"}],"wp:featuredmedia":[{"embeddable":true,"href":"https:\/\/staging.nbg.eu\/lt\/wp-json\/wp\/v2\/media\/581670"}],"wp:attachment":[{"href":"https:\/\/staging.nbg.eu\/lt\/wp-json\/wp\/v2\/media?parent=581574"}],"wp:term":[{"taxonomy":"product_brand","embeddable":true,"href":"https:\/\/staging.nbg.eu\/lt\/wp-json\/wp\/v2\/product_brand?post=581574"},{"taxonomy":"product_cat","embeddable":true,"href":"https:\/\/staging.nbg.eu\/lt\/wp-json\/wp\/v2\/product_cat?post=581574"},{"taxonomy":"product_tag","embeddable":true,"href":"https:\/\/staging.nbg.eu\/lt\/wp-json\/wp\/v2\/product_tag?post=581574"}],"curies":[{"name":"wp","href":"https:\/\/api.w.org\/{rel}","templated":true}]}}