{"id":581265,"date":"2025-10-10T18:09:52","date_gmt":"2025-10-10T15:09:52","guid":{"rendered":"https:\/\/staging.nbg.eu\/product\/jack-556x45mm-223-rem-polymer\/"},"modified":"2025-10-17T17:31:22","modified_gmt":"2025-10-17T14:31:22","slug":"jack-556x45mm223-rem-polimeras","status":"publish","type":"product","link":"https:\/\/staging.nbg.eu\/lt\/produktas\/jack-556x45mm223-rem-polimeras\/","title":{"rendered":"Jack 5,56x45mm\/.223 REM polimeras"},"content":{"rendered":"<div class=\"product-description\">\n<h2>Jack 5,56x45mm\/.223 REM Polimeras<\/h2>\n<p>Jack 5,56x45mm\/.223 REM Polimeras yra \u0161iuolaikinis \u0161autuvas, derinantis in\u017einerij\u0105, pa\u017eangias med\u017eiagas ir ergonomi\u0161k\u0105 dizain\u0105.<\/p>\n<h2>Pagrindin\u0117s savyb\u0117s:<\/h2>\n<ul>\n<li>Kalibras: 5.56x45mm \/.223 Rem<\/li>\n<li>Vamzd\u017eio ilgis: 415mm<\/li>\n<li>Grai\u017etv\u0173 \u017eingsnis: 1:8<\/li>\n<li>I\u0161\u0117jimo sriegis: 14\u00d71 kairinis<\/li>\n<li>Tu\u0161\u010dias svoris: 3.1kg (be \u0161ovini\u0173)<\/li>\n<li>Kulkos i\u0161l\u0117kimo greitis: 920 m\/s<\/li>\n<li>Veikimas: Rotacinis spyna<\/li>\n<li>Tipas: Pusiau automatinis<\/li>\n<\/ul>\n<h2>Dizaino ypatyb\u0117s:<\/h2>\n<ul>\n<li>Frezuotas \u0161oninis b\u0117gelis optikai<\/li>\n<li>Prikniedytas b\u0117gelis prie spynos<\/li>\n<li>Polimerinis gaubtas<\/li>\n<li>Ergonomi\u0161kas polimerinis lop\u0161ys<\/li>\n<li>Duj\u0173 vamzd\u017eio polimerinis apvalkalas<\/li>\n<li>Padidintas \u0161audymo re\u017eimo selektorius<\/li>\n<li>Padidintas d\u0117tuv\u0117s atlaisvinimo mygtukas<\/li>\n<li>Apatinis b\u0117gelis (kreg\u017ed\u0117s uodega) priedams<\/li>\n<\/ul>\n<p>Jack 5,56x45mm\/.223 REM Polimeras yra patikimas ir tikslus \u0161autuvas su \u0161iuolaikiniu dizainu.<\/p>\n<\/div>\n","protected":false},"excerpt":{"rendered":"<p>Kompakti\u0161kas, lengvas 5,56 mm \u0161autuvas su polimerin\u0117mis dalimis. Pusiau automatinis. Pritaikomas su optikos b\u0117geliu.<\/p>\n","protected":false},"featured_media":581350,"template":"","meta":{"_acf_changed":false},"product_brand":[],"product_cat":[13738,13741],"product_tag":[],"class_list":{"0":"post-581265","1":"product","2":"type-product","3":"status-publish","4":"has-post-thumbnail","6":"product_cat-karabinai","7":"product_cat-sautuvas","9":"first","10":"outofstock","11":"taxable","12":"shipping-taxable","13":"product-type-simple"},"acf":[],"_links":{"self":[{"href":"https:\/\/staging.nbg.eu\/lt\/wp-json\/wp\/v2\/product\/581265","targetHints":{"allow":["GET"]}}],"collection":[{"href":"https:\/\/staging.nbg.eu\/lt\/wp-json\/wp\/v2\/product"}],"about":[{"href":"https:\/\/staging.nbg.eu\/lt\/wp-json\/wp\/v2\/types\/product"}],"wp:featuredmedia":[{"embeddable":true,"href":"https:\/\/staging.nbg.eu\/lt\/wp-json\/wp\/v2\/media\/581350"}],"wp:attachment":[{"href":"https:\/\/staging.nbg.eu\/lt\/wp-json\/wp\/v2\/media?parent=581265"}],"wp:term":[{"taxonomy":"product_brand","embeddable":true,"href":"https:\/\/staging.nbg.eu\/lt\/wp-json\/wp\/v2\/product_brand?post=581265"},{"taxonomy":"product_cat","embeddable":true,"href":"https:\/\/staging.nbg.eu\/lt\/wp-json\/wp\/v2\/product_cat?post=581265"},{"taxonomy":"product_tag","embeddable":true,"href":"https:\/\/staging.nbg.eu\/lt\/wp-json\/wp\/v2\/product_tag?post=581265"}],"curies":[{"name":"wp","href":"https:\/\/api.w.org\/{rel}","templated":true}]}}