{"id":580998,"date":"2025-10-10T18:09:47","date_gmt":"2025-10-10T15:09:47","guid":{"rendered":"https:\/\/staging.nbg.eu\/product\/jack-762x39-mm-polymer\/"},"modified":"2025-10-17T17:28:51","modified_gmt":"2025-10-17T14:28:51","slug":"jack-762x39-mm-polimeras","status":"publish","type":"product","link":"https:\/\/staging.nbg.eu\/lt\/produktas\/jack-762x39-mm-polimeras\/","title":{"rendered":"Jack 7,62&#215;39 mm polimeras"},"content":{"rendered":"<div class=\"product-description\">\n<h2>Jack 7,62&#215;39 mm Polimeras<\/h2>\n<p>Jack 7,62&#215;39 mm Polimeras yra pusiau automatinis \u0161autuvas, sukurtas tikslumui ir patikimumui. \u0160is \u0161aunamasis ginklas jungia pa\u017eangi\u0105 technologij\u0105 su ergonominiu dizainu, tinkantis profesionaliems naudotojams ir entuziastams.<\/p>\n<h2>Pagrindin\u0117s savyb\u0117s:<\/h2>\n<ul>\n<li>Kalibras: 7,62x39mm<\/li>\n<li>Ilgis: 880mm<\/li>\n<li>Vamzd\u017eio ilgis: 415mm<\/li>\n<li>Tu\u0161\u010dias svoris: 3.1kg (be \u0161ovini\u0173)<\/li>\n<li>I\u0161\u0117jimo greitis: 715 m\/s<\/li>\n<li>Veikimo b\u016bdas: U\u017eraktas u\u017erakinamas sukimu<\/li>\n<li>Tipas: Pusiau automatinis<\/li>\n<\/ul>\n<p>Jack 7,62&#215;39 mm Polimeras turi frezuot\u0105 \u0161onin\u012f b\u0117gel\u012f optikai montuoti, pritvirtint\u0105 tiesiai prie spynos kameros stabilumui padidinti. \u0160i funkcija leid\u017eia greitai ir saugiai pritvirtinti \u012fvairius optinius taikiklius, gerinant tikslum\u0105 ir taikinio aptikim\u0105.<\/p>\n<h2>Patobulinti komponentai:<\/h2>\n<ul>\n<li>Polimerinis buo\u017e\u0117 lengvumui ir patvarumui<\/li>\n<li>Polimerinis \u012fd\u0117klas ergonomikai pagerinti<\/li>\n<li>Polimerinis duj\u0173 vamzd\u017eio u\u017edangalas \u0161ilumos sklaidai<\/li>\n<li>Padidintas \u0161audymo re\u017eimo jungiklis lengvam valdymui<\/li>\n<li>Padidintas d\u0117tuv\u0117s i\u0161metimo mygtukas greitam perkrovimui<\/li>\n<li>B\u0117gelis po \u0161oniniu monta\u017eu (kreg\u017ed\u0117s uodega) papildomiems priedams<\/li>\n<\/ul>\n<\/div>\n","protected":false},"excerpt":{"rendered":"<p>Jack 7.62x39mm polimeras: Polimerinis \u0161autuvas, 880 mm, pusiau automatinis, frezuotas b\u0117gelis optikai.<\/p>\n","protected":false},"featured_media":581178,"template":"","meta":{"_acf_changed":false},"product_brand":[],"product_cat":[13738,13741],"product_tag":[],"class_list":{"0":"post-580998","1":"product","2":"type-product","3":"status-publish","4":"has-post-thumbnail","6":"product_cat-karabinai","7":"product_cat-sautuvas","9":"first","10":"outofstock","11":"taxable","12":"shipping-taxable","13":"product-type-simple"},"acf":[],"_links":{"self":[{"href":"https:\/\/staging.nbg.eu\/lt\/wp-json\/wp\/v2\/product\/580998","targetHints":{"allow":["GET"]}}],"collection":[{"href":"https:\/\/staging.nbg.eu\/lt\/wp-json\/wp\/v2\/product"}],"about":[{"href":"https:\/\/staging.nbg.eu\/lt\/wp-json\/wp\/v2\/types\/product"}],"wp:featuredmedia":[{"embeddable":true,"href":"https:\/\/staging.nbg.eu\/lt\/wp-json\/wp\/v2\/media\/581178"}],"wp:attachment":[{"href":"https:\/\/staging.nbg.eu\/lt\/wp-json\/wp\/v2\/media?parent=580998"}],"wp:term":[{"taxonomy":"product_brand","embeddable":true,"href":"https:\/\/staging.nbg.eu\/lt\/wp-json\/wp\/v2\/product_brand?post=580998"},{"taxonomy":"product_cat","embeddable":true,"href":"https:\/\/staging.nbg.eu\/lt\/wp-json\/wp\/v2\/product_cat?post=580998"},{"taxonomy":"product_tag","embeddable":true,"href":"https:\/\/staging.nbg.eu\/lt\/wp-json\/wp\/v2\/product_tag?post=580998"}],"curies":[{"name":"wp","href":"https:\/\/api.w.org\/{rel}","templated":true}]}}