{"id":57994,"date":"2024-02-20T19:33:36","date_gmt":"2024-09-13T14:53:38","guid":{"rendered":"https:\/\/staging.nbg.eu\/product\/geissele-super-precision-compm5s-series-optic-mounts-black-1-93\/"},"modified":"2024-09-13T14:54:31","modified_gmt":"2024-09-13T14:54:31","slug":"geissele-super-precision-compm5s-serijos-optikos-laikikliai-juodi-193","status":"publish","type":"product","link":"https:\/\/staging.nbg.eu\/lt\/produktas\/geissele-super-precision-compm5s-serijos-optikos-laikikliai-juodi-193\/","title":{"rendered":"Geissele Super Precision\u00ae &#8211; CompM5s Serijos Optikos Laikikliai, Juodi (1.93&#8243;)"},"content":{"rendered":"<div class=\"product-description\">\n<h2>Geissele Super Precision\u00ae &#8211; CompM5s serijos optikos tvirtinimas, juodas (1,93&#8243;)<\/h2>\n<p>Geissele Super Precision\u00ae CompM5s serijos optikos tvirtinimas skirtas Aimpoint CompM5s ir pana\u0161iems raudonojo ta\u0161ko optiniams taikikliams. \u0160is tvirtinimas u\u017etikrina tikslum\u0105 ir patvarum\u0105.<\/p>\n<ul>\n<li>Tiksliai pagamintas i\u0161 vieno 7075-T6 didelio stiprumo aliuminio gabalo<\/li>\n<li>1,93&#8243; auk\u0161\u010dio variantas optimaliam taikymosi vaizdui<\/li>\n<li>Ver\u017el\u0117s ir var\u017eto tvirtinimo metodas su 1400 svar\u0173 suspaudimo j\u0117ga<\/li>\n<li>3 kirpimo i\u0161ky\u0161os maksimaliam standumui ir gr\u012f\u017eimui \u012f pradin\u0119 pad\u0117t\u012f<\/li>\n<li>Juoda 3 tipo kietoji anodavimo apdaila<\/li>\n<\/ul>\n<p>\u0160is optikos tvirtinimas u\u017etikrina patikimum\u0105 ir efektyvum\u0105.<\/p>\n<\/div>\n","protected":false},"excerpt":{"rendered":"<p>Tiksliai apdirbtas laikiklis Aimpoint CompM5s, itin saugus ir patvarus.<\/p>\n","protected":false},"featured_media":57995,"template":"","meta":{"_acf_changed":false},"product_brand":[11386],"product_cat":[13741],"product_tag":[],"class_list":{"0":"post-57994","1":"product","2":"type-product","3":"status-publish","4":"has-post-thumbnail","6":"product_brand-geissele","7":"product_cat-sautuvas","9":"first","10":"instock","11":"taxable","12":"shipping-taxable","13":"product-type-simple"},"acf":[],"_links":{"self":[{"href":"https:\/\/staging.nbg.eu\/lt\/wp-json\/wp\/v2\/product\/57994","targetHints":{"allow":["GET"]}}],"collection":[{"href":"https:\/\/staging.nbg.eu\/lt\/wp-json\/wp\/v2\/product"}],"about":[{"href":"https:\/\/staging.nbg.eu\/lt\/wp-json\/wp\/v2\/types\/product"}],"wp:featuredmedia":[{"embeddable":true,"href":"https:\/\/staging.nbg.eu\/lt\/wp-json\/wp\/v2\/media\/57995"}],"wp:attachment":[{"href":"https:\/\/staging.nbg.eu\/lt\/wp-json\/wp\/v2\/media?parent=57994"}],"wp:term":[{"taxonomy":"product_brand","embeddable":true,"href":"https:\/\/staging.nbg.eu\/lt\/wp-json\/wp\/v2\/product_brand?post=57994"},{"taxonomy":"product_cat","embeddable":true,"href":"https:\/\/staging.nbg.eu\/lt\/wp-json\/wp\/v2\/product_cat?post=57994"},{"taxonomy":"product_tag","embeddable":true,"href":"https:\/\/staging.nbg.eu\/lt\/wp-json\/wp\/v2\/product_tag?post=57994"}],"curies":[{"name":"wp","href":"https:\/\/api.w.org\/{rel}","templated":true}]}}