{"id":578736,"date":"2025-10-10T18:09:29","date_gmt":"2025-10-10T15:09:29","guid":{"rendered":"https:\/\/staging.nbg.eu\/product\/mini-jack-762x39-mm-wbp-x-kruk\/"},"modified":"2025-10-17T16:52:11","modified_gmt":"2025-10-17T13:52:11","slug":"mini-jack-762x39-mm-wbp-x-kruk","status":"publish","type":"product","link":"https:\/\/staging.nbg.eu\/lt\/produktas\/mini-jack-762x39-mm-wbp-x-kruk\/","title":{"rendered":"Mini Jack 7,62&#215;39 mm WBP X KRUK"},"content":{"rendered":"<h2>Mini Jack 7,62&#215;39 mm WBP X KRUK<\/h2>\n<p>Mini Jack 7,62&#215;39 mm WBP X KRUK yra \u0161autuvas, skirtas civiliams entuziastams ir \u012fgaliotiems subjektams. \u0160is ginklas sujungia gali\u0105, tikslum\u0105 ir ergonomik\u0105 viename kompakti\u0161kame pakete.<\/p>\n<h2>Pagrindin\u0117s savyb\u0117s:<\/h2>\n<ul>\n<li><strong>Reguliuojama buo\u017e\u0117:<\/strong> CRC 5002\/9035 fiksuota kolba si\u016blo stabili\u0105 atram\u0105 su reguliuojamu ilgiu.<\/li>\n<li><strong>Tvirta konstrukcija:<\/strong> Turi tvirt\u0105 guol\u012f ir CRC 1U043 duj\u0173 vamzd\u017eio dang\u0105.<\/li>\n<li><strong>Ergonomi\u0161kas dizainas:<\/strong> Lengva polimerinio pistoleto rankena.<\/li>\n<li><strong>Patobulinti valdikliai:<\/strong> Padidintas ugnies tipo jungiklis ir d\u0117tuv\u0117s atleidimo mygtukas.<\/li>\n<li><strong>\u012evairios tvirtinimo galimyb\u0117s:<\/strong> \u0160oninis &#8222;kreg\u017ed\u0117s uodegos&#8221; b\u0117gelis optiniams ir naktinio matymo taikikliams.<\/li>\n<\/ul>\n<h2>Technin\u0117s specifikacijos:<\/h2>\n<ul>\n<li>Kalibras: 7.62 x 39 mm<\/li>\n<li>Vamzd\u017eio ilgis: 259 mm<\/li>\n<li>Vamzd\u017eio grai\u017etv\u0173 \u017eingsnis: 1:8<\/li>\n<li>I\u0161\u0117jimo sriegio \u017eingsnis: 14\u00d71 kairinis<\/li>\n<li>Spynos mechanizmas: U\u017erakinamas sukimu<\/li>\n<li>\u0160audymo re\u017eimas: Pusiau automatinis<\/li>\n<li>Konstrukcijos tipas: Pusiau automatinis \u0161autuvas<\/li>\n<\/ul>\n<p>Mini Jack 7,62&#215;39 mm WBP X KRUK tinka civiliams \u0161auliams ir \u012fgaliotiems subjektams, ie\u0161kantiems patikimo ir pritaikomo ginklo.<\/p>\n<p>Mini Jack 7,62&#215;39 mm WBP X KRUK sujungia gali\u0105, tikslum\u0105 ir ergonomik\u0105.<\/p>\n","protected":false},"excerpt":{"rendered":"<p>Mini Jack 7.62x39mm: Kompakti\u0161kas, ergonomi\u0161kas \u0161autuvas su patobulintomis savyb\u0117mis, skirtas civiliniam ir \u012fgaliotam naudojimui.<\/p>\n","protected":false},"featured_media":578801,"template":"","meta":{"_acf_changed":false},"product_brand":[],"product_cat":[13738,13741],"product_tag":[],"class_list":{"0":"post-578736","1":"product","2":"type-product","3":"status-publish","4":"has-post-thumbnail","6":"product_cat-karabinai","7":"product_cat-sautuvas","9":"first","10":"outofstock","11":"taxable","12":"shipping-taxable","13":"product-type-simple"},"acf":[],"_links":{"self":[{"href":"https:\/\/staging.nbg.eu\/lt\/wp-json\/wp\/v2\/product\/578736","targetHints":{"allow":["GET"]}}],"collection":[{"href":"https:\/\/staging.nbg.eu\/lt\/wp-json\/wp\/v2\/product"}],"about":[{"href":"https:\/\/staging.nbg.eu\/lt\/wp-json\/wp\/v2\/types\/product"}],"wp:featuredmedia":[{"embeddable":true,"href":"https:\/\/staging.nbg.eu\/lt\/wp-json\/wp\/v2\/media\/578801"}],"wp:attachment":[{"href":"https:\/\/staging.nbg.eu\/lt\/wp-json\/wp\/v2\/media?parent=578736"}],"wp:term":[{"taxonomy":"product_brand","embeddable":true,"href":"https:\/\/staging.nbg.eu\/lt\/wp-json\/wp\/v2\/product_brand?post=578736"},{"taxonomy":"product_cat","embeddable":true,"href":"https:\/\/staging.nbg.eu\/lt\/wp-json\/wp\/v2\/product_cat?post=578736"},{"taxonomy":"product_tag","embeddable":true,"href":"https:\/\/staging.nbg.eu\/lt\/wp-json\/wp\/v2\/product_tag?post=578736"}],"curies":[{"name":"wp","href":"https:\/\/api.w.org\/{rel}","templated":true}]}}