{"id":57852,"date":"2024-02-20T19:42:37","date_gmt":"2024-09-13T14:48:45","guid":{"rendered":"https:\/\/staging.nbg.eu\/product\/geissele-super-precision-t1-mount-lower-1-3-co-witness\/"},"modified":"2024-09-13T14:49:39","modified_gmt":"2024-09-13T14:49:39","slug":"geissele-super-precision-t1-laikiklis-apatinis-13-co-witness","status":"publish","type":"product","link":"https:\/\/staging.nbg.eu\/lt\/produktas\/geissele-super-precision-t1-laikiklis-apatinis-13-co-witness\/","title":{"rendered":"Geissele Super Precision T1 Laikiklis &#8211; Apatinis 1\/3 Co-Witness"},"content":{"rendered":"<div class=\"product-description\">\n<h2>Geissele Super Precision T1 Montavimas &#8211; \u017demesnis 1\/3 Bendras Matymas (DDC)<\/h2>\n<p>Geissele Super Precision T1 montavimas skirtas Aimpoint T1 ir pana\u0161iems raudonojo ta\u0161ko optiniams taikikliams. Jis si\u016blo:<\/p>\n<ul>\n<li>Pagamintas i\u0161 vieno 7075-T6 didelio stiprumo aliuminio gabalo<\/li>\n<li>\u017demesnio 1\/3 bendro matymo variantas<\/li>\n<li>DDC (Dykumos Purvo Spalva) 3 tipo kieto sluoksnio anodavimo apdaila<\/li>\n<li>Ver\u017el\u0117s ir var\u017eto tvirtinimo metodas, suteikiantis 1,400 svar\u0173 suspaudimo j\u0117g\u0105<\/li>\n<li>3 kirpimo i\u0161ky\u0161os maksimaliam standumui ir gr\u012f\u017eimui \u012f nulin\u0119 pad\u0117t\u012f<\/li>\n<\/ul>\n<p>\u0160is montavimas tinka rimtiems \u0161auliams ir profesionalams.<\/p>\n<\/div>\n","protected":false},"excerpt":{"rendered":"<p>Tikslus T1 laikiklis: \u017demesnio 1\/3 sutapimo, DDC apdaila, ypa\u010d tvirtas.<\/p>\n","protected":false},"featured_media":57853,"template":"","meta":{"_acf_changed":false},"product_brand":[11386],"product_cat":[13741],"product_tag":[],"class_list":{"0":"post-57852","1":"product","2":"type-product","3":"status-publish","4":"has-post-thumbnail","6":"product_brand-geissele","7":"product_cat-sautuvas","9":"first","10":"instock","11":"taxable","12":"shipping-taxable","13":"product-type-variable","14":"wvs-archive-product-wrapper"},"acf":[],"_links":{"self":[{"href":"https:\/\/staging.nbg.eu\/lt\/wp-json\/wp\/v2\/product\/57852","targetHints":{"allow":["GET"]}}],"collection":[{"href":"https:\/\/staging.nbg.eu\/lt\/wp-json\/wp\/v2\/product"}],"about":[{"href":"https:\/\/staging.nbg.eu\/lt\/wp-json\/wp\/v2\/types\/product"}],"wp:featuredmedia":[{"embeddable":true,"href":"https:\/\/staging.nbg.eu\/lt\/wp-json\/wp\/v2\/media\/57853"}],"wp:attachment":[{"href":"https:\/\/staging.nbg.eu\/lt\/wp-json\/wp\/v2\/media?parent=57852"}],"wp:term":[{"taxonomy":"product_brand","embeddable":true,"href":"https:\/\/staging.nbg.eu\/lt\/wp-json\/wp\/v2\/product_brand?post=57852"},{"taxonomy":"product_cat","embeddable":true,"href":"https:\/\/staging.nbg.eu\/lt\/wp-json\/wp\/v2\/product_cat?post=57852"},{"taxonomy":"product_tag","embeddable":true,"href":"https:\/\/staging.nbg.eu\/lt\/wp-json\/wp\/v2\/product_tag?post=57852"}],"curies":[{"name":"wp","href":"https:\/\/api.w.org\/{rel}","templated":true}]}}