{"id":577949,"date":"2025-10-10T18:01:49","date_gmt":"2025-10-10T15:01:49","guid":{"rendered":"https:\/\/staging.nbg.eu\/product\/x-ray-pcc-spacer-rh\/"},"modified":"2025-10-15T12:42:37","modified_gmt":"2025-10-15T09:42:37","slug":"x-ray-pcc-tarpiklis-desinei-rankai","status":"publish","type":"product","link":"https:\/\/staging.nbg.eu\/lt\/produktas\/x-ray-pcc-tarpiklis-desinei-rankai\/","title":{"rendered":"X-Ray PCC tarpiklis desinei rankai"},"content":{"rendered":"<h2>X-Ray PCC prailginto d\u0117tuv\u0117s tarpiklis de\u0161iniarankiams<\/h2>\n<p>X-Ray PCC prailginto d\u0117tuv\u0117s tarpiklis de\u0161iniarankiams, skirtas naudoti su prailgintomis Glock d\u0117tuv\u0117mis skeletiniuose DAA X-Ray d\u0117kluose. \u0160is tarpiklis pakei\u010dia standartin\u0119 versij\u0105, leisdamas ilgoms d\u0117tuv\u0117ms i\u0161siki\u0161ti per d\u0117klo apa\u010di\u0105.<\/p>\n<h2>Pagrindin\u0117s savyb\u0117s:<\/h2>\n<ul>\n<li>Suderinamas su aliuminio ir polimero DAA X-Ray d\u0117klais<\/li>\n<li>Specialiai sukurtas prailgintoms Glock PCC d\u0117tuv\u0117ms<\/li>\n<li>Atramin\u0117 dalis yra u\u017e d\u0117tuv\u0117s<\/li>\n<li>Pagerina pusiausvyr\u0105 ir laikym\u0105<\/li>\n<li>Greitas ir lengvas montavimas<\/li>\n<\/ul>\n<p>Pastaba: Rekomenduojamas vidutinis galinis tarpiklis (\u012ftrauktas \u012f X-Ray d\u0117klus). D\u0117tuv\u0117s d\u0117klas ir d\u0117tuv\u0117 ne\u012ftraukti. Tik vienas tarpiklis.<\/p>\n","protected":false},"excerpt":{"rendered":"<p>Saugiai laikykite pailgintus PCC d\u0117tuvius DAA X-Ray d\u0117kluose. De\u0161in\u0117s rankos versija.<\/p>\n","protected":false},"featured_media":578029,"template":"","meta":{"_acf_changed":false},"product_brand":[],"product_cat":[13708,13699],"product_tag":[],"class_list":{"0":"post-577949","1":"product","2":"type-product","3":"status-publish","4":"has-post-thumbnail","6":"product_cat-iranga","7":"product_cat-krepseliai","9":"first","10":"instock","11":"taxable","12":"shipping-taxable","13":"purchasable","14":"product-type-simple"},"acf":[],"_links":{"self":[{"href":"https:\/\/staging.nbg.eu\/lt\/wp-json\/wp\/v2\/product\/577949","targetHints":{"allow":["GET"]}}],"collection":[{"href":"https:\/\/staging.nbg.eu\/lt\/wp-json\/wp\/v2\/product"}],"about":[{"href":"https:\/\/staging.nbg.eu\/lt\/wp-json\/wp\/v2\/types\/product"}],"wp:featuredmedia":[{"embeddable":true,"href":"https:\/\/staging.nbg.eu\/lt\/wp-json\/wp\/v2\/media\/578029"}],"wp:attachment":[{"href":"https:\/\/staging.nbg.eu\/lt\/wp-json\/wp\/v2\/media?parent=577949"}],"wp:term":[{"taxonomy":"product_brand","embeddable":true,"href":"https:\/\/staging.nbg.eu\/lt\/wp-json\/wp\/v2\/product_brand?post=577949"},{"taxonomy":"product_cat","embeddable":true,"href":"https:\/\/staging.nbg.eu\/lt\/wp-json\/wp\/v2\/product_cat?post=577949"},{"taxonomy":"product_tag","embeddable":true,"href":"https:\/\/staging.nbg.eu\/lt\/wp-json\/wp\/v2\/product_tag?post=577949"}],"curies":[{"name":"wp","href":"https:\/\/api.w.org\/{rel}","templated":true}]}}