{"id":577761,"date":"2025-10-10T16:07:00","date_gmt":"2025-10-10T13:07:00","guid":{"rendered":"https:\/\/staging.nbg.eu\/product\/polymer-magazine-762x39-mm-for-akm-rifle-10-rounds\/"},"modified":"2025-10-15T12:35:55","modified_gmt":"2025-10-15T09:35:55","slug":"polimero-detuve-762x39-mm-akm-sautuvui-10-soviniu","status":"publish","type":"product","link":"https:\/\/staging.nbg.eu\/lt\/produktas\/polimero-detuve-762x39-mm-akm-sautuvui-10-soviniu\/","title":{"rendered":"# Polimero detuve 7,62&#215;39 mm AKM sautuvui 10 soviniu"},"content":{"rendered":"<h2>Magpul PMAG 10 AK\/AKM MOE d\u0117tuv\u0117<\/h2>\n<h2>7.62x39mm | 10 \u0161ovini\u0173 talpa<\/h2>\n<p>Magpul PMAG 10 AK\/AKM MOE d\u0117tuv\u0117 skirta AK tipo \u0161autuvams. \u0160i polimerin\u0117 d\u0117tuv\u0117 yra sukurta Kala\u0161nikovo tipo \u0161autuvams, naudojantiems 7.62x39mm \u0161ovinius, \u012fskaitant AK-47, AKM, AKS ir SIG556R.<\/p>\n<h3>Pagrindin\u0117s savyb\u0117s:<\/h3>\n<ul>\n<li>Polimerin\u0117 konstrukcija<\/li>\n<li>10 \u0161ovini\u0173 talpa<\/li>\n<li>Pastovios kreiv\u0117s geometrija<\/li>\n<li>Ner\u016bdijan\u010dio plieno spyruokl\u0117<\/li>\n<li>Patikimas, ma\u017eos trinties padaviklis<\/li>\n<li>Nuimamas dugnas<\/li>\n<li>Reljefinis pavir\u0161ius<\/li>\n<li>Ta\u0161k\u0173 matrica \u017eym\u0117jimui<\/li>\n<li>Skai\u010diuojama kaip trys JAV atitikties dalys pagal 922(r)<\/li>\n<\/ul>\n<p>\u0160i kompakti\u0161ka d\u0117tuv\u0117 tinka \u0161audymui gulint ir nuo stovo. Ji si\u016blo tok\u012f pat patikimum\u0105 kaip ir metalin\u0117s d\u0117tuv\u0117s.<\/p>\n<p><em>Pagaminta JAV<\/em><\/p>\n","protected":false},"excerpt":{"rendered":"<p>Patikimas 10 \u0161ovini\u0173 7,62x39mm AKM d\u0117tuv\u0117. Lengvo svorio polimeras, pagaminta JAV.<\/p>\n","protected":false},"featured_media":577864,"template":"","meta":{"_acf_changed":false},"product_brand":[],"product_cat":[13741,13724],"product_tag":[],"class_list":{"0":"post-577761","1":"product","2":"type-product","3":"status-publish","4":"has-post-thumbnail","6":"product_cat-sautuvas","7":"product_cat-sautuvu-detuves","9":"first","10":"outofstock","11":"taxable","12":"shipping-taxable","13":"product-type-simple"},"acf":[],"_links":{"self":[{"href":"https:\/\/staging.nbg.eu\/lt\/wp-json\/wp\/v2\/product\/577761","targetHints":{"allow":["GET"]}}],"collection":[{"href":"https:\/\/staging.nbg.eu\/lt\/wp-json\/wp\/v2\/product"}],"about":[{"href":"https:\/\/staging.nbg.eu\/lt\/wp-json\/wp\/v2\/types\/product"}],"wp:featuredmedia":[{"embeddable":true,"href":"https:\/\/staging.nbg.eu\/lt\/wp-json\/wp\/v2\/media\/577864"}],"wp:attachment":[{"href":"https:\/\/staging.nbg.eu\/lt\/wp-json\/wp\/v2\/media?parent=577761"}],"wp:term":[{"taxonomy":"product_brand","embeddable":true,"href":"https:\/\/staging.nbg.eu\/lt\/wp-json\/wp\/v2\/product_brand?post=577761"},{"taxonomy":"product_cat","embeddable":true,"href":"https:\/\/staging.nbg.eu\/lt\/wp-json\/wp\/v2\/product_cat?post=577761"},{"taxonomy":"product_tag","embeddable":true,"href":"https:\/\/staging.nbg.eu\/lt\/wp-json\/wp\/v2\/product_tag?post=577761"}],"curies":[{"name":"wp","href":"https:\/\/api.w.org\/{rel}","templated":true}]}}