{"id":577608,"date":"2025-10-10T16:06:59","date_gmt":"2025-10-10T13:06:59","guid":{"rendered":"https:\/\/staging.nbg.eu\/product\/polymer-magazine-556x45-mm-for-akm-rifles-10-rounds\/"},"modified":"2025-10-15T12:30:29","modified_gmt":"2025-10-15T09:30:29","slug":"polimerinis-detuve-556x45-mm-akm-sautuvams-10-soviniu","status":"publish","type":"product","link":"https:\/\/staging.nbg.eu\/lt\/produktas\/polimerinis-detuve-556x45-mm-akm-sautuvams-10-soviniu\/","title":{"rendered":"Polimerinis detuve 5,56&#215;45 mm AKM sautuvams 10 soviniu"},"content":{"rendered":"<h2>Polimerinis d\u0117tuv\u0117 AK 5,56&#215;45 mm \/ .223 Rem &#8211; 10 \u0161ovini\u0173<\/h2>\n<p>WBP Rog\u00f3w polimerinis d\u0117tuv\u0117, skirtas 5,56&#215;45 mm \/ .223 Rem kalibro \u0161audmenims. \u0160is 10 \u0161ovini\u0173 d\u0117tuv\u0117 yra suderinamas su Jack, Mini Jack, Beryl ir Mini Beryl karabinais.<\/p>\n<h2>Pagrindin\u0117s savyb\u0117s:<\/h2>\n<ul>\n<li>Polimerinis konstrukcija<\/li>\n<li>Lengvas dizainas<\/li>\n<li>Pusiau permatomas korpusas<\/li>\n<li>Plieninis dugnas<\/li>\n<\/ul>\n<h2>Technin\u0117s specifikacijos:<\/h2>\n<ul>\n<li>Korpusas: Polimeras<\/li>\n<li>St\u016bmiklis: Plienas<\/li>\n<li>Kalibras: 5,56&#215;45 mm \/ .223 Rem<\/li>\n<li>Talpa: 10 \u0161ovini\u0173<\/li>\n<li>Svoris: 103 g<\/li>\n<li>Spalva: Permatoma<\/li>\n<\/ul>\n<p>\u0160is d\u0117tuv\u0117 tinka AK \u0161autuvams.<\/p>\n","protected":false},"excerpt":{"rendered":"<p>Polimerinis AK d\u0117tuv\u0117, 10 \u0161ovini\u0173, 5,56\u00d745\/.223, pusiau permatoma, WBP Rog\u00f3w<\/p>\n","protected":false},"featured_media":577682,"template":"","meta":{"_acf_changed":false},"product_brand":[],"product_cat":[13741,13724],"product_tag":[],"class_list":{"0":"post-577608","1":"product","2":"type-product","3":"status-publish","4":"has-post-thumbnail","6":"product_cat-sautuvas","7":"product_cat-sautuvu-detuves","9":"first","10":"outofstock","11":"taxable","12":"shipping-taxable","13":"product-type-simple"},"acf":[],"_links":{"self":[{"href":"https:\/\/staging.nbg.eu\/lt\/wp-json\/wp\/v2\/product\/577608","targetHints":{"allow":["GET"]}}],"collection":[{"href":"https:\/\/staging.nbg.eu\/lt\/wp-json\/wp\/v2\/product"}],"about":[{"href":"https:\/\/staging.nbg.eu\/lt\/wp-json\/wp\/v2\/types\/product"}],"wp:featuredmedia":[{"embeddable":true,"href":"https:\/\/staging.nbg.eu\/lt\/wp-json\/wp\/v2\/media\/577682"}],"wp:attachment":[{"href":"https:\/\/staging.nbg.eu\/lt\/wp-json\/wp\/v2\/media?parent=577608"}],"wp:term":[{"taxonomy":"product_brand","embeddable":true,"href":"https:\/\/staging.nbg.eu\/lt\/wp-json\/wp\/v2\/product_brand?post=577608"},{"taxonomy":"product_cat","embeddable":true,"href":"https:\/\/staging.nbg.eu\/lt\/wp-json\/wp\/v2\/product_cat?post=577608"},{"taxonomy":"product_tag","embeddable":true,"href":"https:\/\/staging.nbg.eu\/lt\/wp-json\/wp\/v2\/product_tag?post=577608"}],"curies":[{"name":"wp","href":"https:\/\/api.w.org\/{rel}","templated":true}]}}