{"id":577346,"date":"2025-10-10T16:06:55","date_gmt":"2025-10-10T13:06:55","guid":{"rendered":"https:\/\/staging.nbg.eu\/product\/polymer-magazine-762x39-mm-for-akm-rifle-30-rounds\/"},"modified":"2025-10-15T12:27:21","modified_gmt":"2025-10-15T09:27:21","slug":"polimerinis-detuve-762x39-mm-akm-sautuvui-30-soviniu","status":"publish","type":"product","link":"https:\/\/staging.nbg.eu\/lt\/produktas\/polimerinis-detuve-762x39-mm-akm-sautuvui-30-soviniu\/","title":{"rendered":"Polimerinis detuve 7,62&#215;39 mm AKM sautuvui 30 soviniu"},"content":{"rendered":"<div class=\"product-description\">\n<h2>WBP\u00ae Polimerinis d\u0117tuv\u0117 AK\/AKM \u0161autuvams &#8211; 7,62&#215;39 mm, 30 \u0161ovini\u0173<\/h2>\n<p>WBP\u00ae 30 \u0161ovini\u0173 d\u0117tuv\u0117 AK\/AKM \u0161autuvams. Pagaminta Lenkijoje. D\u0117tuv\u0117s savyb\u0117s:<\/p>\n<ul>\n<li>Skaidrus, sm\u016bgiams atsparus polimerinis korpusas<\/li>\n<li>Lengvas dizainas su sustiprintu plieniniu pagrindu<\/li>\n<li>Tinka daugumai AK-47 platformos \u0161autuv\u0173, naudojan\u010di\u0173 7,62\u00d739 mm \u0161ovinius<\/li>\n<li>Lenki\u0161kas gaminys, i\u0161bandytas speciali\u0173j\u0173 paj\u0117g\u0173<\/li>\n<\/ul>\n<p>WBP polimerinis d\u0117tuv\u0117. Tinka AK \u0161autuv\u0173 savininkams.<\/p>\n<p><strong>Specifikacijos:<\/strong> Kalibras: 7,62&#215;39 mm | Talpa: 30 \u0161ovini\u0173 | Med\u017eiaga: Polimeras su plieniniu pagrindu<\/p>\n<\/div>\n","protected":false},"excerpt":{"rendered":"<p>Skaidrus 30 \u0161ovini\u0173 AK\/AKM d\u0117tuv\u0117. Patvarus polimeras, plieninis pagrindas. 7,62&#215;39 mm.<\/p>\n","protected":false},"featured_media":577490,"template":"","meta":{"_acf_changed":false},"product_brand":[],"product_cat":[13741,13724],"product_tag":[],"class_list":{"0":"post-577346","1":"product","2":"type-product","3":"status-publish","4":"has-post-thumbnail","6":"product_cat-sautuvas","7":"product_cat-sautuvu-detuves","9":"first","10":"outofstock","11":"taxable","12":"shipping-taxable","13":"product-type-simple"},"acf":[],"_links":{"self":[{"href":"https:\/\/staging.nbg.eu\/lt\/wp-json\/wp\/v2\/product\/577346","targetHints":{"allow":["GET"]}}],"collection":[{"href":"https:\/\/staging.nbg.eu\/lt\/wp-json\/wp\/v2\/product"}],"about":[{"href":"https:\/\/staging.nbg.eu\/lt\/wp-json\/wp\/v2\/types\/product"}],"wp:featuredmedia":[{"embeddable":true,"href":"https:\/\/staging.nbg.eu\/lt\/wp-json\/wp\/v2\/media\/577490"}],"wp:attachment":[{"href":"https:\/\/staging.nbg.eu\/lt\/wp-json\/wp\/v2\/media?parent=577346"}],"wp:term":[{"taxonomy":"product_brand","embeddable":true,"href":"https:\/\/staging.nbg.eu\/lt\/wp-json\/wp\/v2\/product_brand?post=577346"},{"taxonomy":"product_cat","embeddable":true,"href":"https:\/\/staging.nbg.eu\/lt\/wp-json\/wp\/v2\/product_cat?post=577346"},{"taxonomy":"product_tag","embeddable":true,"href":"https:\/\/staging.nbg.eu\/lt\/wp-json\/wp\/v2\/product_tag?post=577346"}],"curies":[{"name":"wp","href":"https:\/\/api.w.org\/{rel}","templated":true}]}}