{"id":576849,"date":"2025-10-10T16:06:53","date_gmt":"2025-10-10T13:06:53","guid":{"rendered":"https:\/\/staging.nbg.eu\/product\/polymer-magazine-545x39-mm-fo-akm-rifles-30-rounds\/"},"modified":"2025-10-15T12:16:07","modified_gmt":"2025-10-15T09:16:07","slug":"polimerinis-detuve-545x39-mm-akm-sautuvams-30-soviniu","status":"publish","type":"product","link":"https:\/\/staging.nbg.eu\/lt\/produktas\/polimerinis-detuve-545x39-mm-akm-sautuvams-30-soviniu\/","title":{"rendered":"Polimerinis detuve 5,45&#215;39 mm AKM sautuvams 30 soviniu"},"content":{"rendered":"<div class=\"product-description\">\n<h2>Polimerinis d\u0117tuv\u0117 AK 5,45&#215;39 mm &#8211; 30 \u0161ovini\u0173<\/h2>\n<h2>WBP Rog\u00f3w pusiau skaidrus d\u0117tuv\u0117<\/h2>\n<p>Skirta AK-74 arba Tantal \u0161autuvams. Pagaminta i\u0161 polimero, 5,45&#215;39 mm kalibro \u0161oviniams, talpina 30 \u0161ovini\u0173.<\/p>\n<h3>Pagrindin\u0117s savyb\u0117s:<\/h3>\n<ul>\n<li>Tvirtas polimerinis korpusas<\/li>\n<li>Pusiau skaidrus korpusas \u0161ovini\u0173 kiekiui patikrinti<\/li>\n<li>Plienu sutvirtintas dugnas<\/li>\n<li>Svoris: 153 gramai<\/li>\n<li>Tinka AK-74 ir Tantal \u0161autuvams<\/li>\n<\/ul>\n<h3>Technin\u0117s specifikacijos:<\/h3>\n<ul>\n<li>Kalibras: 5,45&#215;39 mm<\/li>\n<li>Talpa: 30 \u0161ovini\u0173<\/li>\n<li>Korpuso ir sekiklio med\u017eiaga: Polimeras<\/li>\n<li>Dugno med\u017eiaga: Plienas<\/li>\n<li>Spalva: Pusiau skaidri<\/li>\n<\/ul>\n<p>WBP Rog\u00f3w polimerinis d\u0117tuv\u0117 skirtas AK platformos \u0161autuvams.<\/p>\n<\/div>\n","protected":false},"excerpt":{"rendered":"<p>Pusiau permatoma 30 \u0161ovini\u0173 AK d\u0117tuv\u0117, 5.45x39mm, pagaminta WBP Rog\u00f3w<\/p>\n","protected":false},"featured_media":576929,"template":"","meta":{"_acf_changed":false},"product_brand":[],"product_cat":[13741,13724],"product_tag":[],"class_list":{"0":"post-576849","1":"product","2":"type-product","3":"status-publish","4":"has-post-thumbnail","6":"product_cat-sautuvas","7":"product_cat-sautuvu-detuves","9":"first","10":"outofstock","11":"taxable","12":"shipping-taxable","13":"product-type-simple"},"acf":[],"_links":{"self":[{"href":"https:\/\/staging.nbg.eu\/lt\/wp-json\/wp\/v2\/product\/576849","targetHints":{"allow":["GET"]}}],"collection":[{"href":"https:\/\/staging.nbg.eu\/lt\/wp-json\/wp\/v2\/product"}],"about":[{"href":"https:\/\/staging.nbg.eu\/lt\/wp-json\/wp\/v2\/types\/product"}],"wp:featuredmedia":[{"embeddable":true,"href":"https:\/\/staging.nbg.eu\/lt\/wp-json\/wp\/v2\/media\/576929"}],"wp:attachment":[{"href":"https:\/\/staging.nbg.eu\/lt\/wp-json\/wp\/v2\/media?parent=576849"}],"wp:term":[{"taxonomy":"product_brand","embeddable":true,"href":"https:\/\/staging.nbg.eu\/lt\/wp-json\/wp\/v2\/product_brand?post=576849"},{"taxonomy":"product_cat","embeddable":true,"href":"https:\/\/staging.nbg.eu\/lt\/wp-json\/wp\/v2\/product_cat?post=576849"},{"taxonomy":"product_tag","embeddable":true,"href":"https:\/\/staging.nbg.eu\/lt\/wp-json\/wp\/v2\/product_tag?post=576849"}],"curies":[{"name":"wp","href":"https:\/\/api.w.org\/{rel}","templated":true}]}}