{"id":576673,"date":"2025-10-10T15:52:39","date_gmt":"2025-10-10T12:52:39","guid":{"rendered":"https:\/\/staging.nbg.eu\/product\/adapter-single-arta435-52-52mm\/"},"modified":"2025-10-15T12:10:51","modified_gmt":"2025-10-15T09:10:51","slug":"adapteris-viengubas-arta435-52-52mm","status":"publish","type":"product","link":"https:\/\/staging.nbg.eu\/lt\/produktas\/adapteris-viengubas-arta435-52-52mm\/","title":{"rendered":"Adapteris viengubas ARTA435-52, 52mm"},"content":{"rendered":"<div class=\"product-description\">\n<h2>Adapteris vienetas ARTA435-52, 52mm<\/h2>\n<p>ARTA435-52 yra greitai nuimamas varpo formos adapteris, skirtas Guide TA ir TB termoviziniams prietaisams. \u0160is 52mm adapteris yra skirtas sujungti dienin\u012f taikikl\u012f su termoviziniu prietaisu.<\/p>\n<h2>Pagrindin\u0117s savyb\u0117s:<\/h2>\n<ul>\n<li>Suderinamas su prietaisais, naudojan\u010diais M33.5&#215;0.75 srieg\u012f<\/li>\n<li>Pagamintas i\u0161 aliuminio<\/li>\n<li>Judan\u010dios dalys pagamintos i\u0161 gr\u016bdinto plieno<\/li>\n<li>Turi vidin\u0119 apsaugin\u0119 dang\u0105<\/li>\n<li>U\u017etikrina tvirt\u0105 laikym\u0105 ir apsaugo optik\u0105<\/li>\n<li>Greitai nuimamas mechanizmas<\/li>\n<\/ul>\n<h2>Suderinamumas:<\/h2>\n<p>\u0160is adapteris suderinamas su \u012fvairiais termovizoriniais prietaisais, \u012fskaitant:<\/p>\n<ul>\n<li>Guide TB ir TA serijos<\/li>\n<li>Athlon Cronus ATS Pro<\/li>\n<li>Burris BTC50, BTC35 v2 ir v3<\/li>\n<li>Steiner Nighthunter C35 Gen I ir Gen II<\/li>\n<li>Konus Fiery<\/li>\n<li>Nitehog Viper<\/li>\n<\/ul>\n<p>Prie\u0161 pirkdami \u012fsitikinkite, kad j\u016bs\u0173 taikiklio objektyvo i\u0161orinis skersmuo yra 52mm. Alternatyviems montavimo variantams galite rinktis m\u016bs\u0173 Picatinny b\u0117gelio adapterius, kurie yra \u012fvairi\u0173 auk\u0161\u010di\u0173.<\/p>\n<p>Pagamintas Rusan-Mikron, \u0161is adapteris u\u017etikrina tinkam\u0105 pritaikym\u0105 ir integracij\u0105 su j\u016bs\u0173 termovizine sistema.<\/p>\n<\/div>\n","protected":false},"excerpt":{"rendered":"<p>52 mm Rusan adapteris, skirtas \u201eGuide&#8221; termovizoriniams priedams. Greitai nuimamas, aliuminis.<\/p>\n","protected":false},"featured_media":576774,"template":"","meta":{"_acf_changed":false},"product_brand":[],"product_cat":[13717,13674,13672],"product_tag":[],"class_list":{"0":"post-576673","1":"product","2":"type-product","3":"status-publish","4":"has-post-thumbnail","6":"product_cat-taikymas","7":"product_cat-taikymosi-priedai","8":"product_cat-terminis","10":"first","11":"outofstock","12":"taxable","13":"shipping-taxable","14":"purchasable","15":"product-type-simple"},"acf":[],"_links":{"self":[{"href":"https:\/\/staging.nbg.eu\/lt\/wp-json\/wp\/v2\/product\/576673","targetHints":{"allow":["GET"]}}],"collection":[{"href":"https:\/\/staging.nbg.eu\/lt\/wp-json\/wp\/v2\/product"}],"about":[{"href":"https:\/\/staging.nbg.eu\/lt\/wp-json\/wp\/v2\/types\/product"}],"wp:featuredmedia":[{"embeddable":true,"href":"https:\/\/staging.nbg.eu\/lt\/wp-json\/wp\/v2\/media\/576774"}],"wp:attachment":[{"href":"https:\/\/staging.nbg.eu\/lt\/wp-json\/wp\/v2\/media?parent=576673"}],"wp:term":[{"taxonomy":"product_brand","embeddable":true,"href":"https:\/\/staging.nbg.eu\/lt\/wp-json\/wp\/v2\/product_brand?post=576673"},{"taxonomy":"product_cat","embeddable":true,"href":"https:\/\/staging.nbg.eu\/lt\/wp-json\/wp\/v2\/product_cat?post=576673"},{"taxonomy":"product_tag","embeddable":true,"href":"https:\/\/staging.nbg.eu\/lt\/wp-json\/wp\/v2\/product_tag?post=576673"}],"curies":[{"name":"wp","href":"https:\/\/api.w.org\/{rel}","templated":true}]}}