{"id":575617,"date":"2025-10-10T12:35:07","date_gmt":"2025-10-10T09:35:07","guid":{"rendered":"https:\/\/staging.nbg.eu\/product\/grips-kmr-l-dotmatrix-ergo-short-for-orca-emiq-pink\/"},"modified":"2025-10-15T11:49:18","modified_gmt":"2025-10-15T08:49:18","slug":"rankenos-kmr-l-taskine-matrica-ergo-trumpos-orca-emiq-rozines","status":"publish","type":"product","link":"https:\/\/staging.nbg.eu\/lt\/produktas\/rankenos-kmr-l-taskine-matrica-ergo-trumpos-orca-emiq-rozines\/","title":{"rendered":"Rankenos KMR L taskine matrica ergo trumpos ORCA, EMIQ rozines"},"content":{"rendered":"<h2>GRIPS KMR L DOTMATRIX ERGO SHORT skirtas ORCA, EMIQ &#8211; RO\u017dINIS<\/h2>\n<p>GRIPS KMR L DOTMATRIX ERGO SHORT skirtas ORCA, EMIQ ro\u017ein\u0117s spalvos. \u0160ios duraliuminio rankenos turi golfo kamuoliuko ra\u0161t\u0105, u\u017etikrinant\u012f tvirt\u0105 laikym\u0105.<\/p>\n<h2>Pagrindin\u0117s savyb\u0117s:<\/h2>\n<ul>\n<li>Nuoroda: 0611-03204-0110<\/li>\n<li>Prek\u0117s \u017eenklas: KMR Precision Arms<\/li>\n<li>Dydis: Trumpas<\/li>\n<li>Med\u017eiaga: Anoduotas duraliuminis<\/li>\n<li>Ra\u0161tas: Golfo kamuoliuko (Dotmatrix Ergo)<\/li>\n<li>Naudojimas: Su d\u0117tuv\u0117s kreiptuvu<\/li>\n<li>Komplekte: Torx var\u017etai<\/li>\n<\/ul>\n<p>Tinka pistoleto atnaujinimui arba var\u017eybiniam ginklui. Suderinama su KMR L-02 EMIQ, KMR L-02 EMIQ (OR) ir KMR L-02 ORCA (iki 2023 m.).<\/p>\n","protected":false},"excerpt":{"rendered":"<p>Ro\u017ein\u0117s duralumin rankenos, skirtos ORCA\/EMIQ. Golfo kamuoliuko tekst\u016bra. Trumpos, ergonomi\u0161kos.<\/p>\n","protected":false},"featured_media":575624,"template":"","meta":{"_acf_changed":false},"product_brand":[],"product_cat":[13693],"product_tag":[],"class_list":{"0":"post-575617","1":"product","2":"type-product","3":"status-publish","4":"has-post-thumbnail","6":"product_cat-kmr-dalys","8":"first","9":"outofstock","10":"taxable","11":"shipping-taxable","12":"purchasable","13":"product-type-simple"},"acf":[],"_links":{"self":[{"href":"https:\/\/staging.nbg.eu\/lt\/wp-json\/wp\/v2\/product\/575617","targetHints":{"allow":["GET"]}}],"collection":[{"href":"https:\/\/staging.nbg.eu\/lt\/wp-json\/wp\/v2\/product"}],"about":[{"href":"https:\/\/staging.nbg.eu\/lt\/wp-json\/wp\/v2\/types\/product"}],"wp:featuredmedia":[{"embeddable":true,"href":"https:\/\/staging.nbg.eu\/lt\/wp-json\/wp\/v2\/media\/575624"}],"wp:attachment":[{"href":"https:\/\/staging.nbg.eu\/lt\/wp-json\/wp\/v2\/media?parent=575617"}],"wp:term":[{"taxonomy":"product_brand","embeddable":true,"href":"https:\/\/staging.nbg.eu\/lt\/wp-json\/wp\/v2\/product_brand?post=575617"},{"taxonomy":"product_cat","embeddable":true,"href":"https:\/\/staging.nbg.eu\/lt\/wp-json\/wp\/v2\/product_cat?post=575617"},{"taxonomy":"product_tag","embeddable":true,"href":"https:\/\/staging.nbg.eu\/lt\/wp-json\/wp\/v2\/product_tag?post=575617"}],"curies":[{"name":"wp","href":"https:\/\/api.w.org\/{rel}","templated":true}]}}