{"id":57556,"date":"2024-02-20T19:53:48","date_gmt":"2024-09-13T14:33:14","guid":{"rendered":"https:\/\/staging.nbg.eu\/product\/geissele-ar15-super-precision-30mm-extended\/"},"modified":"2024-09-13T14:34:12","modified_gmt":"2024-09-13T14:34:12","slug":"geissele-ar15-super-precision-30mm-pailgintas","status":"publish","type":"product","link":"https:\/\/staging.nbg.eu\/lt\/produktas\/geissele-ar15-super-precision-30mm-pailgintas\/","title":{"rendered":"Geissele AR15 Super Precision\u00ae 30mm, Pailgintas"},"content":{"rendered":"<div class=\"product-description\">\n<h2>Geissele AR15 Super Precision\u00ae 30mm, Pailgintas<\/h2>\n<p>Skirtas naudoti su AR-15\/M4 vir\u0161utin\u0117mis dalimis, Geissele Super Precision\u00ae 30mm pailgintas laikiklis u\u017etikrina stabilum\u0105 ir tikslum\u0105. Pagrindin\u0117s savyb\u0117s:<\/p>\n<ul>\n<li>7 sekcij\u0173 picatinny b\u0117gelis su 4 tvirtinimo ausimis<\/li>\n<li>Ver\u017el\u0117s ir var\u017eto tvirtinimo sistema, suteikianti 1,400 svar\u0173 j\u0117gos vienam rinkiniui<\/li>\n<li>Pagamintas i\u0161 vientisos 7075-T6 aliuminio ruo\u0161inio<\/li>\n<li>Sustiprintas strateginiais \u012fdubimais ir briaunomis<\/li>\n<li>Tiksliai i\u0161gr\u0119\u017eti gaubteliai optikai<\/li>\n<li>\u012evairios gaubteli\u0173 vietos, tinkan\u010dios skirtingiems optikos dizainams<\/li>\n<\/ul>\n<p>\u0160is optikos laikiklis u\u017etikrina gr\u012f\u017eim\u0105 \u012f nulin\u0119 pad\u0117t\u012f ir patvarum\u0105, skirtas naudoti sud\u0117tingomis s\u0105lygomis.<\/p>\n<\/div>\n","protected":false},"excerpt":{"rendered":"<p>Tikslus 30 mm AR-15 optikos montavimo laikiklis. Saugus, patvarus, pagamintas i\u0161 7075-T6 aliuminio.<\/p>\n","protected":false},"featured_media":57557,"template":"","meta":{"_acf_changed":false},"product_brand":[11386],"product_cat":[13741],"product_tag":[],"class_list":{"0":"post-57556","1":"product","2":"type-product","3":"status-publish","4":"has-post-thumbnail","6":"product_brand-geissele","7":"product_cat-sautuvas","9":"first","10":"instock","11":"taxable","12":"shipping-taxable","13":"product-type-variable","14":"wvs-archive-product-wrapper"},"acf":[],"_links":{"self":[{"href":"https:\/\/staging.nbg.eu\/lt\/wp-json\/wp\/v2\/product\/57556","targetHints":{"allow":["GET"]}}],"collection":[{"href":"https:\/\/staging.nbg.eu\/lt\/wp-json\/wp\/v2\/product"}],"about":[{"href":"https:\/\/staging.nbg.eu\/lt\/wp-json\/wp\/v2\/types\/product"}],"wp:featuredmedia":[{"embeddable":true,"href":"https:\/\/staging.nbg.eu\/lt\/wp-json\/wp\/v2\/media\/57557"}],"wp:attachment":[{"href":"https:\/\/staging.nbg.eu\/lt\/wp-json\/wp\/v2\/media?parent=57556"}],"wp:term":[{"taxonomy":"product_brand","embeddable":true,"href":"https:\/\/staging.nbg.eu\/lt\/wp-json\/wp\/v2\/product_brand?post=57556"},{"taxonomy":"product_cat","embeddable":true,"href":"https:\/\/staging.nbg.eu\/lt\/wp-json\/wp\/v2\/product_cat?post=57556"},{"taxonomy":"product_tag","embeddable":true,"href":"https:\/\/staging.nbg.eu\/lt\/wp-json\/wp\/v2\/product_tag?post=57556"}],"curies":[{"name":"wp","href":"https:\/\/api.w.org\/{rel}","templated":true}]}}