{"id":575539,"date":"2025-10-10T12:34:58","date_gmt":"2025-10-10T09:34:58","guid":{"rendered":"https:\/\/staging.nbg.eu\/product\/grips-kmr-l-dotmatrix-ergo-brass\/"},"modified":"2025-10-15T11:44:27","modified_gmt":"2025-10-15T08:44:27","slug":"rankenos-kmr-l-taskine-matrica-ergo-zalvarines","status":"publish","type":"product","link":"https:\/\/staging.nbg.eu\/lt\/produktas\/rankenos-kmr-l-taskine-matrica-ergo-zalvarines\/","title":{"rendered":"Rankenos KMR L taskine matrica ergo zalvarines"},"content":{"rendered":"<h2>GRIPS KMR S DOTMATRIX ERGO \u017dALVARIS<\/h2>\n<p><strong>Nuoroda:<\/strong> 0611-03001-0316<\/p>\n<p><strong>Prek\u0117s \u017eenklas:<\/strong> KMR Precision Arms<\/p>\n<p>GRIPS KMR S DOTMATRIX ERGO \u017dALVARIS rankenos yra suderinamos su \u012fvairiais KMR ir CZ modeliais, \u012fskaitant KMR S-01 LANCE (OR), KMR S-02 (iki 2023 m.), CZ SHADOW 1, CZ SHADOW 2, CZ SHADOW 2 (OR) ir CZ SP-01.<\/p>\n<p>\u0160ios rankenos yra pilno dyd\u017eio, be d\u0117tuv\u0117s \u0161achtos. Dotmatrix Ergo tekst\u016bra u\u017etikrina tvirt\u0105 laikym\u0105. <\/p>\n<p>Rankenos pagamintos i\u0161 \u017ealvario ir tinka sportiniam \u0161audymui bei ginkl\u0173 entuziastams.<\/p>\n","protected":false},"excerpt":{"rendered":"<p>Ergonomi\u0161kos \u017ealvarin\u0117s rankenos KMR pistoletams. Ta\u0161kinio ra\u0161to tekst\u016bra, pilno dyd\u017eio.<\/p>\n","protected":false},"featured_media":575558,"template":"","meta":{"_acf_changed":false},"product_brand":[],"product_cat":[13693],"product_tag":[],"class_list":{"0":"post-575539","1":"product","2":"type-product","3":"status-publish","4":"has-post-thumbnail","6":"product_cat-kmr-dalys","8":"first","9":"instock","10":"taxable","11":"shipping-taxable","12":"purchasable","13":"product-type-simple"},"acf":[],"_links":{"self":[{"href":"https:\/\/staging.nbg.eu\/lt\/wp-json\/wp\/v2\/product\/575539","targetHints":{"allow":["GET"]}}],"collection":[{"href":"https:\/\/staging.nbg.eu\/lt\/wp-json\/wp\/v2\/product"}],"about":[{"href":"https:\/\/staging.nbg.eu\/lt\/wp-json\/wp\/v2\/types\/product"}],"wp:featuredmedia":[{"embeddable":true,"href":"https:\/\/staging.nbg.eu\/lt\/wp-json\/wp\/v2\/media\/575558"}],"wp:attachment":[{"href":"https:\/\/staging.nbg.eu\/lt\/wp-json\/wp\/v2\/media?parent=575539"}],"wp:term":[{"taxonomy":"product_brand","embeddable":true,"href":"https:\/\/staging.nbg.eu\/lt\/wp-json\/wp\/v2\/product_brand?post=575539"},{"taxonomy":"product_cat","embeddable":true,"href":"https:\/\/staging.nbg.eu\/lt\/wp-json\/wp\/v2\/product_cat?post=575539"},{"taxonomy":"product_tag","embeddable":true,"href":"https:\/\/staging.nbg.eu\/lt\/wp-json\/wp\/v2\/product_tag?post=575539"}],"curies":[{"name":"wp","href":"https:\/\/api.w.org\/{rel}","templated":true}]}}