{"id":575376,"date":"2025-10-10T12:34:58","date_gmt":"2025-10-10T09:34:58","guid":{"rendered":"https:\/\/staging.nbg.eu\/product\/grips-kmr-l-dotmatrix-short-for-orca-emiq-pink\/"},"modified":"2025-10-15T11:40:27","modified_gmt":"2025-10-15T08:40:27","slug":"rankenos-kmr-l-taskine-matrica-trumpos-orca-emiq-rozines","status":"publish","type":"product","link":"https:\/\/staging.nbg.eu\/lt\/produktas\/rankenos-kmr-l-taskine-matrica-trumpos-orca-emiq-rozines\/","title":{"rendered":"Rankenos KMR L taskine matrica trumpos ORCA, EMIQ rozines"},"content":{"rendered":"<div class=\"product-description\">\n<h2>GRIPS KMR L DOTMATRIX TRUMPAS ORCA, EMIQ modeliams &#8211; RO\u017dINIS<\/h2>\n<p>Duraliuminio ranken\u0117l\u0117s nuo KMR Precision Arms. Su golfo kamuoliuko ra\u0161tu, \u0161ios ranken\u0117l\u0117s suteikia kontrol\u0119 \u012fvairiose situacijose.<\/p>\n<ul>\n<li>Nuoroda: 0611-03202-0110<\/li>\n<li>Spalva: Ro\u017ein\u0117<\/li>\n<li>Dydis: Trumpas<\/li>\n<li>Med\u017eiaga: Anoduotas duraliuminis<\/li>\n<li>Ra\u0161tas: Dotmatrix (golfo kamuoliuko)<\/li>\n<li>Naudojimas: Su d\u0117tuv\u0117s kreiptuvu<\/li>\n<li>Komplekte: Torx var\u017etai<\/li>\n<\/ul>\n<p>Tinka pistoleto atnaujinimui arba var\u017eybiniam ginklui. Suderinamas su KMR L-02 EMIQ, KMR L-02 EMIQ (OR) ir KMR L-02 ORCA (iki 2023 m.) modeliais.<\/p>\n<p>Ranken\u0117l\u0117s turi tekst\u016bruot\u0105 pavir\u0161i\u0173. Gamintojas: KMR Precision Arms.<\/p>\n<\/div>\n","protected":false},"excerpt":{"rendered":"<p>Ro\u017ein\u0117s KMR duraliuminio rankenos, skirtos ORCA, EMIQ. Trumpos, su golfo kamuoliuko ra\u0161tu.<\/p>\n","protected":false},"featured_media":575398,"template":"","meta":{"_acf_changed":false},"product_brand":[],"product_cat":[13693],"product_tag":[],"class_list":{"0":"post-575376","1":"product","2":"type-product","3":"status-publish","4":"has-post-thumbnail","6":"product_cat-kmr-dalys","8":"first","9":"instock","10":"taxable","11":"shipping-taxable","12":"purchasable","13":"product-type-simple"},"acf":[],"_links":{"self":[{"href":"https:\/\/staging.nbg.eu\/lt\/wp-json\/wp\/v2\/product\/575376","targetHints":{"allow":["GET"]}}],"collection":[{"href":"https:\/\/staging.nbg.eu\/lt\/wp-json\/wp\/v2\/product"}],"about":[{"href":"https:\/\/staging.nbg.eu\/lt\/wp-json\/wp\/v2\/types\/product"}],"wp:featuredmedia":[{"embeddable":true,"href":"https:\/\/staging.nbg.eu\/lt\/wp-json\/wp\/v2\/media\/575398"}],"wp:attachment":[{"href":"https:\/\/staging.nbg.eu\/lt\/wp-json\/wp\/v2\/media?parent=575376"}],"wp:term":[{"taxonomy":"product_brand","embeddable":true,"href":"https:\/\/staging.nbg.eu\/lt\/wp-json\/wp\/v2\/product_brand?post=575376"},{"taxonomy":"product_cat","embeddable":true,"href":"https:\/\/staging.nbg.eu\/lt\/wp-json\/wp\/v2\/product_cat?post=575376"},{"taxonomy":"product_tag","embeddable":true,"href":"https:\/\/staging.nbg.eu\/lt\/wp-json\/wp\/v2\/product_tag?post=575376"}],"curies":[{"name":"wp","href":"https:\/\/api.w.org\/{rel}","templated":true}]}}