{"id":575277,"date":"2025-10-10T12:34:57","date_gmt":"2025-10-10T09:34:57","guid":{"rendered":"https:\/\/staging.nbg.eu\/product\/grips-kmr-l-waves-titan\/"},"modified":"2025-10-15T11:34:25","modified_gmt":"2025-10-15T08:34:25","slug":"rankenos-kmr-l-bangos-titanas","status":"publish","type":"product","link":"https:\/\/staging.nbg.eu\/lt\/produktas\/rankenos-kmr-l-bangos-titanas\/","title":{"rendered":"Rankenos KMR L bangos titanas"},"content":{"rendered":"<div class=\"product-description\">\n<h2>GRIPS KMR L WAVES TITAN<\/h2>\n<p>GRIPS KMR L WAVES TITAN (Nuoroda: 0611-05001-0107) i\u0161 KMR Precision Arms. \u0160ios pilno dyd\u017eio rankenos turi WAVES tekst\u016br\u0105.<\/p>\n<h2>Pagrindin\u0117s savyb\u0117s:<\/h2>\n<ul>\n<li>Suderinamos su KMR L-02 SPECTRA ir UMBRA modeliais<\/li>\n<li>Pilno dyd\u017eio rankena be d\u0117tuv\u0117s angos<\/li>\n<li>WAVES tekst\u016bra<\/li>\n<li>Titano spalvos variantas<\/li>\n<\/ul>\n<p>GRIPS KMR L WAVES TITAN rankenos.<\/p>\n<\/div>\n","protected":false},"excerpt":{"rendered":"<p>KMR L WAVES TITAN RANKENOS: Pagerina kontrol\u0119 ir tikslum\u0105 titano spalvos i\u0161pildyme.<\/p>\n","protected":false},"featured_media":575306,"template":"","meta":{"_acf_changed":false},"product_brand":[],"product_cat":[13693],"product_tag":[],"class_list":{"0":"post-575277","1":"product","2":"type-product","3":"status-publish","4":"has-post-thumbnail","6":"product_cat-kmr-dalys","8":"first","9":"instock","10":"taxable","11":"shipping-taxable","12":"purchasable","13":"product-type-simple"},"acf":[],"_links":{"self":[{"href":"https:\/\/staging.nbg.eu\/lt\/wp-json\/wp\/v2\/product\/575277","targetHints":{"allow":["GET"]}}],"collection":[{"href":"https:\/\/staging.nbg.eu\/lt\/wp-json\/wp\/v2\/product"}],"about":[{"href":"https:\/\/staging.nbg.eu\/lt\/wp-json\/wp\/v2\/types\/product"}],"wp:featuredmedia":[{"embeddable":true,"href":"https:\/\/staging.nbg.eu\/lt\/wp-json\/wp\/v2\/media\/575306"}],"wp:attachment":[{"href":"https:\/\/staging.nbg.eu\/lt\/wp-json\/wp\/v2\/media?parent=575277"}],"wp:term":[{"taxonomy":"product_brand","embeddable":true,"href":"https:\/\/staging.nbg.eu\/lt\/wp-json\/wp\/v2\/product_brand?post=575277"},{"taxonomy":"product_cat","embeddable":true,"href":"https:\/\/staging.nbg.eu\/lt\/wp-json\/wp\/v2\/product_cat?post=575277"},{"taxonomy":"product_tag","embeddable":true,"href":"https:\/\/staging.nbg.eu\/lt\/wp-json\/wp\/v2\/product_tag?post=575277"}],"curies":[{"name":"wp","href":"https:\/\/api.w.org\/{rel}","templated":true}]}}