{"id":575171,"date":"2025-10-10T12:34:54","date_gmt":"2025-10-10T09:34:54","guid":{"rendered":"https:\/\/staging.nbg.eu\/product\/grips-kmr-l-waves-black\/"},"modified":"2025-10-15T11:31:18","modified_gmt":"2025-10-15T08:31:18","slug":"rankenos-kmr-l-bangos-juodos","status":"publish","type":"product","link":"https:\/\/staging.nbg.eu\/lt\/produktas\/rankenos-kmr-l-bangos-juodos\/","title":{"rendered":"Rankenos KMR L bangos juodos"},"content":{"rendered":"<div class=\"product-description\">\n<h2>GRIPS KMR L WAVES JUODA<\/h2>\n<p>GRIPS KMR L WAVES JUODA nuo KMR Precision Arms. \u0160ie griebtuvai skirti pagerinti \u0161audymo \u012fg\u016bd\u017eius.<\/p>\n<h2>Pagrindin\u0117s savyb\u0117s:<\/h2>\n<ul>\n<li>Nuoroda: 0611-05001-0101<\/li>\n<li>Spalva: Juoda (Galima rinktis i\u0161 10 spalv\u0173 variant\u0173)<\/li>\n<li>Griebtuv\u0173 ilgis: Pilnas dydis &#8211; be d\u0117tuv\u0117s angos<\/li>\n<li>Tekst\u016bra: Bangos<\/li>\n<li>Suderinamas su KMR L-02 SPECTRA ir UMBRA modeliais<\/li>\n<\/ul>\n<p>WAVES tekst\u016bra u\u017etikrina maksimal\u0173 sukibim\u0105 ir kontrol\u0119. \u0160ie griebtuvai pagerins bendr\u0105 \u0161audymo patirt\u012f.<\/p>\n<\/div>\n","protected":false},"excerpt":{"rendered":"<p>Revoliucin\u0117s juodos WAVES rankenos KMR \u0161autuvams. Maksimalus valdymas ir tikslumas.<\/p>\n","protected":false},"featured_media":575193,"template":"","meta":{"_acf_changed":false},"product_brand":[],"product_cat":[13693],"product_tag":[],"class_list":{"0":"post-575171","1":"product","2":"type-product","3":"status-publish","4":"has-post-thumbnail","6":"product_cat-kmr-dalys","8":"first","9":"instock","10":"taxable","11":"shipping-taxable","12":"purchasable","13":"product-type-simple"},"acf":[],"_links":{"self":[{"href":"https:\/\/staging.nbg.eu\/lt\/wp-json\/wp\/v2\/product\/575171","targetHints":{"allow":["GET"]}}],"collection":[{"href":"https:\/\/staging.nbg.eu\/lt\/wp-json\/wp\/v2\/product"}],"about":[{"href":"https:\/\/staging.nbg.eu\/lt\/wp-json\/wp\/v2\/types\/product"}],"wp:featuredmedia":[{"embeddable":true,"href":"https:\/\/staging.nbg.eu\/lt\/wp-json\/wp\/v2\/media\/575193"}],"wp:attachment":[{"href":"https:\/\/staging.nbg.eu\/lt\/wp-json\/wp\/v2\/media?parent=575171"}],"wp:term":[{"taxonomy":"product_brand","embeddable":true,"href":"https:\/\/staging.nbg.eu\/lt\/wp-json\/wp\/v2\/product_brand?post=575171"},{"taxonomy":"product_cat","embeddable":true,"href":"https:\/\/staging.nbg.eu\/lt\/wp-json\/wp\/v2\/product_cat?post=575171"},{"taxonomy":"product_tag","embeddable":true,"href":"https:\/\/staging.nbg.eu\/lt\/wp-json\/wp\/v2\/product_tag?post=575171"}],"curies":[{"name":"wp","href":"https:\/\/api.w.org\/{rel}","templated":true}]}}