{"id":575071,"date":"2025-10-10T12:34:49","date_gmt":"2025-10-10T09:34:49","guid":{"rendered":"https:\/\/staging.nbg.eu\/product\/grips-kmr-l-modular-brass\/"},"modified":"2025-10-15T11:28:28","modified_gmt":"2025-10-15T08:28:28","slug":"rankenos-kmr-l-modulines-zalvarines","status":"publish","type":"product","link":"https:\/\/staging.nbg.eu\/lt\/produktas\/rankenos-kmr-l-modulines-zalvarines\/","title":{"rendered":"Rankenos KMR L modulines zalvarines"},"content":{"rendered":"<h2>GRIPS KMR L MODULIN\u0116 \u017dALVARIN\u0116<\/h2>\n<p><strong>Numeris:<\/strong> 0611-04101-0316<\/p>\n<p>GRIPS KMR L MODULIN\u0116 \u017dALVARIN\u0116 yra pilno dyd\u017eio rankena, skirta KMR be d\u0117tuv\u0117s \u0161achtos. Modulin\u0117 tekst\u016bra suteikia galimyb\u0119 pritaikyti laikym\u0105 pagal asmeninius poreikius.<\/p>\n<h2>Suderinami ginklai:<\/h2>\n<ul>\n<li>KMR L-02 SPECTRA (nuo 2024 m.)<\/li>\n<li>KMR L-02 SPECTRA (iki 2023 m.)<\/li>\n<li>KMR L-02 UMBRA<\/li>\n<li>KMR L-02 UMBRA (nuo 2024 m.)<\/li>\n<li>KMR L-02 UMBRA (iki 2023 m.)<\/li>\n<\/ul>\n<p>\u0160i rankena skirta pagerinti KMR valdym\u0105.<\/p>\n","protected":false},"excerpt":{"rendered":"<p>Pilno dyd\u017eio modulin\u0117 \u017ealvarin\u0117 rankena KMR L-02 SPECTRA\/UMBRA modeliams.<\/p>\n","protected":false},"featured_media":575096,"template":"","meta":{"_acf_changed":false},"product_brand":[],"product_cat":[13693],"product_tag":[],"class_list":{"0":"post-575071","1":"product","2":"type-product","3":"status-publish","4":"has-post-thumbnail","6":"product_cat-kmr-dalys","8":"first","9":"instock","10":"taxable","11":"shipping-taxable","12":"purchasable","13":"product-type-simple"},"acf":[],"_links":{"self":[{"href":"https:\/\/staging.nbg.eu\/lt\/wp-json\/wp\/v2\/product\/575071","targetHints":{"allow":["GET"]}}],"collection":[{"href":"https:\/\/staging.nbg.eu\/lt\/wp-json\/wp\/v2\/product"}],"about":[{"href":"https:\/\/staging.nbg.eu\/lt\/wp-json\/wp\/v2\/types\/product"}],"wp:featuredmedia":[{"embeddable":true,"href":"https:\/\/staging.nbg.eu\/lt\/wp-json\/wp\/v2\/media\/575096"}],"wp:attachment":[{"href":"https:\/\/staging.nbg.eu\/lt\/wp-json\/wp\/v2\/media?parent=575071"}],"wp:term":[{"taxonomy":"product_brand","embeddable":true,"href":"https:\/\/staging.nbg.eu\/lt\/wp-json\/wp\/v2\/product_brand?post=575071"},{"taxonomy":"product_cat","embeddable":true,"href":"https:\/\/staging.nbg.eu\/lt\/wp-json\/wp\/v2\/product_cat?post=575071"},{"taxonomy":"product_tag","embeddable":true,"href":"https:\/\/staging.nbg.eu\/lt\/wp-json\/wp\/v2\/product_tag?post=575071"}],"curies":[{"name":"wp","href":"https:\/\/api.w.org\/{rel}","templated":true}]}}