{"id":574890,"date":"2025-10-10T12:34:48","date_gmt":"2025-10-10T09:34:48","guid":{"rendered":"https:\/\/staging.nbg.eu\/product\/trigger-kmr-sa-da-from-2024\/"},"modified":"2025-10-15T11:24:58","modified_gmt":"2025-10-15T08:24:58","slug":"gaidukas-kmr-sada-nuo-2024","status":"publish","type":"product","link":"https:\/\/staging.nbg.eu\/lt\/produktas\/gaidukas-kmr-sada-nuo-2024\/","title":{"rendered":"Gaidukas KMR SA\/DA (nuo 2024)"},"content":{"rendered":"<h2>GAIDUKAS KMR SA\/DA (nuo 2024 m.)<\/h2>\n<h2>Nuoroda: 0861-01503-0900 | Gamintojas: KMR Precision Arms<\/h2>\n<p>\u0160is pakaitinis gaidukas skirtas KMR pistoletams. Jis tinka visiems KMR aliuminio ir plieno r\u0117mo pistoletams, pagamintiems nuo 2024 m. \u0160is SA\/DA plieninis gaidukas pagerina veikim\u0105 ir patikimum\u0105.<\/p>\n<ul>\n<li>Suderinamas su 3 mm gaiduko kai\u0161\u010diu<\/li>\n<li>Veikia su L SA\/DA arba W SA\/DA gaiduko strypu<\/li>\n<li>Gamyklinis gaiduko forma su grioveliais geresniam laikymui<\/li>\n<li>Tinka KMR L-02 SPECTRA ir UMBRA modeliams (nuo 2024 m.)<\/li>\n<li>Suderinamas su KMR S-01 LANCE (OR) ir S-02 (iki 2023 m.)<\/li>\n<li>Tinka KMR W-02 UMBRA<\/li>\n<\/ul>\n<p>\u0160is KMR gaidukas pagerina \u0161audymo kokyb\u0119.<\/p>\n","protected":false},"excerpt":{"rendered":"<p>Kei\u010diamas SA\/DA plieninis gaidukas KMR pistoletams, grioveli\u0173 dizainas.<\/p>\n","protected":false},"featured_media":574918,"template":"","meta":{"_acf_changed":false},"product_brand":[],"product_cat":[13693],"product_tag":[],"class_list":{"0":"post-574890","1":"product","2":"type-product","3":"status-publish","4":"has-post-thumbnail","6":"product_cat-kmr-dalys","8":"first","9":"instock","10":"taxable","11":"shipping-taxable","12":"purchasable","13":"product-type-simple"},"acf":[],"_links":{"self":[{"href":"https:\/\/staging.nbg.eu\/lt\/wp-json\/wp\/v2\/product\/574890","targetHints":{"allow":["GET"]}}],"collection":[{"href":"https:\/\/staging.nbg.eu\/lt\/wp-json\/wp\/v2\/product"}],"about":[{"href":"https:\/\/staging.nbg.eu\/lt\/wp-json\/wp\/v2\/types\/product"}],"wp:featuredmedia":[{"embeddable":true,"href":"https:\/\/staging.nbg.eu\/lt\/wp-json\/wp\/v2\/media\/574918"}],"wp:attachment":[{"href":"https:\/\/staging.nbg.eu\/lt\/wp-json\/wp\/v2\/media?parent=574890"}],"wp:term":[{"taxonomy":"product_brand","embeddable":true,"href":"https:\/\/staging.nbg.eu\/lt\/wp-json\/wp\/v2\/product_brand?post=574890"},{"taxonomy":"product_cat","embeddable":true,"href":"https:\/\/staging.nbg.eu\/lt\/wp-json\/wp\/v2\/product_cat?post=574890"},{"taxonomy":"product_tag","embeddable":true,"href":"https:\/\/staging.nbg.eu\/lt\/wp-json\/wp\/v2\/product_tag?post=574890"}],"curies":[{"name":"wp","href":"https:\/\/api.w.org\/{rel}","templated":true}]}}