{"id":57090,"date":"2024-02-20T20:01:55","date_gmt":"2024-09-13T14:29:26","guid":{"rendered":"https:\/\/staging.nbg.eu\/product\/geissele-ar15-super-precision-34mm-extended\/"},"modified":"2024-09-13T14:30:41","modified_gmt":"2024-09-13T14:30:41","slug":"geissele-ar15-super-precision-34mm-pailgintas","status":"publish","type":"product","link":"https:\/\/staging.nbg.eu\/lt\/produktas\/geissele-ar15-super-precision-34mm-pailgintas\/","title":{"rendered":"Geissele AR15 Super Precision\u00ae 34mm, Pailgintas"},"content":{"rendered":"<div class=\"product-description\">\n<h2>Geissele AR15 Super Precision\u00ae 34mm, Pailgintas<\/h2>\n<p>Geissele Super Precision\u00ae 34mm pailgintas optikos montavimo \u012ftaisas AR-15\/M4 ginklams. \u0160io montavimo \u012ftaiso savyb\u0117s:<\/p>\n<ul>\n<li>7 picatinny sekcijos su 4 fiksavimo i\u0161ky\u0161omis stabilumui u\u017etikrinti<\/li>\n<li>Ver\u017el\u0117s ir var\u017eto tvirtinimo sistema, u\u017etikrinanti 1,400 svar\u0173 j\u0117g\u0105 vienai porai<\/li>\n<li>Pagamintas i\u0161 vientisos 7075-T6 aliuminio liejinio dalies<\/li>\n<li>Padidintas standumas d\u0117l strateginio i\u0161tu\u0161tinimo ir briaun\u0173<\/li>\n<li>I\u0161gr\u0119\u017eti dangteliai tiksliam optikos pritaikymui ir apsaugai<\/li>\n<li>Sunumeruoti dangteliai i\u0161lyginimo u\u017etikrinimui<\/li>\n<li>Tinka \u012fvairiems optikos prietaisams<\/li>\n<\/ul>\n<p>U\u017etikrina tiksl\u0173 gr\u012f\u017eim\u0105 \u012f nulin\u0119 pad\u0117t\u012f ir patvarum\u0105.<\/p>\n<\/div>\n","protected":false},"excerpt":{"rendered":"<p>Tiksliai suprojektuotas 34 mm AR-15 optikos laikiklis, u\u017etikrinantis neprilygstam\u0105 stabilum\u0105.<\/p>\n","protected":false},"featured_media":57092,"template":"","meta":{"_acf_changed":false},"product_brand":[11386],"product_cat":[13741],"product_tag":[],"class_list":{"0":"post-57090","1":"product","2":"type-product","3":"status-publish","4":"has-post-thumbnail","6":"product_brand-geissele","7":"product_cat-sautuvas","9":"first","10":"instock","11":"taxable","12":"shipping-taxable","13":"product-type-variable","14":"wvs-archive-product-wrapper"},"acf":[],"_links":{"self":[{"href":"https:\/\/staging.nbg.eu\/lt\/wp-json\/wp\/v2\/product\/57090","targetHints":{"allow":["GET"]}}],"collection":[{"href":"https:\/\/staging.nbg.eu\/lt\/wp-json\/wp\/v2\/product"}],"about":[{"href":"https:\/\/staging.nbg.eu\/lt\/wp-json\/wp\/v2\/types\/product"}],"wp:featuredmedia":[{"embeddable":true,"href":"https:\/\/staging.nbg.eu\/lt\/wp-json\/wp\/v2\/media\/57092"}],"wp:attachment":[{"href":"https:\/\/staging.nbg.eu\/lt\/wp-json\/wp\/v2\/media?parent=57090"}],"wp:term":[{"taxonomy":"product_brand","embeddable":true,"href":"https:\/\/staging.nbg.eu\/lt\/wp-json\/wp\/v2\/product_brand?post=57090"},{"taxonomy":"product_cat","embeddable":true,"href":"https:\/\/staging.nbg.eu\/lt\/wp-json\/wp\/v2\/product_cat?post=57090"},{"taxonomy":"product_tag","embeddable":true,"href":"https:\/\/staging.nbg.eu\/lt\/wp-json\/wp\/v2\/product_tag?post=57090"}],"curies":[{"name":"wp","href":"https:\/\/api.w.org\/{rel}","templated":true}]}}