{"id":56714,"date":"2024-02-20T20:12:58","date_gmt":"2024-09-13T13:32:20","guid":{"rendered":"https:\/\/staging.nbg.eu\/product\/geissele-super-precision-scope-mount-30mm-for-ar-15-vortex-1-6\/"},"modified":"2024-09-13T13:33:15","modified_gmt":"2024-09-13T13:33:15","slug":"geissele-super-precision-taikikliu-laikiklis-30mm-skirtas-ar-15-vortex-1-6","status":"publish","type":"product","link":"https:\/\/staging.nbg.eu\/lt\/produktas\/geissele-super-precision-taikikliu-laikiklis-30mm-skirtas-ar-15-vortex-1-6\/","title":{"rendered":"Geissele Super Precision Taikikli\u0173 Laikiklis 30mm, skirtas AR-15 (Vortex 1-6)"},"content":{"rendered":"<div class=\"description-text\">\n<div class=\"exerpt\">\n<p>\u0160is AR-15 optikos montavimo \u012frenginys yra Geissele SOPMOD sertifikuotos serijos dalis, naudojama auk\u0161\u010diausio lygio karini\u0173 ir kovos su terorizmu dalini\u0173 JAV speciali\u0173j\u0173 operacij\u0173 vadovyb\u0117je (USSOCOM). SOPMOD yra USSOCOM programa, leid\u017eianti speciali\u0173j\u0173 operacij\u0173 personalui konfig\u016bruoti ginklus pagal individualius poreikius ir misijos reikalavimus. Programa yra patvirtinta pried\u0173 sistema M4A1 karabinui, FN SCAR Mk 16\/17 ir kitiems USSOCOM naudojamiems ginklams. Kiekvienas Geissele SOPMOD serijos gaminys buvo kruop\u0161\u010diai i\u0161bandytas ir sertifikuotas USSOCOM. \u0160ie optiniai montavimo \u012frenginiai yra pagaminti i\u0161 vieno 4,5 svar\u0173 orlaivi\u0173 klas\u0117s 7075-T6 aliuminio lydinio bloko.<\/p>\n<p>Individualiai sunumeruoti optikos dangteliai yra i\u0161gr\u0119\u017eti kartu su korpusu vienos operacijos metu, u\u017etikrinant geriausi\u0105 \u012fmanom\u0105 pritaikym\u0105 optikos korpusui. Geissele montavimo \u012frenginiai yra pritvirtinami naudojant klasikin\u0119 ver\u017el\u0117s ir spaustuko sistem\u0105, kuri u\u017etikrina 1400 svar\u0173 prispaudimo j\u0117g\u0105 vienai ver\u017elei. \u0160i sistema u\u017etikrina iki 3 kart\u0173 didesn\u0119 prispaudimo j\u0117g\u0105 nei bet kuri svirties sistema, o tiksliai apdirbti kirpimo plei\u0161tai padeda u\u017efiksuoti optik\u0105 ant imtuvo atatrankos metu. Montavimo pavir\u0161ius apima 8 picatinny sekcijas.<\/p>\n<h2 style=\"text-align: center\"><strong>&#8212; SPECIFIKACIJOS &#8212;<\/strong><\/h2>\n<table border=\"1\">\n<tbody>\n<tr>\n<td><strong>MED\u017dIAGA: <\/strong><\/td>\n<td> 7075-T6<\/td>\n<\/tr>\n<tr>\n<td><strong>SPALVA: <\/strong><\/td>\n<td> Juoda<\/td>\n<\/tr>\n<tr>\n<td><strong>APDAILA: <\/strong><\/td>\n<td> 3 tipo kietasis anodavimas<\/td>\n<\/tr>\n<tr>\n<td><strong>SVORIS: <\/strong><\/td>\n<td> 7,1 uncijos<\/td>\n<\/tr>\n<tr>\n<td><strong>\u017dIEDO DYDIS: <\/strong><\/td>\n<td> 30mm<\/td>\n<\/tr>\n<\/tbody>\n<\/table>\n<\/div>\n<\/div>\n","protected":false},"excerpt":{"rendered":"<p><strong>Geissele SOPMOD sertifikuot\u0173 serij\u0173 dalis<\/strong><\/p>\n","protected":false},"featured_media":56715,"template":"","meta":{"_acf_changed":false},"product_brand":[11386],"product_cat":[13741],"product_tag":[],"class_list":{"0":"post-56714","1":"product","2":"type-product","3":"status-publish","4":"has-post-thumbnail","6":"product_brand-geissele","7":"product_cat-sautuvas","9":"first","10":"instock","11":"taxable","12":"shipping-taxable","13":"product-type-variable","14":"wvs-archive-product-wrapper"},"acf":[],"_links":{"self":[{"href":"https:\/\/staging.nbg.eu\/lt\/wp-json\/wp\/v2\/product\/56714","targetHints":{"allow":["GET"]}}],"collection":[{"href":"https:\/\/staging.nbg.eu\/lt\/wp-json\/wp\/v2\/product"}],"about":[{"href":"https:\/\/staging.nbg.eu\/lt\/wp-json\/wp\/v2\/types\/product"}],"wp:featuredmedia":[{"embeddable":true,"href":"https:\/\/staging.nbg.eu\/lt\/wp-json\/wp\/v2\/media\/56715"}],"wp:attachment":[{"href":"https:\/\/staging.nbg.eu\/lt\/wp-json\/wp\/v2\/media?parent=56714"}],"wp:term":[{"taxonomy":"product_brand","embeddable":true,"href":"https:\/\/staging.nbg.eu\/lt\/wp-json\/wp\/v2\/product_brand?post=56714"},{"taxonomy":"product_cat","embeddable":true,"href":"https:\/\/staging.nbg.eu\/lt\/wp-json\/wp\/v2\/product_cat?post=56714"},{"taxonomy":"product_tag","embeddable":true,"href":"https:\/\/staging.nbg.eu\/lt\/wp-json\/wp\/v2\/product_tag?post=56714"}],"curies":[{"name":"wp","href":"https:\/\/api.w.org\/{rel}","templated":true}]}}