{"id":56518,"date":"2024-02-20T20:21:46","date_gmt":"2024-09-13T13:26:52","guid":{"rendered":"https:\/\/staging.nbg.eu\/product\/geissele-super-precision-zero-compromise-scope-mount-36mm-black\/"},"modified":"2024-09-13T13:27:44","modified_gmt":"2024-09-13T13:27:44","slug":"geissele-super-precision-zero-compromise-taikikliu-laikiklis-36mm-juodas","status":"publish","type":"product","link":"https:\/\/staging.nbg.eu\/lt\/produktas\/geissele-super-precision-zero-compromise-taikikliu-laikiklis-36mm-juodas\/","title":{"rendered":"Geissele Super Precision\u00ae &#8211; Zero Compromise Taikikli\u0173 Laikiklis, 36mm &#8211; Juodas"},"content":{"rendered":"<div class=\"product-description\">\n<h2>Geissele Super Precision\u00ae &#8211; Optikos montavimo sistema, 36mm &#8211; Juoda<\/h2>\n<p>Skirta Zero Compromise ZC420 optikos serijai, \u0161i montavimo sistema tinka ilg\u0173 nuotoli\u0173 \u0161auliams. Savyb\u0117s:<\/p>\n<ul>\n<li>20 MOA (5,7 MIL) \u012fmontuotas nuolydis padidintiems auk\u0161\u010dio nustatymams<\/li>\n<li>2,5&#8243; pailginta gemb\u0117 optimaliam akies atstumui<\/li>\n<li>Precizi\u0161kai apdirbti fiksatoriai stabilumui u\u017etikrinti<\/li>\n<li>1 400 svar\u0173 suspaudimo j\u0117ga naudojant atnaujint\u0105 ver\u017eli\u0173 ir var\u017et\u0173 sistem\u0105<\/li>\n<li>Greitas montavimas ir nu\u0117mimas naudojant \u012fprastus \u012frankius<\/li>\n<li>Geras gr\u012f\u017eimas \u012f pradin\u0119 pad\u0117t\u012f<\/li>\n<li>Kompakti\u0161kas dizainas patvarumui ir efektyvumui<\/li>\n<\/ul>\n<p>Geissele Super Precision\u00ae Zero Compromise optikos montavimo sistema u\u017etikrina tikslum\u0105 ir patikimum\u0105.<\/p>\n<\/div>\n","protected":false},"excerpt":{"rendered":"<p>Tvirtas 36 mm optikos tvirtinimo mechanizmas, skirtas itin tolim\u0173 nuotoli\u0173 tiksliajam \u0161audymui.<\/p>\n","protected":false},"featured_media":56519,"template":"","meta":{"_acf_changed":false},"product_brand":[11386],"product_cat":[13741],"product_tag":[],"class_list":{"0":"post-56518","1":"product","2":"type-product","3":"status-publish","4":"has-post-thumbnail","6":"product_brand-geissele","7":"product_cat-sautuvas","9":"first","10":"instock","11":"taxable","12":"shipping-taxable","13":"product-type-simple"},"acf":[],"_links":{"self":[{"href":"https:\/\/staging.nbg.eu\/lt\/wp-json\/wp\/v2\/product\/56518","targetHints":{"allow":["GET"]}}],"collection":[{"href":"https:\/\/staging.nbg.eu\/lt\/wp-json\/wp\/v2\/product"}],"about":[{"href":"https:\/\/staging.nbg.eu\/lt\/wp-json\/wp\/v2\/types\/product"}],"wp:featuredmedia":[{"embeddable":true,"href":"https:\/\/staging.nbg.eu\/lt\/wp-json\/wp\/v2\/media\/56519"}],"wp:attachment":[{"href":"https:\/\/staging.nbg.eu\/lt\/wp-json\/wp\/v2\/media?parent=56518"}],"wp:term":[{"taxonomy":"product_brand","embeddable":true,"href":"https:\/\/staging.nbg.eu\/lt\/wp-json\/wp\/v2\/product_brand?post=56518"},{"taxonomy":"product_cat","embeddable":true,"href":"https:\/\/staging.nbg.eu\/lt\/wp-json\/wp\/v2\/product_cat?post=56518"},{"taxonomy":"product_tag","embeddable":true,"href":"https:\/\/staging.nbg.eu\/lt\/wp-json\/wp\/v2\/product_tag?post=56518"}],"curies":[{"name":"wp","href":"https:\/\/api.w.org\/{rel}","templated":true}]}}