{"id":56416,"date":"2024-02-23T19:02:45","date_gmt":"2024-09-13T13:22:42","guid":{"rendered":"https:\/\/staging.nbg.eu\/product\/fox-classic-hunter-5-6-mm-505560-gr\/"},"modified":"2024-09-13T13:23:38","modified_gmt":"2024-09-13T13:23:38","slug":"fox-classic-hunter-56-mm-505560-gr","status":"publish","type":"product","link":"https:\/\/staging.nbg.eu\/lt\/produktas\/fox-classic-hunter-56-mm-505560-gr\/","title":{"rendered":"Fox Classic Hunter 5,6 mm (50,55,60 gr)"},"content":{"rendered":"<div class=\"product-description\">\n<h2>Fox Classic Hunter<\/h2>\n<p>Fox Classic Hunter yra be \u0161vino kulka, skirta Europos med\u017eiotojams. Ji tinka \u012fvairioms med\u017eiokl\u0117s situacijoms, \u012fskaitant \u0161ern\u0173 ar kaln\u0173 o\u017ei\u0173 med\u017eiokl\u0119. \u0160i kulka pagaminta i\u0161 vario ir cinko lydinio.<\/p>\n<ul>\n<li>Sud\u0117tis be \u0161vino<\/li>\n<li>Deformuojasi esant ma\u017eesniam sm\u016bgio grei\u010diui (500 m\/s)<\/li>\n<li>Grioveli\u0173 dizainas suma\u017eina sl\u0117g\u012f vamzdyje ir padidina greit\u012f<\/li>\n<li>Termostabilus plastikinis galiukas pagerina balistik\u0105 ir poveik\u012f taikinyje<\/li>\n<li>Kontroliuojamas i\u0161sipl\u0117timas energijos perdavimui<\/li>\n<li>Deformacija grybo formos, iki dvigubo kalibro skersmens<\/li>\n<li>Didelis stabdymo efektas su minimaliu m\u0117sos pa\u017eeidimu<\/li>\n<\/ul>\n<p>Fox Classic Hunter tinka eti\u0161kai ir efektyviai med\u017eioklei Europoje.<\/p>\n<\/div>\n","protected":false},"excerpt":{"rendered":"<p>Besvinis vario ir cinko \u0161ovinys universaliam med\u017eiojimui. Greitas i\u0161siskleidimas, didelis tikslumas.<\/p>\n","protected":false},"featured_media":56417,"template":"","meta":{"_acf_changed":false},"product_brand":[11342],"product_cat":[13720,13737],"product_tag":[],"class_list":{"0":"post-56416","1":"product","2":"type-product","3":"status-publish","4":"has-post-thumbnail","6":"product_brand-fox-bullets","7":"product_cat-kulkos","8":"product_cat-perkrovimas","10":"first","11":"instock","12":"taxable","13":"shipping-taxable","14":"purchasable","15":"product-type-variable","16":"wvs-archive-product-wrapper"},"acf":[],"_links":{"self":[{"href":"https:\/\/staging.nbg.eu\/lt\/wp-json\/wp\/v2\/product\/56416","targetHints":{"allow":["GET"]}}],"collection":[{"href":"https:\/\/staging.nbg.eu\/lt\/wp-json\/wp\/v2\/product"}],"about":[{"href":"https:\/\/staging.nbg.eu\/lt\/wp-json\/wp\/v2\/types\/product"}],"wp:featuredmedia":[{"embeddable":true,"href":"https:\/\/staging.nbg.eu\/lt\/wp-json\/wp\/v2\/media\/56417"}],"wp:attachment":[{"href":"https:\/\/staging.nbg.eu\/lt\/wp-json\/wp\/v2\/media?parent=56416"}],"wp:term":[{"taxonomy":"product_brand","embeddable":true,"href":"https:\/\/staging.nbg.eu\/lt\/wp-json\/wp\/v2\/product_brand?post=56416"},{"taxonomy":"product_cat","embeddable":true,"href":"https:\/\/staging.nbg.eu\/lt\/wp-json\/wp\/v2\/product_cat?post=56416"},{"taxonomy":"product_tag","embeddable":true,"href":"https:\/\/staging.nbg.eu\/lt\/wp-json\/wp\/v2\/product_tag?post=56416"}],"curies":[{"name":"wp","href":"https:\/\/api.w.org\/{rel}","templated":true}]}}