{"id":56036,"date":"2024-01-30T18:03:59","date_gmt":"2024-09-13T13:19:17","guid":{"rendered":"https:\/\/staging.nbg.eu\/product\/fox-classic-hunter-30-multiple-gr\/"},"modified":"2024-09-13T13:20:20","modified_gmt":"2024-09-13T13:20:20","slug":"fox-classic-hunter-30-keliu-gr","status":"publish","type":"product","link":"https:\/\/staging.nbg.eu\/lt\/produktas\/fox-classic-hunter-30-keliu-gr\/","title":{"rendered":"Fox Classic Hunter .30 (Keli\u0173 gr)"},"content":{"rendered":"<div class=\"product-description\">\n<h2>Fox Classic Hunter<\/h2>\n<p>Fox Classic Hunter yra be\u0161vin\u0117 kulka, skirta Europos med\u017eiotojams, susiduriantiems su \u012fvairiomis med\u017eiokl\u0117s situacijomis. \u0160i vario ir cinko lydinio kulka tinka tiek varomajai \u0161ern\u0173 med\u017eioklei, tiek kaln\u0173 o\u017ei\u0173 med\u017eioklei.<\/p>\n<ul>\n<li>Be\u0161vin\u0117 sud\u0117tis<\/li>\n<li>Efektyvus deformavimasis esant ma\u017eesniam sm\u016bgio grei\u010diui (500 m\/s)<\/li>\n<li>Grioveli\u0173 dizainas suma\u017eina vamzd\u017eio sl\u0117g\u012f ir padidina greit\u012f<\/li>\n<li>Termostabilus plastikinis antgalis pagerina balistik\u0105 ir termin\u012f efekt\u0105<\/li>\n<li>Kontroliuojamas pl\u0117timasis optimaliam energijos perdavimui<\/li>\n<li>Grybo formos deformacija iki dvigubo kalibro skersmens<\/li>\n<li>Didelis stabdymo poveikis su minimaliu m\u0117sos pa\u017eeidimu<\/li>\n<\/ul>\n<p>Fox Classic Hunter yra tinkamas pasirinkimas med\u017eioklei visoje Europoje.<\/p>\n<\/div>\n","protected":false},"excerpt":{"rendered":"<p>Bek\u016bgis vario ir cinko \u0161audmuo universaliam med\u017eiojimui. Greitas i\u0161siskleidimas, didelis tikslumas.<\/p>\n","protected":false},"featured_media":56037,"template":"","meta":{"_acf_changed":false},"product_brand":[11342],"product_cat":[13720,13737],"product_tag":[],"class_list":{"0":"post-56036","1":"product","2":"type-product","3":"status-publish","4":"has-post-thumbnail","6":"product_brand-fox-bullets","7":"product_cat-kulkos","8":"product_cat-perkrovimas","10":"first","11":"instock","12":"taxable","13":"shipping-taxable","14":"purchasable","15":"product-type-variable","16":"wvs-archive-product-wrapper"},"acf":[],"_links":{"self":[{"href":"https:\/\/staging.nbg.eu\/lt\/wp-json\/wp\/v2\/product\/56036","targetHints":{"allow":["GET"]}}],"collection":[{"href":"https:\/\/staging.nbg.eu\/lt\/wp-json\/wp\/v2\/product"}],"about":[{"href":"https:\/\/staging.nbg.eu\/lt\/wp-json\/wp\/v2\/types\/product"}],"wp:featuredmedia":[{"embeddable":true,"href":"https:\/\/staging.nbg.eu\/lt\/wp-json\/wp\/v2\/media\/56037"}],"wp:attachment":[{"href":"https:\/\/staging.nbg.eu\/lt\/wp-json\/wp\/v2\/media?parent=56036"}],"wp:term":[{"taxonomy":"product_brand","embeddable":true,"href":"https:\/\/staging.nbg.eu\/lt\/wp-json\/wp\/v2\/product_brand?post=56036"},{"taxonomy":"product_cat","embeddable":true,"href":"https:\/\/staging.nbg.eu\/lt\/wp-json\/wp\/v2\/product_cat?post=56036"},{"taxonomy":"product_tag","embeddable":true,"href":"https:\/\/staging.nbg.eu\/lt\/wp-json\/wp\/v2\/product_tag?post=56036"}],"curies":[{"name":"wp","href":"https:\/\/api.w.org\/{rel}","templated":true}]}}