{"id":55788,"date":"2024-02-28T06:01:20","date_gmt":"2024-02-28T06:01:20","guid":{"rendered":"https:\/\/staging.nbg.eu\/product\/fox-classic-hunter-9-3-mm-220-gr\/"},"modified":"2024-09-13T13:17:29","modified_gmt":"2024-09-13T13:17:29","slug":"fox-classic-hunter-93-mm-220-gr","status":"publish","type":"product","link":"https:\/\/staging.nbg.eu\/lt\/produktas\/fox-classic-hunter-93-mm-220-gr\/","title":{"rendered":"Fox Classic Hunter 9.3 mm 220 gr"},"content":{"rendered":"<div class=\"product-description\">\n<h2>Fox Classic Hunter<\/h2>\n<p>Fox Classic Hunter yra \u0161vino neturintis \u0161ovinys, skirtas Europos med\u017eiotojams \u012fvairioms med\u017eiokl\u0117s situacijoms. \u0160is vario ir cinko lydinio \u0161ovinys tinka med\u017eiojant \u0161ernus ar gamus kalnuose.<\/p>\n<ul>\n<li>Be \u0161vino, tausojant aplink\u0105<\/li>\n<li>Deformuojasi esant ma\u017eesniam sm\u016bgio grei\u010diui (500 m\/s)<\/li>\n<li>Grioveli\u0173 dizainas suma\u017eina vamzd\u017eio sl\u0117g\u012f ir padidina greit\u012f<\/li>\n<li>Termostabilus plastikinis antgalis pagerina balistik\u0105 ir poveik\u012f taikiniui<\/li>\n<li>Kontroliuojamas pl\u0117timasis optimaliam energijos perdavimui<\/li>\n<li>Deformuojasi iki dvigubo kalibro skersmens<\/li>\n<li>Didelis stabdymo poveikis su minimaliu m\u0117sos pa\u017eeidimu<\/li>\n<\/ul>\n<p>Fox Classic Hunter yra tinkamas pasirinkimas eti\u0161kai ir efektyviai med\u017eioklei Europoje.<\/p>\n<\/div>\n","protected":false},"excerpt":{"rendered":"<p>Besvinis vario-cinko \u0161ovinys, tinkantis \u012fvairiems med\u017eiokl\u0117s tikslams. Greitai ple\u010diasi, pasi\u017eymi dideliu tikslumu.<\/p>\n","protected":false},"featured_media":55789,"template":"","meta":{"_acf_changed":false},"product_brand":[11342],"product_cat":[13720,13737],"product_tag":[],"class_list":{"0":"post-55788","1":"product","2":"type-product","3":"status-publish","4":"has-post-thumbnail","6":"product_brand-fox-bullets","7":"product_cat-kulkos","8":"product_cat-perkrovimas","10":"first","11":"instock","12":"taxable","13":"shipping-taxable","14":"purchasable","15":"product-type-simple"},"acf":[],"_links":{"self":[{"href":"https:\/\/staging.nbg.eu\/lt\/wp-json\/wp\/v2\/product\/55788","targetHints":{"allow":["GET"]}}],"collection":[{"href":"https:\/\/staging.nbg.eu\/lt\/wp-json\/wp\/v2\/product"}],"about":[{"href":"https:\/\/staging.nbg.eu\/lt\/wp-json\/wp\/v2\/types\/product"}],"wp:featuredmedia":[{"embeddable":true,"href":"https:\/\/staging.nbg.eu\/lt\/wp-json\/wp\/v2\/media\/55789"}],"wp:attachment":[{"href":"https:\/\/staging.nbg.eu\/lt\/wp-json\/wp\/v2\/media?parent=55788"}],"wp:term":[{"taxonomy":"product_brand","embeddable":true,"href":"https:\/\/staging.nbg.eu\/lt\/wp-json\/wp\/v2\/product_brand?post=55788"},{"taxonomy":"product_cat","embeddable":true,"href":"https:\/\/staging.nbg.eu\/lt\/wp-json\/wp\/v2\/product_cat?post=55788"},{"taxonomy":"product_tag","embeddable":true,"href":"https:\/\/staging.nbg.eu\/lt\/wp-json\/wp\/v2\/product_tag?post=55788"}],"curies":[{"name":"wp","href":"https:\/\/api.w.org\/{rel}","templated":true}]}}