{"id":55676,"date":"2024-02-28T06:22:19","date_gmt":"2024-09-13T13:13:39","guid":{"rendered":"https:\/\/staging.nbg.eu\/product\/fox-ammunition-243win-80-gr\/"},"modified":"2024-09-13T13:14:38","modified_gmt":"2024-09-13T13:14:38","slug":"fox-saudmenys-243win-80-gr","status":"publish","type":"product","link":"https:\/\/staging.nbg.eu\/lt\/produktas\/fox-saudmenys-243win-80-gr\/","title":{"rendered":"Fox \u0160audmenys 243win 80 gr"},"content":{"rendered":"<div class=\"product-description\">\n<h2>Fox Classic Hunter \u0161oviniai<\/h2>\n<p>Fox Classic Hunter kulkos yra be \u0161vino, skirtos visiems Europos med\u017eiokl\u0117s scenarijams. Pagamintos i\u0161 vario ir cinko lydinio, jos si\u016blo:<\/p>\n<ul>\n<li>Veiksmingum\u0105 nuo artimo atstumo \u0161ern\u0173 med\u017eiokl\u0117s iki tolim\u0173 kaln\u0173 \u0161\u016bvi\u0173<\/li>\n<li>Patikim\u0105 deformacij\u0105 esant ma\u017eesniam sm\u016bgio grei\u010diui (500 m\/s)<\/li>\n<li>Grioveli\u0173 dizain\u0105 suma\u017eintam vamzd\u017eio sl\u0117giui ir padidintam grei\u010diui<\/li>\n<li>Termostabil\u0173 plastiko galiuk\u0105 pagerinti balistikai ir galutiniam poveikiui<\/li>\n<li>Kontroliuojam\u0105 pl\u0117tim\u0105si efektyviam energijos perdavimui ir sustabdymo galiai<\/li>\n<li>Grybo formos deformacij\u0105 iki dvigubo kalibro skersmens<\/li>\n<li>95%+ mas\u0117s i\u0161laikym\u0105 normaliomis prasiskverbimo s\u0105lygomis<\/li>\n<li>Ger\u0105 m\u0117sos i\u0161saugojim\u0105<\/li>\n<\/ul>\n<p>Fox Classic Hunter \u0161oviniai u\u017etikrina ger\u0105 veikim\u0105 ir eti\u0161k\u0105 med\u017eiokl\u0119.<\/p>\n<\/div>\n","protected":false},"excerpt":{"rendered":"<p>Be \u0161vino \u0161oviniai, skirti \u012fvairiapusi\u0161kai Europos med\u017eioklei. Tiksl\u016bs ir efektyv\u016bs.<\/p>\n","protected":false},"featured_media":55677,"template":"","meta":{"_acf_changed":false},"product_brand":[11342],"product_cat":[13716,13753],"product_tag":[],"class_list":{"0":"post-55676","1":"product","2":"type-product","3":"status-publish","4":"has-post-thumbnail","6":"product_brand-fox-bullets","7":"product_cat-saudmenys","8":"product_cat-sautuvu-saudmenys","10":"first","11":"instock","12":"taxable","13":"shipping-taxable","14":"purchasable","15":"product-type-simple"},"acf":[],"_links":{"self":[{"href":"https:\/\/staging.nbg.eu\/lt\/wp-json\/wp\/v2\/product\/55676","targetHints":{"allow":["GET"]}}],"collection":[{"href":"https:\/\/staging.nbg.eu\/lt\/wp-json\/wp\/v2\/product"}],"about":[{"href":"https:\/\/staging.nbg.eu\/lt\/wp-json\/wp\/v2\/types\/product"}],"wp:featuredmedia":[{"embeddable":true,"href":"https:\/\/staging.nbg.eu\/lt\/wp-json\/wp\/v2\/media\/55677"}],"wp:attachment":[{"href":"https:\/\/staging.nbg.eu\/lt\/wp-json\/wp\/v2\/media?parent=55676"}],"wp:term":[{"taxonomy":"product_brand","embeddable":true,"href":"https:\/\/staging.nbg.eu\/lt\/wp-json\/wp\/v2\/product_brand?post=55676"},{"taxonomy":"product_cat","embeddable":true,"href":"https:\/\/staging.nbg.eu\/lt\/wp-json\/wp\/v2\/product_cat?post=55676"},{"taxonomy":"product_tag","embeddable":true,"href":"https:\/\/staging.nbg.eu\/lt\/wp-json\/wp\/v2\/product_tag?post=55676"}],"curies":[{"name":"wp","href":"https:\/\/api.w.org\/{rel}","templated":true}]}}