{"id":555067,"date":"2025-09-06T16:22:33","date_gmt":"2025-09-06T13:22:33","guid":{"rendered":"https:\/\/staging.nbg.eu\/product\/magnetospeed-llc-barrel-cooler\/"},"modified":"2025-10-01T16:52:56","modified_gmt":"2025-10-01T13:52:56","slug":"magnetospeed-llc-vamzdzio-ausintuvas","status":"publish","type":"product","link":"https:\/\/staging.nbg.eu\/lt\/produktas\/magnetospeed-llc-vamzdzio-ausintuvas\/","title":{"rendered":"MAGNETOSPEED LLC Vamzdzio ausintuvas"},"content":{"rendered":"<div class=\"product-description\">\n<h2>MAGNETOSPEED LLC vamzd\u017eio au\u0161intuvas<\/h2>\n<p>MAGNETOSPEED LLC vamzd\u017eio au\u0161intuvas padeda palaikyti \u0161aunamojo ginklo vamzd\u017eio v\u0117sum\u0105 ir pailginti \u0161audymo sesijas. \u0160is prietaisas tvirtai pritvirtinamas prie vamzd\u017eio, u\u017etikrindamas greit\u0105 \u0161ilumos i\u0161sklaidym\u0105.<\/p>\n<ul>\n<li>Suderinamas su dauguma \u0161autuv\u0173 ir pistolet\u0173 vamzd\u017ei\u0173<\/li>\n<li>Pagamintas i\u0161 aliuminio<\/li>\n<li>Magnetin\u0117 tvirtinimo sistema<\/li>\n<li>Suma\u017eina vamzd\u017eio temperat\u016br\u0105 iki 50%<\/li>\n<li>Kompakti\u0161kas ir lengvas<\/li>\n<\/ul>\n<p>MAGNETOSPEED LLC vamzd\u017eio au\u0161intuvas padeda palaikyti \u0161aunamojo ginklo veikim\u0105 \u0161audykloje ar var\u017eybose. \u0160is priedas padeda i\u0161vengti perkaitimo \u0161audymo metu.<\/p>\n<\/div>\n","protected":false},"excerpt":{"rendered":"<p>Greitojo vamzd\u017eio au\u0161inimo \u012ftaisas \u0161aunamiesiems ginklams. Pagerina tikslum\u0105 ir prailgina tarnavimo laik\u0105.<\/p>\n","protected":false},"featured_media":499608,"template":"","meta":{"_acf_changed":false},"product_brand":[],"product_cat":[13741,13690],"product_tag":[],"class_list":{"0":"post-555067","1":"product","2":"type-product","3":"status-publish","4":"has-post-thumbnail","6":"product_cat-sautuvas","7":"product_cat-sautuvo-derinimas","9":"first","10":"instock","11":"taxable","12":"shipping-taxable","13":"purchasable","14":"product-type-simple"},"acf":[],"_links":{"self":[{"href":"https:\/\/staging.nbg.eu\/lt\/wp-json\/wp\/v2\/product\/555067","targetHints":{"allow":["GET"]}}],"collection":[{"href":"https:\/\/staging.nbg.eu\/lt\/wp-json\/wp\/v2\/product"}],"about":[{"href":"https:\/\/staging.nbg.eu\/lt\/wp-json\/wp\/v2\/types\/product"}],"wp:featuredmedia":[{"embeddable":true,"href":"https:\/\/staging.nbg.eu\/lt\/wp-json\/wp\/v2\/media\/499608"}],"wp:attachment":[{"href":"https:\/\/staging.nbg.eu\/lt\/wp-json\/wp\/v2\/media?parent=555067"}],"wp:term":[{"taxonomy":"product_brand","embeddable":true,"href":"https:\/\/staging.nbg.eu\/lt\/wp-json\/wp\/v2\/product_brand?post=555067"},{"taxonomy":"product_cat","embeddable":true,"href":"https:\/\/staging.nbg.eu\/lt\/wp-json\/wp\/v2\/product_cat?post=555067"},{"taxonomy":"product_tag","embeddable":true,"href":"https:\/\/staging.nbg.eu\/lt\/wp-json\/wp\/v2\/product_tag?post=555067"}],"curies":[{"name":"wp","href":"https:\/\/api.w.org\/{rel}","templated":true}]}}