{"id":55438,"date":"2024-02-28T08:15:21","date_gmt":"2024-09-13T13:12:17","guid":{"rendered":"https:\/\/staging.nbg.eu\/product\/fox-ammunition-65x55se-123-gr\/"},"modified":"2024-09-13T13:13:17","modified_gmt":"2024-09-13T13:13:17","slug":"fox-saudmenys-65x55se-123-gr","status":"publish","type":"product","link":"https:\/\/staging.nbg.eu\/lt\/produktas\/fox-saudmenys-65x55se-123-gr\/","title":{"rendered":"Fox \u0160audmenys 6,5x55SE 123 gr"},"content":{"rendered":"<div class=\"product-description\">\n<h2>Fox Classic Hunter \u0160oviniai<\/h2>\n<p>Fox Classic Hunter kulkos yra be \u0161vino, skirtos visoms Europos med\u017eiokl\u0117s situacijoms. Pagamintos i\u0161 vario ir cinko lydinio, jos pasi\u017eymi:<\/p>\n<ul>\n<li>Efektyvumu nuo artimo atstumo \u0161ern\u0173 med\u017eiokl\u0117s iki tolim\u0173 \u0161\u016bvi\u0173 kalnuose<\/li>\n<li>Patikimu deformavimusi esant ma\u017eesniam sm\u016bgio grei\u010diui (500 m\/s)<\/li>\n<li>Grioveli\u0173 dizainu, ma\u017einan\u010diu vamzd\u017eio sl\u0117g\u012f ir didinan\u010diu greit\u012f<\/li>\n<li>Termo stabilia plastikine vir\u0161\u016bne, gerinan\u010dia balistik\u0105 ir poveik\u012f taikinyje<\/li>\n<li>Kontroliuojamu i\u0161sipl\u0117timu efektyviam energijos perdavimui ir stabdymui<\/li>\n<li>I\u0161sipl\u0117timu iki dvigubo kalibro skersmens<\/li>\n<li>95%+ mas\u0117s i\u0161laikymu normaliomis prasiskverbimo s\u0105lygomis<\/li>\n<li>Geru m\u0117sos i\u0161saugojimu<\/li>\n<\/ul>\n<p>Fox Classic Hunter \u0161oviniai u\u017etikrina ger\u0105 veikim\u0105 ir eti\u0161k\u0105 med\u017eiokl\u0119.<\/p>\n<\/div>\n","protected":false},"excerpt":{"rendered":"<p>Be\u0161vinis \u0161oviniai universaliai Europos med\u017eioklei. Tiksl\u016bs ir efektyv\u016bs.<\/p>\n","protected":false},"featured_media":55446,"template":"","meta":{"_acf_changed":false},"product_brand":[11342],"product_cat":[13716,13753],"product_tag":[],"class_list":{"0":"post-55438","1":"product","2":"type-product","3":"status-publish","4":"has-post-thumbnail","6":"product_brand-fox-bullets","7":"product_cat-saudmenys","8":"product_cat-sautuvu-saudmenys","10":"first","11":"instock","12":"taxable","13":"shipping-taxable","14":"purchasable","15":"product-type-simple"},"acf":[],"_links":{"self":[{"href":"https:\/\/staging.nbg.eu\/lt\/wp-json\/wp\/v2\/product\/55438","targetHints":{"allow":["GET"]}}],"collection":[{"href":"https:\/\/staging.nbg.eu\/lt\/wp-json\/wp\/v2\/product"}],"about":[{"href":"https:\/\/staging.nbg.eu\/lt\/wp-json\/wp\/v2\/types\/product"}],"wp:featuredmedia":[{"embeddable":true,"href":"https:\/\/staging.nbg.eu\/lt\/wp-json\/wp\/v2\/media\/55446"}],"wp:attachment":[{"href":"https:\/\/staging.nbg.eu\/lt\/wp-json\/wp\/v2\/media?parent=55438"}],"wp:term":[{"taxonomy":"product_brand","embeddable":true,"href":"https:\/\/staging.nbg.eu\/lt\/wp-json\/wp\/v2\/product_brand?post=55438"},{"taxonomy":"product_cat","embeddable":true,"href":"https:\/\/staging.nbg.eu\/lt\/wp-json\/wp\/v2\/product_cat?post=55438"},{"taxonomy":"product_tag","embeddable":true,"href":"https:\/\/staging.nbg.eu\/lt\/wp-json\/wp\/v2\/product_tag?post=55438"}],"curies":[{"name":"wp","href":"https:\/\/api.w.org\/{rel}","templated":true}]}}