{"id":554281,"date":"2025-09-06T16:21:27","date_gmt":"2025-09-06T13:21:27","guid":{"rendered":"https:\/\/staging.nbg.eu\/product\/armazone-q-r-viper-30mm\/"},"modified":"2025-10-01T16:26:24","modified_gmt":"2025-10-01T13:26:24","slug":"remas-q-r-viper-30mm","status":"publish","type":"product","link":"https:\/\/staging.nbg.eu\/lt\/produktas\/remas-q-r-viper-30mm\/","title":{"rendered":"Remas Q-R Viper 30mm"},"content":{"rendered":"<h2>Armazone Q-R Viper 30mm<\/h2>\n<p>Armazone Q-R Viper 30mm yra QR adapteris, skirtas \u012frenginiams su M33.5\u00d70.75 sriegiu. \u0160is vienos dalies adapteris leid\u017eia integruoti naktinio matymo ar \u0161iluminio vaizdo priedus su \u012fvairiais dienos taikikliais.<\/p>\n<h2>Pagrindin\u0117s savyb\u0117s:<\/h2>\n<ul>\n<li>Greito u\u017erakinimo svertas lengvam montavimui ir nu\u0117mimui<\/li>\n<li>Reguliavimas ir montavimas be \u012franki\u0173<\/li>\n<li>Speciali ArmaZone juosta triuk\u0161mo ma\u017einimui montavimo ir \u0161audymo metu<\/li>\n<li>Suderinamas su Nitehog \u0161iluminiais prietaisais<\/li>\n<li>Kompensuoja iki 1mm nuokryp\u012f \u017eemyn<\/li>\n<\/ul>\n<p>Armazone Q-R Viper 30mm yra sprendimas profesionaliems \u0161auliams ir med\u017eiotojams, norintiems pagerinti naktinio matymo galimybes.<\/p>\n","protected":false},"excerpt":{"rendered":"<p>Greito u\u017erakinimo adapteris termoviziniams prietaisams ant Nitehog taikikli\u0173. Nereikia \u012franki\u0173.<\/p>\n","protected":false},"featured_media":499538,"template":"","meta":{"_acf_changed":false},"product_brand":[],"product_cat":[13717,13674,13672],"product_tag":[],"class_list":{"0":"post-554281","1":"product","2":"type-product","3":"status-publish","4":"has-post-thumbnail","6":"product_cat-taikymas","7":"product_cat-taikymosi-priedai","8":"product_cat-terminis","10":"first","11":"instock","12":"taxable","13":"shipping-taxable","14":"purchasable","15":"product-type-simple"},"acf":[],"_links":{"self":[{"href":"https:\/\/staging.nbg.eu\/lt\/wp-json\/wp\/v2\/product\/554281","targetHints":{"allow":["GET"]}}],"collection":[{"href":"https:\/\/staging.nbg.eu\/lt\/wp-json\/wp\/v2\/product"}],"about":[{"href":"https:\/\/staging.nbg.eu\/lt\/wp-json\/wp\/v2\/types\/product"}],"wp:featuredmedia":[{"embeddable":true,"href":"https:\/\/staging.nbg.eu\/lt\/wp-json\/wp\/v2\/media\/499538"}],"wp:attachment":[{"href":"https:\/\/staging.nbg.eu\/lt\/wp-json\/wp\/v2\/media?parent=554281"}],"wp:term":[{"taxonomy":"product_brand","embeddable":true,"href":"https:\/\/staging.nbg.eu\/lt\/wp-json\/wp\/v2\/product_brand?post=554281"},{"taxonomy":"product_cat","embeddable":true,"href":"https:\/\/staging.nbg.eu\/lt\/wp-json\/wp\/v2\/product_cat?post=554281"},{"taxonomy":"product_tag","embeddable":true,"href":"https:\/\/staging.nbg.eu\/lt\/wp-json\/wp\/v2\/product_tag?post=554281"}],"curies":[{"name":"wp","href":"https:\/\/api.w.org\/{rel}","templated":true}]}}