{"id":54962,"date":"2024-03-01T10:36:26","date_gmt":"2024-03-01T10:36:26","guid":{"rendered":"https:\/\/staging.nbg.eu\/product\/fox-ammunition-93x62-220-gr\/"},"modified":"2024-09-13T13:08:00","modified_gmt":"2024-09-13T13:08:00","slug":"fox-saudmenys-93x62-220-gr","status":"publish","type":"product","link":"https:\/\/staging.nbg.eu\/lt\/produktas\/fox-saudmenys-93x62-220-gr\/","title":{"rendered":"Fox \u0160audmenys 9,3&#215;62 220 gr"},"content":{"rendered":"<div class=\"product-description\">\n<h2>Fox Classic Hunter \u0161oviniai<\/h2>\n<p>Fox Classic Hunter kulkos yra be \u0161vino, skirtos visoms Europos med\u017eiokl\u0117s situacijoms. Pagamintos i\u0161 vario ir cinko lydinio, jos turi:<\/p>\n<ul>\n<li>Efektyvum\u0105 nuo \u0161ern\u0173 med\u017eiokl\u0117s arti iki tolim\u0173 \u0161\u016bvi\u0173 kalnuose<\/li>\n<li>Patikim\u0105 deformacij\u0105 esant ma\u017eesniam sm\u016bgio grei\u010diui (500 m\/s)<\/li>\n<li>Grioveli\u0173 dizain\u0105 suma\u017eintam vamzd\u017eio sl\u0117giui ir padidintam grei\u010diui<\/li>\n<li>Termostabil\u0173 plastikin\u012f antgal\u012f pagerintai balistikai ir galutiniam poveikiui<\/li>\n<li>Kontroliuojam\u0105 pl\u0117tim\u0105si efektyviam energijos perdavimui ir stabdymo galiai<\/li>\n<li>Grybo formos deformacij\u0105 iki dvigubo kalibro skersmens<\/li>\n<li>95%+ mas\u0117s i\u0161laikym\u0105 normaliomis prasiskverbimo s\u0105lygomis<\/li>\n<li>Ger\u0105 m\u0117sos i\u0161saugojim\u0105<\/li>\n<\/ul>\n<p>Fox Classic Hunter \u0161oviniai u\u017etikrina ger\u0105 veikim\u0105 ir eti\u0161k\u0105 med\u017eiokl\u0119.<\/p>\n<\/div>\n","protected":false},"excerpt":{"rendered":"<p>\u0160vino neturintys \u0161oviniai, tinkami \u012fvairiems Europos med\u017eiokl\u0117s tipams. Tiksl\u016bs ir efektyv\u016bs.<\/p>\n","protected":false},"featured_media":54963,"template":"","meta":{"_acf_changed":false},"product_brand":[11342],"product_cat":[13726,13716,13753],"product_tag":[],"class_list":{"0":"post-54962","1":"product","2":"type-product","3":"status-publish","4":"has-post-thumbnail","6":"product_brand-fox-bullets","7":"product_cat-licencijuotas","8":"product_cat-saudmenys","9":"product_cat-sautuvu-saudmenys","11":"first","12":"instock","13":"taxable","14":"shipping-taxable","15":"purchasable","16":"product-type-simple"},"acf":[],"_links":{"self":[{"href":"https:\/\/staging.nbg.eu\/lt\/wp-json\/wp\/v2\/product\/54962","targetHints":{"allow":["GET"]}}],"collection":[{"href":"https:\/\/staging.nbg.eu\/lt\/wp-json\/wp\/v2\/product"}],"about":[{"href":"https:\/\/staging.nbg.eu\/lt\/wp-json\/wp\/v2\/types\/product"}],"wp:featuredmedia":[{"embeddable":true,"href":"https:\/\/staging.nbg.eu\/lt\/wp-json\/wp\/v2\/media\/54963"}],"wp:attachment":[{"href":"https:\/\/staging.nbg.eu\/lt\/wp-json\/wp\/v2\/media?parent=54962"}],"wp:term":[{"taxonomy":"product_brand","embeddable":true,"href":"https:\/\/staging.nbg.eu\/lt\/wp-json\/wp\/v2\/product_brand?post=54962"},{"taxonomy":"product_cat","embeddable":true,"href":"https:\/\/staging.nbg.eu\/lt\/wp-json\/wp\/v2\/product_cat?post=54962"},{"taxonomy":"product_tag","embeddable":true,"href":"https:\/\/staging.nbg.eu\/lt\/wp-json\/wp\/v2\/product_tag?post=54962"}],"curies":[{"name":"wp","href":"https:\/\/api.w.org\/{rel}","templated":true}]}}