{"id":54810,"date":"2024-03-01T10:55:25","date_gmt":"2024-09-13T13:05:15","guid":{"rendered":"https:\/\/staging.nbg.eu\/product\/fox-ammunition-30-06-spring-165-180-gr\/"},"modified":"2024-09-13T13:06:13","modified_gmt":"2024-09-13T13:06:13","slug":"fox-saudmenys-30-06-spring-165-180-gr","status":"publish","type":"product","link":"https:\/\/staging.nbg.eu\/lt\/produktas\/fox-saudmenys-30-06-spring-165-180-gr\/","title":{"rendered":"Fox \u0160audmenys 30-06 Spring 165-180 gr"},"content":{"rendered":"<div class=\"product-description\">\n<h2>Fox Classic Hunter \u0160oviniai<\/h2>\n<p>Fox Classic Hunter kulkos yra be \u0161vino, skirtos visiems Europos med\u017eiokl\u0117s scenarijams. Pagamintos i\u0161 vario ir cinko lydinio, jos turi:<\/p>\n<ul>\n<li>Efektyvumas nuo artimo nuotolio \u0161ern\u0173 med\u017eiokl\u0117s iki tolim\u0173 kaln\u0173 \u0161\u016bvi\u0173<\/li>\n<li>Patikimas deformavimasis esant ma\u017eesniam sm\u016bgio grei\u010diui (500 m\/s)<\/li>\n<li>Grioveli\u0173 dizainas suma\u017eintam vamzd\u017eio sl\u0117giui ir padidintam grei\u010diui<\/li>\n<li>Termostabilus plastikinis antgalis geresnei balistikai ir galutiniam poveikiui<\/li>\n<li>Kontroliuojamas i\u0161sipl\u0117timas efektyviam energijos perdavimui ir stabdymo galiai<\/li>\n<li>Deformacija iki dvigubo kalibro skersmens<\/li>\n<li>95%+ mas\u0117s i\u0161laikymas normaliomis prasiskverbimo s\u0105lygomis<\/li>\n<li>Geras m\u0117sos i\u0161saugojimas<\/li>\n<\/ul>\n<p>Fox Classic Hunter \u0161oviniai u\u017etikrina ger\u0105 veikim\u0105 ir eti\u0161k\u0105 med\u017eiokl\u0119.<\/p>\n<\/div>\n","protected":false},"excerpt":{"rendered":"<p>Be\u0161vinis \u0161oviniai universaliai Europos med\u017eioklei. Tiksl\u016bs ir efektyv\u016bs.<\/p>\n","protected":false},"featured_media":54811,"template":"","meta":{"_acf_changed":false},"product_brand":[11342],"product_cat":[13726,13716,13753],"product_tag":[],"class_list":{"0":"post-54810","1":"product","2":"type-product","3":"status-publish","4":"has-post-thumbnail","6":"product_brand-fox-bullets","7":"product_cat-licencijuotas","8":"product_cat-saudmenys","9":"product_cat-sautuvu-saudmenys","11":"first","12":"instock","13":"taxable","14":"shipping-taxable","15":"purchasable","16":"product-type-variable","17":"wvs-archive-product-wrapper"},"acf":[],"_links":{"self":[{"href":"https:\/\/staging.nbg.eu\/lt\/wp-json\/wp\/v2\/product\/54810","targetHints":{"allow":["GET"]}}],"collection":[{"href":"https:\/\/staging.nbg.eu\/lt\/wp-json\/wp\/v2\/product"}],"about":[{"href":"https:\/\/staging.nbg.eu\/lt\/wp-json\/wp\/v2\/types\/product"}],"wp:featuredmedia":[{"embeddable":true,"href":"https:\/\/staging.nbg.eu\/lt\/wp-json\/wp\/v2\/media\/54811"}],"wp:attachment":[{"href":"https:\/\/staging.nbg.eu\/lt\/wp-json\/wp\/v2\/media?parent=54810"}],"wp:term":[{"taxonomy":"product_brand","embeddable":true,"href":"https:\/\/staging.nbg.eu\/lt\/wp-json\/wp\/v2\/product_brand?post=54810"},{"taxonomy":"product_cat","embeddable":true,"href":"https:\/\/staging.nbg.eu\/lt\/wp-json\/wp\/v2\/product_cat?post=54810"},{"taxonomy":"product_tag","embeddable":true,"href":"https:\/\/staging.nbg.eu\/lt\/wp-json\/wp\/v2\/product_tag?post=54810"}],"curies":[{"name":"wp","href":"https:\/\/api.w.org\/{rel}","templated":true}]}}