{"id":547291,"date":"2025-09-05T18:17:28","date_gmt":"2025-09-05T15:17:28","guid":{"rendered":"https:\/\/staging.nbg.eu\/product\/armazone-viper-fts\/"},"modified":"2025-10-01T11:23:54","modified_gmt":"2025-10-01T08:23:54","slug":"remas-viper-fts","status":"publish","type":"product","link":"https:\/\/staging.nbg.eu\/lt\/produktas\/remas-viper-fts\/","title":{"rendered":"R\u0117mas Viper FTS"},"content":{"rendered":"<div class=\"product-description\">\n<h2>Armazone Viper FTS Adapteris<\/h2>\n<p>Armazone Viper FTS adapteris skirtas naktinio matymo ar termovizini\u0173 prietais\u0173 tvirtinimui prie Picatinny ar Weaver baz\u0117s. \u0160is adapteris suteikia \u0161ias galimybes:<\/p>\n<ul>\n<li>Greit\u0105 termovizini\u0173 pried\u0173 montavim\u0105<\/li>\n<li>Integravim\u0105 su dienos taikikliu<\/li>\n<li>Greit\u0105 ir tiksl\u0173 reagavim\u0105 \u0161audymo metu<\/li>\n<li>Suderinamum\u0105 su Picatinny ir Weaver baz\u0117mis<\/li>\n<li>Tvirt\u0105 konstrukcij\u0105, tinkam\u0105 naudoti lauko s\u0105lygomis<\/li>\n<\/ul>\n<p>Armazone Viper FTS adapteris tinka taktin\u0117ms operacijoms, med\u017eioklei ar sportiniam \u0161audymui. \u0160is adapteris leid\u017eia naudoti optik\u0105 prasto ap\u0161vietimo s\u0105lygomis.<\/p>\n<\/div>\n","protected":false},"excerpt":{"rendered":"<p>Armazone Viper FTS: Greitojo montavimo adapteris termovizoriams\/naktinio matymo prietaisams.<\/p>\n","protected":false},"featured_media":499311,"template":"","meta":{"_acf_changed":false},"product_brand":[],"product_cat":[13717,13674,13672],"product_tag":[],"class_list":{"0":"post-547291","1":"product","2":"type-product","3":"status-publish","4":"has-post-thumbnail","6":"product_cat-taikymas","7":"product_cat-taikymosi-priedai","8":"product_cat-terminis","10":"first","11":"instock","12":"taxable","13":"shipping-taxable","14":"purchasable","15":"product-type-simple"},"acf":[],"_links":{"self":[{"href":"https:\/\/staging.nbg.eu\/lt\/wp-json\/wp\/v2\/product\/547291","targetHints":{"allow":["GET"]}}],"collection":[{"href":"https:\/\/staging.nbg.eu\/lt\/wp-json\/wp\/v2\/product"}],"about":[{"href":"https:\/\/staging.nbg.eu\/lt\/wp-json\/wp\/v2\/types\/product"}],"wp:featuredmedia":[{"embeddable":true,"href":"https:\/\/staging.nbg.eu\/lt\/wp-json\/wp\/v2\/media\/499311"}],"wp:attachment":[{"href":"https:\/\/staging.nbg.eu\/lt\/wp-json\/wp\/v2\/media?parent=547291"}],"wp:term":[{"taxonomy":"product_brand","embeddable":true,"href":"https:\/\/staging.nbg.eu\/lt\/wp-json\/wp\/v2\/product_brand?post=547291"},{"taxonomy":"product_cat","embeddable":true,"href":"https:\/\/staging.nbg.eu\/lt\/wp-json\/wp\/v2\/product_cat?post=547291"},{"taxonomy":"product_tag","embeddable":true,"href":"https:\/\/staging.nbg.eu\/lt\/wp-json\/wp\/v2\/product_tag?post=547291"}],"curies":[{"name":"wp","href":"https:\/\/api.w.org\/{rel}","templated":true}]}}