{"id":546006,"date":"2025-09-05T18:15:44","date_gmt":"2025-09-05T15:15:44","guid":{"rendered":"https:\/\/staging.nbg.eu\/product\/area-419-diving-board-for-tactical-one-piece-scope-mount\/"},"modified":"2025-10-01T10:49:24","modified_gmt":"2025-10-01T07:49:24","slug":"area-419-tramplynas-tactical-viengubam-taikiklio-tvirtinimui","status":"publish","type":"product","link":"https:\/\/staging.nbg.eu\/lt\/produktas\/area-419-tramplynas-tactical-viengubam-taikiklio-tvirtinimui\/","title":{"rendered":"AREA 419 tramplynas TACTICAL viengubam taikiklio tvirtinimui"},"content":{"rendered":"<div class=\"product-description\">\n<h2>AREA 419 DIVING BOARD TAKTINIAM VIENOS DALIES OPTIKOS TVIRTINIMUI<\/h2>\n<p>AREA 419 Diving Board yra priedas, skirtas taktiniam vienos dalies optikos tvirtinimui.<\/p>\n<h2>Pagrindin\u0117s savyb\u0117s:<\/h2>\n<ul>\n<li>Dvigubo nuolyd\u017eio tvirtinimo ta\u0161kas saugiam pritvirtinimui<\/li>\n<li>Platforma guls\u010diukams, \u0161audymo lentel\u0117ms, raudon\u0173j\u0173 ta\u0161k\u0173 taikikliams ir lazeriniams atstumo matuokliams<\/li>\n<li>Tvirtas ir stabilus, pagerina gr\u012f\u017eim\u0105 \u012f nulin\u0119 pad\u0117t\u012f<\/li>\n<li>Galima rinktis standartinio ir \u017eemo auk\u0161\u010dio variantus<\/li>\n<li>MIL-STD-1913 specifikacij\u0173 b\u0117gelis (10 ang\u0173 standartiniam, 6 \u017eemam auk\u0161\u010diui)<\/li>\n<li>III tipo kietas juodas anodinis pavir\u0161ius<\/li>\n<li>CNC b\u016bdu pagaminta Amerikoje i\u0161 amerikieti\u0161ko 7075 aliuminio<\/li>\n<li>Fiksuoti montavimo var\u017etai lengvam \u012frengimui<\/li>\n<\/ul>\n<p>Galima rinktis tarp standartinio auk\u0161\u010dio (1,11&#8243; auk\u0161\u010dio, 2,5 oz) arba \u017eemo auk\u0161\u010dio (0,70&#8243; auk\u0161\u010dio, 1,5 oz) variant\u0173. Abu variantai turi kelias 1\/4 x 20 skyles pried\u0173 tvirtinimui.<\/p>\n<p>AREA 419 Diving Board yra priedas j\u016bs\u0173 optikos tvirtinimui.<\/p>\n<\/div>\n","protected":false},"excerpt":{"rendered":"<p>Saugus, universalus b\u0117gelis taktiniam vienos dalies optikos tvirtinimui.<\/p>\n","protected":false},"featured_media":499162,"template":"","meta":{"_acf_changed":false},"product_brand":[11048],"product_cat":[13717,13674],"product_tag":[],"class_list":{"0":"post-546006","1":"product","2":"type-product","3":"status-publish","4":"has-post-thumbnail","6":"product_brand-area-419","7":"product_cat-taikymas","8":"product_cat-taikymosi-priedai","10":"first","11":"instock","12":"taxable","13":"shipping-taxable","14":"purchasable","15":"product-type-simple"},"acf":[],"_links":{"self":[{"href":"https:\/\/staging.nbg.eu\/lt\/wp-json\/wp\/v2\/product\/546006","targetHints":{"allow":["GET"]}}],"collection":[{"href":"https:\/\/staging.nbg.eu\/lt\/wp-json\/wp\/v2\/product"}],"about":[{"href":"https:\/\/staging.nbg.eu\/lt\/wp-json\/wp\/v2\/types\/product"}],"wp:featuredmedia":[{"embeddable":true,"href":"https:\/\/staging.nbg.eu\/lt\/wp-json\/wp\/v2\/media\/499162"}],"wp:attachment":[{"href":"https:\/\/staging.nbg.eu\/lt\/wp-json\/wp\/v2\/media?parent=546006"}],"wp:term":[{"taxonomy":"product_brand","embeddable":true,"href":"https:\/\/staging.nbg.eu\/lt\/wp-json\/wp\/v2\/product_brand?post=546006"},{"taxonomy":"product_cat","embeddable":true,"href":"https:\/\/staging.nbg.eu\/lt\/wp-json\/wp\/v2\/product_cat?post=546006"},{"taxonomy":"product_tag","embeddable":true,"href":"https:\/\/staging.nbg.eu\/lt\/wp-json\/wp\/v2\/product_tag?post=546006"}],"curies":[{"name":"wp","href":"https:\/\/api.w.org\/{rel}","templated":true}]}}