{"id":545559,"date":"2025-09-05T18:15:43","date_gmt":"2025-09-05T15:15:43","guid":{"rendered":"https:\/\/staging.nbg.eu\/product\/kmr-baseball-cap\/"},"modified":"2025-10-01T10:41:02","modified_gmt":"2025-10-01T07:41:02","slug":"kmr-beisbolo-kepure","status":"publish","type":"product","link":"https:\/\/staging.nbg.eu\/lt\/produktas\/kmr-beisbolo-kepure\/","title":{"rendered":"KMR beisbolo kepur\u0117"},"content":{"rendered":"<h2>KMR beisbolo kepur\u0117<\/h2>\n<h2>Numeris: 0380-00501-0000<\/h2>\n<p>KMR Precision Arms beisbolo kepur\u0117. \u0160i kepur\u0117 yra patogi ir tinkama naudoti \u0161audykloje ar lauke. Ant jos yra KMR logotipas. Kepur\u0117 tinka \u0161auliams ir ginkl\u0173 entuziastams. Ji turi reguliuojam\u0105 dir\u017eel\u012f ir yra pagaminta i\u0161 kv\u0117puojan\u010dios med\u017eiagos. Tai KMR priedas.<\/p>\n","protected":false},"excerpt":{"rendered":"<p>KMR beisbolo kepur\u0117: Eleganti\u0161kas var\u017eybinis galvos apdangalas tiksliesiems \u0161auliams.<\/p>\n","protected":false},"featured_media":499070,"template":"","meta":{"_acf_changed":false},"product_brand":[],"product_cat":[13757],"product_tag":[],"class_list":{"0":"post-545559","1":"product","2":"type-product","3":"status-publish","4":"has-post-thumbnail","6":"product_cat-nekategorizuota","8":"first","9":"instock","10":"taxable","11":"shipping-taxable","12":"purchasable","13":"product-type-simple"},"acf":[],"_links":{"self":[{"href":"https:\/\/staging.nbg.eu\/lt\/wp-json\/wp\/v2\/product\/545559","targetHints":{"allow":["GET"]}}],"collection":[{"href":"https:\/\/staging.nbg.eu\/lt\/wp-json\/wp\/v2\/product"}],"about":[{"href":"https:\/\/staging.nbg.eu\/lt\/wp-json\/wp\/v2\/types\/product"}],"wp:featuredmedia":[{"embeddable":true,"href":"https:\/\/staging.nbg.eu\/lt\/wp-json\/wp\/v2\/media\/499070"}],"wp:attachment":[{"href":"https:\/\/staging.nbg.eu\/lt\/wp-json\/wp\/v2\/media?parent=545559"}],"wp:term":[{"taxonomy":"product_brand","embeddable":true,"href":"https:\/\/staging.nbg.eu\/lt\/wp-json\/wp\/v2\/product_brand?post=545559"},{"taxonomy":"product_cat","embeddable":true,"href":"https:\/\/staging.nbg.eu\/lt\/wp-json\/wp\/v2\/product_cat?post=545559"},{"taxonomy":"product_tag","embeddable":true,"href":"https:\/\/staging.nbg.eu\/lt\/wp-json\/wp\/v2\/product_tag?post=545559"}],"curies":[{"name":"wp","href":"https:\/\/api.w.org\/{rel}","templated":true}]}}