{"id":545375,"date":"2025-09-05T18:15:06","date_gmt":"2025-09-05T15:15:06","guid":{"rendered":"https:\/\/staging.nbg.eu\/product\/surefire-csp-09-weaponlight-switch\/"},"modified":"2025-10-01T10:33:08","modified_gmt":"2025-10-01T07:33:08","slug":"surefire-csp-09-ginklo-zibinto-jungiklis","status":"publish","type":"product","link":"https:\/\/staging.nbg.eu\/lt\/produktas\/surefire-csp-09-ginklo-zibinto-jungiklis\/","title":{"rendered":"Surefire CSP-09 ginklo \u017eibinto jungiklis"},"content":{"rendered":"<div class=\"product-description\">\n<h2>Surefire CSP-09 ginklo \u0161viesos jungiklis<\/h2>\n<h2>Picatinny tvirtinimo nuotolinis jungiklis ginklo \u0161viesoms<\/h2>\n<p>Surefire CSP-09 ginklo \u0161viesos jungiklis yra skirtas aktyvuoti bet kuri\u0105 SureFire ginklo \u0161vies\u0105 su jungiklio lizdu.<\/p>\n<h3>Pagrindin\u0117s savyb\u0117s:<\/h3>\n<ul>\n<li>Dviej\u0173 funkcij\u0173 jungiklis momentiniam ir nuolatiniam \u012fjungimui<\/li>\n<li>Tvirtinimas prie Picatinny b\u0117gelio<\/li>\n<li>Kompakti\u0161kas dizainas<\/li>\n<li>Pagamintas i\u0161 polimero<\/li>\n<li>9 coli\u0173 kabelis tinka daugumai \u0161autuv\u0173\/karabin\u0173<\/li>\n<\/ul>\n<p>CSP-09 veikia taip: lengvas paspaudimas &#8211; momentinis \u012fjungimas, pilnas paspaudimas &#8211; nuolatinis \u012fjungimas. Jungiklis tvirtinamas prie Picatinny b\u0117gelio be \u012franki\u0173.<\/p>\n<p>CSP-09 ginklo \u0161viesos jungiklis yra suderinamas su visomis SureFire ginklo \u0161viesomis, turin\u010diomis jungiklio lizd\u0105.<\/p>\n<\/div>\n","protected":false},"excerpt":{"rendered":"<p>Kompakti\u0161kas nuotolinio valdymo jungiklis SureFire ginkl\u0173 \u017eibintuv\u0117liams. Lengvai montuojamas ant Picatinny b\u0117gelio.<\/p>\n","protected":false},"featured_media":499047,"template":"","meta":{"_acf_changed":false},"product_brand":[],"product_cat":[13692,13732,13756],"product_tag":[],"class_list":{"0":"post-545375","1":"product","2":"type-product","3":"status-publish","4":"has-post-thumbnail","6":"product_cat-sautuvo-zibintuveliai","7":"product_cat-zibintuveliai","8":"product_cat-zibintuveliu-priedai","10":"first","11":"instock","12":"taxable","13":"shipping-taxable","14":"purchasable","15":"product-type-simple"},"acf":[],"_links":{"self":[{"href":"https:\/\/staging.nbg.eu\/lt\/wp-json\/wp\/v2\/product\/545375","targetHints":{"allow":["GET"]}}],"collection":[{"href":"https:\/\/staging.nbg.eu\/lt\/wp-json\/wp\/v2\/product"}],"about":[{"href":"https:\/\/staging.nbg.eu\/lt\/wp-json\/wp\/v2\/types\/product"}],"wp:featuredmedia":[{"embeddable":true,"href":"https:\/\/staging.nbg.eu\/lt\/wp-json\/wp\/v2\/media\/499047"}],"wp:attachment":[{"href":"https:\/\/staging.nbg.eu\/lt\/wp-json\/wp\/v2\/media?parent=545375"}],"wp:term":[{"taxonomy":"product_brand","embeddable":true,"href":"https:\/\/staging.nbg.eu\/lt\/wp-json\/wp\/v2\/product_brand?post=545375"},{"taxonomy":"product_cat","embeddable":true,"href":"https:\/\/staging.nbg.eu\/lt\/wp-json\/wp\/v2\/product_cat?post=545375"},{"taxonomy":"product_tag","embeddable":true,"href":"https:\/\/staging.nbg.eu\/lt\/wp-json\/wp\/v2\/product_tag?post=545375"}],"curies":[{"name":"wp","href":"https:\/\/api.w.org\/{rel}","templated":true}]}}