{"id":544902,"date":"2025-09-05T18:09:58","date_gmt":"2025-09-05T15:09:58","guid":{"rendered":"https:\/\/staging.nbg.eu\/product\/magpul-rubber-butt-pad-0-70\/"},"modified":"2025-10-01T10:15:59","modified_gmt":"2025-10-01T07:15:59","slug":"magpul-gumine-buoze-070","status":"publish","type":"product","link":"https:\/\/staging.nbg.eu\/lt\/produktas\/magpul-gumine-buoze-070\/","title":{"rendered":"Magpul &#8211; gumin\u0117 buo\u017ee &#8211; 0.70&#8243;"},"content":{"rendered":"<div class=\"product-description\">\n<h2>Magpul pagerintas guminis buo\u017e\u0117s padas &#8211; 0,70&#8243;<\/h2>\n<p>\u0160is papildomas 0,70&#8243; padas yra suderinamas su \u012fvairiais Magpul buo\u017e\u0117mis, \u012fskaitant CTR\u00ae, MOE\u00ae Carbine Mil-Spec, UBR\u00ae, STR\u00ae, ACS-L\u2122 ir ACS modelius.<\/p>\n<ul>\n<li>Pagerintas peties atramos ir atatrankos suma\u017einimas<\/li>\n<li>Storesnis, ventiliuojamas konstrukcija<\/li>\n<li>Pridedama visa tvirtinimo \u012franga<\/li>\n<li>Matmenys: 13 x 4 x 1,6 cm (apytiksliai)<\/li>\n<li>Svoris: 62 g (apytiksliai)<\/li>\n<li>Pagaminta JAV<\/li>\n<\/ul>\n<p><strong>Pastaba:<\/strong> Nesuderinama su MOE\u00ae fiksuota karbino buo\u017ee. Gali riboti visi\u0161k\u0105 Commercial MOE\u00ae\/CTR\u00ae buo\u017ei\u0173 sulankstym\u0105 d\u0117l pailginto, nuo\u017eulnaus galo.<\/p>\n<\/div>\n","protected":false},"excerpt":{"rendered":"<p>Patobulintas 0,70 colio (1,78 cm) guminis antgalis Magpul buo\u017e\u0117ms. Pagerintas stabilumas.<\/p>\n","protected":false},"featured_media":498953,"template":"","meta":{"_acf_changed":false},"product_brand":[11540],"product_cat":[13708],"product_tag":[],"class_list":{"0":"post-544902","1":"product","2":"type-product","3":"status-publish","4":"has-post-thumbnail","6":"product_brand-magpul","7":"product_cat-iranga","9":"first","10":"instock","11":"taxable","12":"shipping-taxable","13":"purchasable","14":"product-type-simple"},"acf":[],"_links":{"self":[{"href":"https:\/\/staging.nbg.eu\/lt\/wp-json\/wp\/v2\/product\/544902","targetHints":{"allow":["GET"]}}],"collection":[{"href":"https:\/\/staging.nbg.eu\/lt\/wp-json\/wp\/v2\/product"}],"about":[{"href":"https:\/\/staging.nbg.eu\/lt\/wp-json\/wp\/v2\/types\/product"}],"wp:featuredmedia":[{"embeddable":true,"href":"https:\/\/staging.nbg.eu\/lt\/wp-json\/wp\/v2\/media\/498953"}],"wp:attachment":[{"href":"https:\/\/staging.nbg.eu\/lt\/wp-json\/wp\/v2\/media?parent=544902"}],"wp:term":[{"taxonomy":"product_brand","embeddable":true,"href":"https:\/\/staging.nbg.eu\/lt\/wp-json\/wp\/v2\/product_brand?post=544902"},{"taxonomy":"product_cat","embeddable":true,"href":"https:\/\/staging.nbg.eu\/lt\/wp-json\/wp\/v2\/product_cat?post=544902"},{"taxonomy":"product_tag","embeddable":true,"href":"https:\/\/staging.nbg.eu\/lt\/wp-json\/wp\/v2\/product_tag?post=544902"}],"curies":[{"name":"wp","href":"https:\/\/api.w.org\/{rel}","templated":true}]}}