{"id":54384,"date":"2024-03-02T07:29:43","date_gmt":"2024-09-13T13:02:11","guid":{"rendered":"https:\/\/staging.nbg.eu\/product\/bore-tech-proof-positive-rifle-jag-multiple-calibers\/"},"modified":"2024-09-13T13:03:17","modified_gmt":"2024-09-13T13:03:17","slug":"bore-tech-proof-positive-sautuvo-antgalis-ivairius-kalibrai","status":"publish","type":"product","link":"https:\/\/staging.nbg.eu\/lt\/produktas\/bore-tech-proof-positive-sautuvo-antgalis-ivairius-kalibrai\/","title":{"rendered":"Bore Tech Proof-Positive Sautuvo Antgalis Ivairius Kalibrai"},"content":{"rendered":"<div class=\"product-description\">\n<h2>Bore Tech \u0161autuvo valymo antgalis (\u012evairiems kalibrams)<\/h2>\n<p>Bore Tech \u0161autuvo valymo antgaliai pagaminti i\u0161 specialaus lydinio be \u017ealvario. Jie yra saug\u016bs vamzd\u017eiui ir pasi\u017eymi dideliu tempimo stiprumu. Ypatyb\u0117s:<\/p>\n<ul>\n<li>Dvigubas 4 kontaktini\u0173 \u017eied\u0173 rinkinys geresniam valymui<\/li>\n<li>Tiksliai apdirbtas koncentriniam spaudimui<\/li>\n<li>Atbulinio k\u016bgio forma \u0161autuvo vamzd\u017eio apsaugai<\/li>\n<\/ul>\n<p>Skirtas efektyviam vamzd\u017ei\u0173 valymui.<\/p>\n<\/div>\n","protected":false},"excerpt":{"rendered":"<p>Naujovi\u0161ka \u0161autuvo valymo galvut\u0117 pa\u0161alina klaidingus vario u\u017eter\u0161imo po\u017eymius.<\/p>\n","protected":false},"featured_media":54385,"template":"","meta":{"_acf_changed":false},"product_brand":[11158],"product_cat":[13722,13749,13747],"product_tag":[],"class_list":{"0":"post-54384","1":"product","2":"type-product","3":"status-publish","4":"has-post-thumbnail","6":"product_brand-boretech","7":"product_cat-ginklu-valymas","8":"product_cat-sepeteliai","9":"product_cat-valymo-adatos","11":"first","12":"instock","13":"taxable","14":"shipping-taxable","15":"purchasable","16":"product-type-variable","17":"wvs-archive-product-wrapper"},"acf":[],"_links":{"self":[{"href":"https:\/\/staging.nbg.eu\/lt\/wp-json\/wp\/v2\/product\/54384","targetHints":{"allow":["GET"]}}],"collection":[{"href":"https:\/\/staging.nbg.eu\/lt\/wp-json\/wp\/v2\/product"}],"about":[{"href":"https:\/\/staging.nbg.eu\/lt\/wp-json\/wp\/v2\/types\/product"}],"wp:featuredmedia":[{"embeddable":true,"href":"https:\/\/staging.nbg.eu\/lt\/wp-json\/wp\/v2\/media\/54385"}],"wp:attachment":[{"href":"https:\/\/staging.nbg.eu\/lt\/wp-json\/wp\/v2\/media?parent=54384"}],"wp:term":[{"taxonomy":"product_brand","embeddable":true,"href":"https:\/\/staging.nbg.eu\/lt\/wp-json\/wp\/v2\/product_brand?post=54384"},{"taxonomy":"product_cat","embeddable":true,"href":"https:\/\/staging.nbg.eu\/lt\/wp-json\/wp\/v2\/product_cat?post=54384"},{"taxonomy":"product_tag","embeddable":true,"href":"https:\/\/staging.nbg.eu\/lt\/wp-json\/wp\/v2\/product_tag?post=54384"}],"curies":[{"name":"wp","href":"https:\/\/api.w.org\/{rel}","templated":true}]}}