{"id":541233,"date":"2025-09-05T18:09:57","date_gmt":"2025-09-05T15:09:57","guid":{"rendered":"https:\/\/staging.nbg.eu\/product\/ase-utra-borelock-30-338-muzzle-brake-5-8x24-unef\/"},"modified":"2025-09-30T17:55:30","modified_gmt":"2025-09-30T14:55:30","slug":"ase-utra-borelock-30338-duslintuvo-stabdys-58x24-unef","status":"publish","type":"product","link":"https:\/\/staging.nbg.eu\/lt\/produktas\/ase-utra-borelock-30338-duslintuvo-stabdys-58x24-unef\/","title":{"rendered":"ASE UTRA BoreLock .30\/.338 duslintuvo stabdys 5\/8&#8243;x24 UNEF"},"content":{"rendered":"<h2>ASE UTRA BoreLock .30\/.338 laibgalio stabdys 5\/8&#8243;x24 UNEF<\/h2>\n<p>ASE UTRA BoreLock .30\/.338 laibgalio stabdys (Kodas: 365P-AU761). Dviej\u0173 dali\u0173 konstrukcija u\u017etikrina saug\u0173, paprast\u0105 ir greit\u0105 montavim\u0105 be pover\u017eli\u0173 ar tarpikli\u0173, leid\u017eiant tiksliai sulygiuoti.<\/p>\n<h2>Pagrindin\u0117s savyb\u0117s:<\/h2>\n<ul>\n<li>Tinka .30 ir .338 kalibro \u0161autuvams<\/li>\n<li>5\/8&#8243;x24 UNEF sriegis<\/li>\n<li>Dviej\u0173 dali\u0173 BoreLock konstrukcija lengvam montavimui<\/li>\n<li>Nereikia pover\u017eli\u0173 ar tarpikli\u0173<\/li>\n<li>Tikslus sulygiavimas<\/li>\n<li>Ma\u017eina atatrank\u0105 ir vamzd\u017eio kilim\u0105<\/li>\n<\/ul>\n<p>ASE UTRA BoreLock laibgalio stabdys skirtas optimaliam veikimui ir paprastam naudojimui.<\/p>\n","protected":false},"excerpt":{"rendered":"<p>ASE UTRA BoreLock .30\/.338 laibgalio stabdis: Greitas, saugus montavimas, nereikia tarpikli\u0173.<\/p>\n","protected":false},"featured_media":498923,"template":"","meta":{"_acf_changed":false},"product_brand":[],"product_cat":[13741,13690,13694,13713],"product_tag":[],"class_list":{"0":"post-541233","1":"product","2":"type-product","3":"status-publish","4":"has-post-thumbnail","6":"product_cat-sautuvas","7":"product_cat-sautuvo-derinimas","8":"product_cat-sautuvo-slopintuvai","9":"product_cat-slopintuvo-priedai","11":"first","12":"instock","13":"taxable","14":"shipping-taxable","15":"purchasable","16":"product-type-simple"},"acf":[],"_links":{"self":[{"href":"https:\/\/staging.nbg.eu\/lt\/wp-json\/wp\/v2\/product\/541233","targetHints":{"allow":["GET"]}}],"collection":[{"href":"https:\/\/staging.nbg.eu\/lt\/wp-json\/wp\/v2\/product"}],"about":[{"href":"https:\/\/staging.nbg.eu\/lt\/wp-json\/wp\/v2\/types\/product"}],"wp:featuredmedia":[{"embeddable":true,"href":"https:\/\/staging.nbg.eu\/lt\/wp-json\/wp\/v2\/media\/498923"}],"wp:attachment":[{"href":"https:\/\/staging.nbg.eu\/lt\/wp-json\/wp\/v2\/media?parent=541233"}],"wp:term":[{"taxonomy":"product_brand","embeddable":true,"href":"https:\/\/staging.nbg.eu\/lt\/wp-json\/wp\/v2\/product_brand?post=541233"},{"taxonomy":"product_cat","embeddable":true,"href":"https:\/\/staging.nbg.eu\/lt\/wp-json\/wp\/v2\/product_cat?post=541233"},{"taxonomy":"product_tag","embeddable":true,"href":"https:\/\/staging.nbg.eu\/lt\/wp-json\/wp\/v2\/product_tag?post=541233"}],"curies":[{"name":"wp","href":"https:\/\/api.w.org\/{rel}","templated":true}]}}