{"id":54052,"date":"2024-03-02T10:05:47","date_gmt":"2024-09-13T12:58:07","guid":{"rendered":"https:\/\/staging.nbg.eu\/product\/bore-tech-proof-positive-shotgun-jag-12-16-20-ga\/"},"modified":"2024-09-13T12:59:04","modified_gmt":"2024-09-13T12:59:04","slug":"bore-tech-proof-positive-sratinio-sautuvo-antgalis-12-16-20-ga","status":"publish","type":"product","link":"https:\/\/staging.nbg.eu\/lt\/produktas\/bore-tech-proof-positive-sratinio-sautuvo-antgalis-12-16-20-ga\/","title":{"rendered":"Bore Tech Proof-Positive Sratinio Sautuvo Antgalis 12-16-20 GA"},"content":{"rendered":"<div class=\"product-description\">\n<h2>Bore Tech \u0161autuvo valymo antgalis (12\/16\/20 kalibro)<\/h2>\n<p>Bore Tech patentuotas valymo antgalis. Savyb\u0117s:<\/p>\n<ul>\n<li>4 lankst\u016bs lapeliai prisitaiko prie vamzd\u017eio<\/li>\n<li>Pagamintas i\u0161 nailono<\/li>\n<li>Suspaud\u017eiamas, kad tilpt\u0173 pro droselius<\/li>\n<li>Tinka standartiniams 5\/16-27 srieginiams strypams<\/li>\n<\/ul>\n<p>Skirtas \u0161autuvo prie\u017ei\u016brai. Naudingas \u0161autuvo savininkams.<\/p>\n<p><strong>Kaina: 14,99 \u20ac<\/strong><\/p>\n<\/div>\n","protected":false},"excerpt":{"rendered":"<p>Lankstus 4 lapeli\u0173 \u0161epet\u0117lis efektyviam \u0161autuvo valymui. Tinka naudoti su droseliniais susiaur\u0117jimais.<\/p>\n","protected":false},"featured_media":54053,"template":"","meta":{"_acf_changed":false},"product_brand":[11158],"product_cat":[13722,13749,13747],"product_tag":[],"class_list":{"0":"post-54052","1":"product","2":"type-product","3":"status-publish","4":"has-post-thumbnail","6":"product_brand-boretech","7":"product_cat-ginklu-valymas","8":"product_cat-sepeteliai","9":"product_cat-valymo-adatos","11":"first","12":"instock","13":"taxable","14":"shipping-taxable","15":"purchasable","16":"product-type-variable","17":"wvs-archive-product-wrapper"},"acf":[],"_links":{"self":[{"href":"https:\/\/staging.nbg.eu\/lt\/wp-json\/wp\/v2\/product\/54052","targetHints":{"allow":["GET"]}}],"collection":[{"href":"https:\/\/staging.nbg.eu\/lt\/wp-json\/wp\/v2\/product"}],"about":[{"href":"https:\/\/staging.nbg.eu\/lt\/wp-json\/wp\/v2\/types\/product"}],"wp:featuredmedia":[{"embeddable":true,"href":"https:\/\/staging.nbg.eu\/lt\/wp-json\/wp\/v2\/media\/54053"}],"wp:attachment":[{"href":"https:\/\/staging.nbg.eu\/lt\/wp-json\/wp\/v2\/media?parent=54052"}],"wp:term":[{"taxonomy":"product_brand","embeddable":true,"href":"https:\/\/staging.nbg.eu\/lt\/wp-json\/wp\/v2\/product_brand?post=54052"},{"taxonomy":"product_cat","embeddable":true,"href":"https:\/\/staging.nbg.eu\/lt\/wp-json\/wp\/v2\/product_cat?post=54052"},{"taxonomy":"product_tag","embeddable":true,"href":"https:\/\/staging.nbg.eu\/lt\/wp-json\/wp\/v2\/product_tag?post=54052"}],"curies":[{"name":"wp","href":"https:\/\/api.w.org\/{rel}","templated":true}]}}